{"id":54484,"date":"2023-05-24T17:55:58","date_gmt":"2023-05-24T17:55:58","guid":{"rendered":"https:\/\/skinstudio.ee\/?post_type=product&#038;p=54484"},"modified":"2026-04-01T12:07:14","modified_gmt":"2026-04-01T12:07:14","slug":"sunscreen-primer-spf-30","status":"publish","type":"product","link":"https:\/\/skinstudio.ee\/lt\/catalog\/zo-skin-health\/sunscreen-primer-spf-30\/","title":{"rendered":"Sunscreen + Primer SPF 30"},"content":{"rendered":"<p data-start=\"3957\" data-end=\"4211\"><strong data-start=\"3957\" data-end=\"3999\">Sunscreen + Primer SPF 30 nuo ZO\u00ae SKIN HEALTH<\/strong> &#8211; mineralini\u0173 filtr\u0173 kremas, u\u017etikrinantis efektyvi\u0105 plataus spektro apsaug\u0105 nuo UV spinduli\u0173. Priemon\u0117 sujungia apsaug\u0105 nuo saul\u0117s ir makia\u017eo pagrindo funkcij\u0105, sukurdama tolyg\u0173 padengim\u0105 ir apsaugin\u012f sluoksn\u012f.<\/p>\n<p data-start=\"4213\" data-end=\"4411\">Formul\u0117 u\u017etikrina patog\u0173 naudojim\u0105 ir tinka kasdieniam naudojimui, padedant i\u0161laikyti tolygesn\u012f ton\u0105 ir pri\u017ei\u016br\u0117t\u0105 i\u0161vaizd\u0105. \u201eDu viename\u201c formatas palengvina prie\u017ei\u016br\u0105 ir suteikia ilgalaik\u0119 apsaug\u0105.<\/p>\n<p data-start=\"4413\" data-end=\"4454\"><strong data-start=\"4413\" data-end=\"4454\">Kaip veikia pagrindiniai komponentai:<\/strong><\/p>\n<ul data-start=\"4456\" data-end=\"4680\">\n<li data-start=\"4456\" data-end=\"4539\">\n<p data-start=\"4458\" data-end=\"4539\"><strong data-start=\"4458\" data-end=\"4492\">Titanium Dioxide + Zinc Oxide:<\/strong> u\u017etikrina plataus spektro UVA ir UVB apsaug\u0105<\/p>\n<\/li>\n<li data-start=\"4540\" data-end=\"4602\">\n<p data-start=\"4542\" data-end=\"4602\"><strong data-start=\"4542\" data-end=\"4567\">Fractionated Melanin:<\/strong> padeda apsaugoti nuo HEV \u0161viesos<\/p>\n<\/li>\n<li data-start=\"4603\" data-end=\"4680\">\n<p data-start=\"4605\" data-end=\"4680\"><strong data-start=\"4605\" data-end=\"4648\">Antioxidant complex (Vitamins A, C, E):<\/strong> suteikia antioksidacin\u0119 apsaug\u0105<\/p>\n<\/li>\n<\/ul>\n<p data-start=\"4682\" data-end=\"4736\"><strong data-start=\"4682\" data-end=\"4715\">Kam tinka Sunscreen + Primer:<\/strong> visiems odos tipams.<\/p>\n<p data-start=\"4738\" data-end=\"4762\"><strong data-start=\"4738\" data-end=\"4748\">T\u016bris:<\/strong> 30 ml<\/p>\n","protected":false},"excerpt":{"rendered":"<p data-start=\"4861\" data-end=\"4884\">Apsauginis SPF primeris<\/p>\n<h2 data-start=\"4886\" data-end=\"4934\"><strong data-start=\"4886\" data-end=\"4934\">ZO\u00ae SKIN HEALTH &#8211; Sunscreen + Primer SPF 30 savyb\u0117s<\/strong><\/h2>\n<p data-start=\"4936\" data-end=\"5108\">\u2714\ufe0f U\u017etikrina plataus spektro apsaug\u0105<br data-start=\"4972\" data-end=\"4975\" \/>\u2714\ufe0f Apsaugo nuo UVA, UVB ir HEV<br data-start=\"5005\" data-end=\"5008\" \/>\u2714\ufe0f Suteikia antioksidacin\u0119 apsaug\u0105<br data-start=\"5042\" data-end=\"5045\" \/>\u2714\ufe0f Suvienodina ton\u0105 ir pavir\u0161i\u0173<br data-start=\"5076\" data-end=\"5079\" \/>\u2714\ufe0f Stiprina apsaugin\u012f barjer\u0105<\/p>\n","protected":false},"featured_media":81850,"template":"","meta":[],"pwb-brand":[1187],"product_brand":[],"product_cat":[746,771,732,748,754],"product_tag":[],"giftcard-category":[],"class_list":{"0":"post-54484","1":"product","2":"type-product","3":"status-publish","4":"has-post-thumbnail","6":"pwb-brand-zo-skin-health","7":"product_cat-jautriai-odai","8":"product_cat-makiazas","9":"product_cat-spf-apsauga","10":"product_cat-taukainai-adai-lt","11":"product_cat-travel-size-lt","13":"first","14":"instock","15":"sale","16":"taxable","17":"shipping-taxable","18":"purchasable","19":"product-type-simple"},"acf":[],"brands":[{"id":1187,"name":"ZO\u00ae SKIN HEALTH","slug":"zo-skin-health"}],"_links":{"self":[{"href":"https:\/\/skinstudio.ee\/lt\/wp-json\/wp\/v2\/product\/54484","targetHints":{"allow":["GET"]}}],"collection":[{"href":"https:\/\/skinstudio.ee\/lt\/wp-json\/wp\/v2\/product"}],"about":[{"href":"https:\/\/skinstudio.ee\/lt\/wp-json\/wp\/v2\/types\/product"}],"version-history":[{"count":3,"href":"https:\/\/skinstudio.ee\/lt\/wp-json\/wp\/v2\/product\/54484\/revisions"}],"predecessor-version":[{"id":89132,"href":"https:\/\/skinstudio.ee\/lt\/wp-json\/wp\/v2\/product\/54484\/revisions\/89132"}],"wp:featuredmedia":[{"embeddable":true,"href":"https:\/\/skinstudio.ee\/lt\/wp-json\/wp\/v2\/media\/81850"}],"wp:attachment":[{"href":"https:\/\/skinstudio.ee\/lt\/wp-json\/wp\/v2\/media?parent=54484"}],"wp:term":[{"taxonomy":"pwb-brand","embeddable":true,"href":"https:\/\/skinstudio.ee\/lt\/wp-json\/wp\/v2\/pwb-brand?post=54484"},{"taxonomy":"product_brand","embeddable":true,"href":"https:\/\/skinstudio.ee\/lt\/wp-json\/wp\/v2\/product_brand?post=54484"},{"taxonomy":"product_cat","embeddable":true,"href":"https:\/\/skinstudio.ee\/lt\/wp-json\/wp\/v2\/product_cat?post=54484"},{"taxonomy":"product_tag","embeddable":true,"href":"https:\/\/skinstudio.ee\/lt\/wp-json\/wp\/v2\/product_tag?post=54484"},{"taxonomy":"giftcard-category","embeddable":true,"href":"https:\/\/skinstudio.ee\/lt\/wp-json\/wp\/v2\/giftcard-category?post=54484"}],"curies":[{"name":"wp","href":"https:\/\/api.w.org\/{rel}","templated":true}]}}