{"id":54508,"date":"2023-05-24T17:55:53","date_gmt":"2023-05-24T17:55:53","guid":{"rendered":"https:\/\/skinstudio.ee\/?post_type=product&#038;p=54508"},"modified":"2026-04-01T12:26:26","modified_gmt":"2026-04-01T12:26:26","slug":"complexion-renewal-pads","status":"publish","type":"product","link":"https:\/\/skinstudio.ee\/lt\/catalog\/zo-skin-health\/complexion-renewal-pads\/","title":{"rendered":"Complexion Renewal Pads"},"content":{"rendered":"<p data-start=\"4971\" data-end=\"5290\"><strong data-start=\"4971\" data-end=\"5018\">Complexion Renewal Pads nuo ZO\u00ae SKIN HEALTH<\/strong> &#8211; atnaujinan\u010dios pagalv\u0117l\u0117s aknei linkusios odos prie\u017ei\u016brai, perteklinio sebumo ma\u017einimui ir por\u0173 \u0161varos palaikymui. Formul\u0117 sujungia chemin\u012f \u0161veitim\u0105 ir sebum\u0105 reguliuojant\u012f poveik\u012f, pad\u0117dama valyti odos pavir\u0161i\u0173, ma\u017einti matom\u0105 u\u017edegim\u0105 ir palaikyti tolygesn\u0119 i\u0161vaizd\u0105.<\/p>\n<p data-start=\"5292\" data-end=\"5606\">Pagalv\u0117l\u0117s veikia kaip kasdien\u0117 ekspresin\u0117 priemon\u0117, padedanti \u0161velniai pa\u0161alinti negyvas l\u0105steles, ne\u0161varumus ir perteklin\u012f sebum\u0105. Reguliarus naudojimas padeda gerinti odos tekst\u016br\u0105, vizualiai suma\u017einti rieb\u0173 blizges\u012f ir palaikyti \u0161varesnes poras. Patogi forma leid\u017eia greitai atgaivinti od\u0105 be papildomo valymo.<\/p>\n<p data-start=\"5608\" data-end=\"5736\">Formul\u0117 padeda palaikyti odos balans\u0105, suma\u017einti nauj\u0173 b\u0117rim\u0173 atsiradimo tikimyb\u0119 ir palaiko mati\u0161kesn\u0119 bei pri\u017ei\u016br\u0117t\u0105 i\u0161vaizd\u0105.<\/p>\n<p data-start=\"5738\" data-end=\"5779\"><strong data-start=\"5738\" data-end=\"5779\">Kaip veikia pagrindiniai komponentai?<\/strong><\/p>\n<ul data-start=\"5781\" data-end=\"6072\">\n<li data-start=\"5781\" data-end=\"5882\">\n<p data-start=\"5783\" data-end=\"5882\"><strong data-start=\"5783\" data-end=\"5804\">Salicylic Acid 2%<\/strong> &#8211; u\u017etikrina chemin\u012f \u0161veitim\u0105, padeda valyti poras ir ma\u017einti akn\u0117s po\u017eymius<\/p>\n<\/li>\n<li data-start=\"5883\" data-end=\"5969\">\n<p data-start=\"5885\" data-end=\"5969\"><strong data-start=\"5885\" data-end=\"5902\">Glycolic Acid<\/strong> &#8211; skatina pavir\u0161iaus atsinaujinim\u0105 ir negyv\u0173 l\u0105steli\u0173 pa\u0161alinim\u0105<\/p>\n<\/li>\n<li data-start=\"5970\" data-end=\"6072\">\n<p data-start=\"5972\" data-end=\"6072\"><strong data-start=\"5972\" data-end=\"6001\">Botanical Extract Complex<\/strong> &#8211; suteikia antioksidacin\u012f poveik\u012f, padeda raminti ir ma\u017einti paraudim\u0105<\/p>\n<\/li>\n<\/ul>\n<p data-start=\"6074\" data-end=\"6188\"><strong data-start=\"6074\" data-end=\"6112\">Kam tinka Complexion Renewal Pads:<\/strong> riebi ir mi\u0161ri oda, \u012f akn\u0119 linkusi oda ir oda su padid\u0117jusia sebumo gamyba.<\/p>\n<p data-start=\"6193\" data-end=\"6219\"><strong data-start=\"6193\" data-end=\"6203\">T\u016bris:<\/strong> 30 vnt \/ 60 vnt<\/p>\n","protected":false},"excerpt":{"rendered":"<p data-start=\"6289\" data-end=\"6337\">Pagalv\u0117l\u0117s aknei linkusios veido odos prie\u017ei\u016brai<\/p>\n<h2 data-start=\"6339\" data-end=\"6392\"><strong data-start=\"6339\" data-end=\"6392\">ZO\u00ae SKIN HEALTH &#8211; Complexion Renewal Pads Savyb\u0117s<\/strong><\/h2>\n<p data-start=\"6394\" data-end=\"6581\">\u2714\ufe0f Valo poras ir pa\u0161alina ne\u0161varumus<br data-start=\"6430\" data-end=\"6433\" \/>\u2714\ufe0f Reguliuoja perteklin\u0119 sebumo gamyb\u0105<br data-start=\"6471\" data-end=\"6474\" \/>\u2714\ufe0f Suteikia antibakterin\u012f poveik\u012f<br data-start=\"6507\" data-end=\"6510\" \/>\u2714\ufe0f Matizuoja pavir\u0161i\u0173 ir ma\u017eina blizges\u012f<br data-start=\"6550\" data-end=\"6553\" \/>\u2714\ufe0f Palaiko \u0161varesn\u0119 i\u0161vaizd\u0105<\/p>\n","protected":false},"featured_media":81895,"template":"","meta":[],"pwb-brand":[1187],"product_brand":[],"product_cat":[742,744,752,748,722,754],"product_tag":[],"giftcard-category":[],"class_list":{"0":"post-54508","1":"product","2":"type-product","3":"status-publish","4":"has-post-thumbnail","6":"pwb-brand-zo-skin-health","7":"product_cat-berimai","8":"product_cat-issipletusios-poros","9":"product_cat-pigmentacija-lt","10":"product_cat-taukainai-adai-lt","11":"product_cat-toneriai","12":"product_cat-travel-size-lt","13":"pa_suurus-30pc-lt","14":"pa_suurus-60pc-lt","16":"first","17":"instock","18":"sale","19":"taxable","20":"shipping-taxable","21":"purchasable","22":"product-type-variable"},"acf":[],"brands":[{"id":1187,"name":"ZO\u00ae SKIN HEALTH","slug":"zo-skin-health"}],"_links":{"self":[{"href":"https:\/\/skinstudio.ee\/lt\/wp-json\/wp\/v2\/product\/54508","targetHints":{"allow":["GET"]}}],"collection":[{"href":"https:\/\/skinstudio.ee\/lt\/wp-json\/wp\/v2\/product"}],"about":[{"href":"https:\/\/skinstudio.ee\/lt\/wp-json\/wp\/v2\/types\/product"}],"version-history":[{"count":3,"href":"https:\/\/skinstudio.ee\/lt\/wp-json\/wp\/v2\/product\/54508\/revisions"}],"predecessor-version":[{"id":89242,"href":"https:\/\/skinstudio.ee\/lt\/wp-json\/wp\/v2\/product\/54508\/revisions\/89242"}],"wp:featuredmedia":[{"embeddable":true,"href":"https:\/\/skinstudio.ee\/lt\/wp-json\/wp\/v2\/media\/81895"}],"wp:attachment":[{"href":"https:\/\/skinstudio.ee\/lt\/wp-json\/wp\/v2\/media?parent=54508"}],"wp:term":[{"taxonomy":"pwb-brand","embeddable":true,"href":"https:\/\/skinstudio.ee\/lt\/wp-json\/wp\/v2\/pwb-brand?post=54508"},{"taxonomy":"product_brand","embeddable":true,"href":"https:\/\/skinstudio.ee\/lt\/wp-json\/wp\/v2\/product_brand?post=54508"},{"taxonomy":"product_cat","embeddable":true,"href":"https:\/\/skinstudio.ee\/lt\/wp-json\/wp\/v2\/product_cat?post=54508"},{"taxonomy":"product_tag","embeddable":true,"href":"https:\/\/skinstudio.ee\/lt\/wp-json\/wp\/v2\/product_tag?post=54508"},{"taxonomy":"giftcard-category","embeddable":true,"href":"https:\/\/skinstudio.ee\/lt\/wp-json\/wp\/v2\/giftcard-category?post=54508"}],"curies":[{"name":"wp","href":"https:\/\/api.w.org\/{rel}","templated":true}]}}