{"id":54526,"date":"2023-05-24T17:55:53","date_gmt":"2023-05-24T17:55:53","guid":{"rendered":"https:\/\/skinstudio.ee\/?post_type=product&#038;p=54526"},"modified":"2026-04-01T12:19:46","modified_gmt":"2026-04-01T12:19:46","slug":"exfoliating-cleanser-2","status":"publish","type":"product","link":"https:\/\/skinstudio.ee\/lt\/catalog\/zo-skin-health\/exfoliating-cleanser-2\/","title":{"rendered":"Exfoliating Cleanser"},"content":{"rendered":"<p data-start=\"4657\" data-end=\"4990\"><strong data-start=\"4657\" data-end=\"4701\">Exfoliating Cleanser nuo ZO\u00ae SKIN HEALTH<\/strong> &#8211; \u0161vei\u010diamojo poveikio valomasis gelis, skirtas reguliariam giliam valymui ir odos tekst\u016bros gerinimui. Formul\u0117 sujungia mechanin\u012f ir chemin\u012f pavir\u0161iaus atsinaujinim\u0105, pad\u0117dama pa\u0161alinti ne\u0161varumus, perteklin\u012f sebum\u0105 ir negyvas odos l\u0105steles, palaikant \u0161varesn\u0119 ir pri\u017ei\u016br\u0117tesn\u0119 i\u0161vaizd\u0105.<\/p>\n<p data-start=\"4992\" data-end=\"5334\">Produktas padeda normalizuoti sebumo veikl\u0105, ma\u017einti matomus netobulumus ir palaikyti lygesn\u012f odos pavir\u0161i\u0173. Lengva gelin\u0117 tekst\u016bra u\u017etikrina efektyv\u0173 valym\u0105 be sunkumo poj\u016b\u010dio, padeda palaikyti odos balans\u0105 ir paruo\u0161ia j\u0105 tolimesnei prie\u017ei\u016brai. Reguliarus naudojimas padeda gerinti tekst\u016br\u0105, ma\u017einti blankum\u0105 ir gerinti bendr\u0105 odos i\u0161vaizd\u0105.<\/p>\n<p data-start=\"5336\" data-end=\"5377\"><strong data-start=\"5336\" data-end=\"5377\">Kaip veikia pagrindiniai komponentai?<\/strong><\/p>\n<ul data-start=\"5379\" data-end=\"5633\">\n<li data-start=\"5379\" data-end=\"5466\">\n<p data-start=\"5381\" data-end=\"5466\"><strong data-start=\"5381\" data-end=\"5398\">Jojoba Esters<\/strong> &#8211; \u0161velniai eksfolijuoja negyvas l\u0105steles ir skatina atsinaujinim\u0105<\/p>\n<\/li>\n<li data-start=\"5467\" data-end=\"5538\">\n<p data-start=\"5469\" data-end=\"5538\"><strong data-start=\"5469\" data-end=\"5487\">Salicylic Acid<\/strong> &#8211; giliai valo poras ir suteikia chemin\u012f \u0161veitim\u0105<\/p>\n<\/li>\n<li data-start=\"5539\" data-end=\"5633\">\n<p data-start=\"5541\" data-end=\"5633\"><strong data-start=\"5541\" data-end=\"5567\">Encapsulated Vitamin E<\/strong> &#8211; suteikia antioksidacin\u012f poveik\u012f ir palaiko apsaugines funkcijas<\/p>\n<\/li>\n<\/ul>\n<p data-start=\"5635\" data-end=\"5722\"><strong data-start=\"5635\" data-end=\"5670\">Kam tinka Exfoliating Cleanser:<\/strong> normali, mi\u0161ri ir riebi oda, linkusi \u012f netobulumus.<\/p>\n<p data-start=\"5727\" data-end=\"5752\"><strong data-start=\"5727\" data-end=\"5737\">T\u016bris:<\/strong> 60 ml \/ 200 ml<\/p>\n","protected":false},"excerpt":{"rendered":"<p data-start=\"5921\" data-end=\"5958\">\u0160velniai \u0161vei\u010diamasis valomasis gelis<\/p>\n<h2 data-start=\"5960\" data-end=\"6010\"><strong data-start=\"5960\" data-end=\"6010\">ZO\u00ae SKIN HEALTH &#8211; Exfoliating Cleanser Savyb\u0117s<\/strong><\/h2>\n<p data-start=\"6012\" data-end=\"6186\">\u2714\ufe0f Giliai valo ir atnaujina pavir\u0161i\u0173<br data-start=\"6048\" data-end=\"6051\" \/>\u2714\ufe0f Pa\u0161alina sebum\u0105 ir ne\u0161varumus<br data-start=\"6083\" data-end=\"6086\" \/>\u2714\ufe0f \u0160velniai eksfolijuoja negyvas l\u0105steles<br data-start=\"6127\" data-end=\"6130\" \/>\u2714\ufe0f Palaiko lygesn\u0119 tekst\u016br\u0105<br data-start=\"6157\" data-end=\"6160\" \/>\u2714\ufe0f Paruo\u0161ia od\u0105 prie\u017ei\u016brai<\/p>\n","protected":false},"featured_media":81880,"template":"","meta":[],"pwb-brand":[1187],"product_brand":[],"product_cat":[742,744,748,754,718],"product_tag":[],"giftcard-category":[],"class_list":{"0":"post-54526","1":"product","2":"type-product","3":"status-publish","4":"has-post-thumbnail","6":"pwb-brand-zo-skin-health","7":"product_cat-berimai","8":"product_cat-issipletusios-poros","9":"product_cat-taukainai-adai-lt","10":"product_cat-travel-size-lt","11":"product_cat-valymas","12":"pa_suurus-200ml-lt","13":"pa_suurus-60ml-lt","15":"first","16":"instock","17":"sale","18":"taxable","19":"shipping-taxable","20":"purchasable","21":"product-type-variable"},"acf":[],"brands":[{"id":1187,"name":"ZO\u00ae SKIN HEALTH","slug":"zo-skin-health"}],"_links":{"self":[{"href":"https:\/\/skinstudio.ee\/lt\/wp-json\/wp\/v2\/product\/54526","targetHints":{"allow":["GET"]}}],"collection":[{"href":"https:\/\/skinstudio.ee\/lt\/wp-json\/wp\/v2\/product"}],"about":[{"href":"https:\/\/skinstudio.ee\/lt\/wp-json\/wp\/v2\/types\/product"}],"version-history":[{"count":3,"href":"https:\/\/skinstudio.ee\/lt\/wp-json\/wp\/v2\/product\/54526\/revisions"}],"predecessor-version":[{"id":89202,"href":"https:\/\/skinstudio.ee\/lt\/wp-json\/wp\/v2\/product\/54526\/revisions\/89202"}],"wp:featuredmedia":[{"embeddable":true,"href":"https:\/\/skinstudio.ee\/lt\/wp-json\/wp\/v2\/media\/81880"}],"wp:attachment":[{"href":"https:\/\/skinstudio.ee\/lt\/wp-json\/wp\/v2\/media?parent=54526"}],"wp:term":[{"taxonomy":"pwb-brand","embeddable":true,"href":"https:\/\/skinstudio.ee\/lt\/wp-json\/wp\/v2\/pwb-brand?post=54526"},{"taxonomy":"product_brand","embeddable":true,"href":"https:\/\/skinstudio.ee\/lt\/wp-json\/wp\/v2\/product_brand?post=54526"},{"taxonomy":"product_cat","embeddable":true,"href":"https:\/\/skinstudio.ee\/lt\/wp-json\/wp\/v2\/product_cat?post=54526"},{"taxonomy":"product_tag","embeddable":true,"href":"https:\/\/skinstudio.ee\/lt\/wp-json\/wp\/v2\/product_tag?post=54526"},{"taxonomy":"giftcard-category","embeddable":true,"href":"https:\/\/skinstudio.ee\/lt\/wp-json\/wp\/v2\/giftcard-category?post=54526"}],"curies":[{"name":"wp","href":"https:\/\/api.w.org\/{rel}","templated":true}]}}