{"id":54543,"date":"2023-05-24T17:55:53","date_gmt":"2023-05-24T17:55:53","guid":{"rendered":"https:\/\/skinstudio.ee\/?post_type=product&#038;p=54543"},"modified":"2026-04-01T12:26:11","modified_gmt":"2026-04-01T12:26:11","slug":"exfoliating-polish","status":"publish","type":"product","link":"https:\/\/skinstudio.ee\/lt\/catalog\/zo-skin-health\/exfoliating-polish\/","title":{"rendered":"Exfoliating Polish"},"content":{"rendered":"<p data-start=\"5267\" data-end=\"5556\"><strong data-start=\"5267\" data-end=\"5309\">Exfoliating Polish nuo ZO\u00ae SKIN HEALTH<\/strong> &#8211; \u0161vei\u010diamojo poveikio priemon\u0117, skirta \u0161velniam odos pavir\u0161iaus atnaujinimui ir tekst\u016bros gerinimui. Formul\u0117 sujungia mechanin\u012f ir antioksidacin\u012f poveik\u012f, pad\u0117dama pa\u0161alinti negyvas odos l\u0105steles, suvienodinti ton\u0105 ir suteikti gaivesn\u0119 i\u0161vaizd\u0105.<\/p>\n<p data-start=\"5558\" data-end=\"5909\">Ypa\u010d smulk\u016bs magnio oksido kristalai u\u017etikrina \u0161veln\u0173, ta\u010diau efektyv\u0173 poliravim\u0105, padedant\u012f pagreitinti epidermio atsinaujinim\u0105 be per didelio agresyvumo. Produktas palaiko odos glotnum\u0105, pagerina \u0161vyt\u0117jim\u0105 ir paruo\u0161ia od\u0105 tolimesnei prie\u017ei\u016brai. Antioksidacinis vitamin\u0173 kompleksas padeda apsaugoti nuo aplinkos poveikio ir palaiko apsaugin\u012f barjer\u0105.<\/p>\n<p data-start=\"5911\" data-end=\"6061\">Reguliarus naudojimas padeda vizualiai i\u0161lyginti tekst\u016br\u0105, suma\u017einti blankum\u0105 ir pagerinti bendr\u0105 odos i\u0161vaizd\u0105, i\u0161laikant komfort\u0105 net jautriai odai.<\/p>\n<p data-start=\"6063\" data-end=\"6104\"><strong data-start=\"6063\" data-end=\"6104\">Kaip veikia pagrindiniai komponentai?<\/strong><\/p>\n<ul data-start=\"6106\" data-end=\"6393\">\n<li data-start=\"6106\" data-end=\"6220\">\n<p data-start=\"6108\" data-end=\"6220\"><strong data-start=\"6108\" data-end=\"6136\">Magnesium Oxide Crystals<\/strong> &#8211; \u0161velniai poliruoja pavir\u0161i\u0173, pa\u0161alina negyvas l\u0105steles ir skatina atsinaujinim\u0105<\/p>\n<\/li>\n<li data-start=\"6221\" data-end=\"6308\">\n<p data-start=\"6223\" data-end=\"6308\"><strong data-start=\"6223\" data-end=\"6243\">Vitamins A, C, E<\/strong> &#8211; suteikia antioksidacin\u0119 apsaug\u0105 ir palaiko apsaugin\u012f barjer\u0105<\/p>\n<\/li>\n<li data-start=\"6309\" data-end=\"6393\">\n<p data-start=\"6311\" data-end=\"6393\"><strong data-start=\"6311\" data-end=\"6328\">Linoleic Acid<\/strong> &#8211; padeda palaikyti balans\u0105 ir pasi\u017eymi antibakteriniu poveikiu<\/p>\n<\/li>\n<\/ul>\n<p data-start=\"6395\" data-end=\"6483\"><strong data-start=\"6395\" data-end=\"6428\">Kam tinka Exfoliating Polish:<\/strong> visiems odos tipams, \u012fskaitant jautri\u0105 ir blanki\u0105 od\u0105.<\/p>\n<p data-start=\"6488\" data-end=\"6512\"><strong data-start=\"6488\" data-end=\"6498\">T\u016bris:<\/strong> 16,2 g \/ 65 g<\/p>\n","protected":false},"excerpt":{"rendered":"<p data-start=\"6732\" data-end=\"6774\">\u0160vei\u010diamasis veido poliruojantis produktas<\/p>\n<h2 data-start=\"6776\" data-end=\"6824\"><strong data-start=\"6776\" data-end=\"6824\">ZO\u00ae SKIN HEALTH &#8211; Exfoliating Polish Savyb\u0117s<\/strong><\/h2>\n<p data-start=\"6826\" data-end=\"7006\">\u2714\ufe0f Poliruoja pavir\u0161i\u0173 ir glotnina tekst\u016br\u0105<br data-start=\"6868\" data-end=\"6871\" \/>\u2714\ufe0f Pa\u0161alina negyvas l\u0105steles ir valo<br data-start=\"6907\" data-end=\"6910\" \/>\u2714\ufe0f Didina \u0161vyt\u0117jim\u0105 ir glotnum\u0105<br data-start=\"6941\" data-end=\"6944\" \/>\u2714\ufe0f Palaiko antioksidacin\u0119 apsaug\u0105<br data-start=\"6977\" data-end=\"6980\" \/>\u2714\ufe0f Paruo\u0161ia od\u0105 prie\u017ei\u016brai<\/p>\n","protected":false},"featured_media":81885,"template":"","meta":[],"pwb-brand":[1187],"product_brand":[],"product_cat":[742,744,746,752,740,720,748,754],"product_tag":[],"giftcard-category":[],"class_list":{"0":"post-54543","1":"product","2":"type-product","3":"status-publish","4":"has-post-thumbnail","6":"pwb-brand-zo-skin-health","7":"product_cat-berimai","8":"product_cat-issipletusios-poros","9":"product_cat-jautriai-odai","10":"product_cat-pigmentacija-lt","11":"product_cat-sausai-odai","12":"product_cat-sveitikliai-ir-pilingai","13":"product_cat-taukainai-adai-lt","14":"product_cat-travel-size-lt","15":"pa_suurus-16-2g-lt","16":"pa_suurus-65g-lt","18":"first","19":"instock","20":"sale","21":"taxable","22":"shipping-taxable","23":"purchasable","24":"product-type-variable"},"acf":[],"brands":[{"id":1187,"name":"ZO\u00ae SKIN HEALTH","slug":"zo-skin-health"}],"_links":{"self":[{"href":"https:\/\/skinstudio.ee\/lt\/wp-json\/wp\/v2\/product\/54543","targetHints":{"allow":["GET"]}}],"collection":[{"href":"https:\/\/skinstudio.ee\/lt\/wp-json\/wp\/v2\/product"}],"about":[{"href":"https:\/\/skinstudio.ee\/lt\/wp-json\/wp\/v2\/types\/product"}],"version-history":[{"count":3,"href":"https:\/\/skinstudio.ee\/lt\/wp-json\/wp\/v2\/product\/54543\/revisions"}],"predecessor-version":[{"id":89240,"href":"https:\/\/skinstudio.ee\/lt\/wp-json\/wp\/v2\/product\/54543\/revisions\/89240"}],"wp:featuredmedia":[{"embeddable":true,"href":"https:\/\/skinstudio.ee\/lt\/wp-json\/wp\/v2\/media\/81885"}],"wp:attachment":[{"href":"https:\/\/skinstudio.ee\/lt\/wp-json\/wp\/v2\/media?parent=54543"}],"wp:term":[{"taxonomy":"pwb-brand","embeddable":true,"href":"https:\/\/skinstudio.ee\/lt\/wp-json\/wp\/v2\/pwb-brand?post=54543"},{"taxonomy":"product_brand","embeddable":true,"href":"https:\/\/skinstudio.ee\/lt\/wp-json\/wp\/v2\/product_brand?post=54543"},{"taxonomy":"product_cat","embeddable":true,"href":"https:\/\/skinstudio.ee\/lt\/wp-json\/wp\/v2\/product_cat?post=54543"},{"taxonomy":"product_tag","embeddable":true,"href":"https:\/\/skinstudio.ee\/lt\/wp-json\/wp\/v2\/product_tag?post=54543"},{"taxonomy":"giftcard-category","embeddable":true,"href":"https:\/\/skinstudio.ee\/lt\/wp-json\/wp\/v2\/giftcard-category?post=54543"}],"curies":[{"name":"wp","href":"https:\/\/api.w.org\/{rel}","templated":true}]}}