{"id":54584,"date":"2023-05-24T17:55:54","date_gmt":"2023-05-24T17:55:54","guid":{"rendered":"https:\/\/skinstudio.ee\/?post_type=product&#038;p=54584"},"modified":"2026-04-01T12:19:07","modified_gmt":"2026-04-01T12:19:07","slug":"10-vitamin-c-self-activating","status":"publish","type":"product","link":"https:\/\/skinstudio.ee\/lt\/catalog\/zo-skin-health\/10-vitamin-c-self-activating\/","title":{"rendered":"10% Vitamin C Self-Activating"},"content":{"rendered":"<p data-start=\"4674\" data-end=\"4992\"><strong data-start=\"4674\" data-end=\"4727\">10% Vitamin C Self-Activating nuo ZO\u00ae SKIN HEALTH<\/strong> &#8211; didel\u0117s koncentracijos serumas su 10% stabilizuoto vitamino C, skirtas hiperpigmentacijos korekcijai, odos tono suvienodinimui ir antioksidacinei apsaugai. Bevanden\u0117 formul\u0117 aktyvuojasi susilietus su odos dr\u0117gme ir u\u017etikrina palaipsn\u012f aktyvi\u0173j\u0173 med\u017eiag\u0173 veikim\u0105.<\/p>\n<p data-start=\"4994\" data-end=\"5242\">Didel\u0117 askorbo r\u016bg\u0161ties koncentracija padeda skatinti odos atsinaujinim\u0105, ma\u017einti pigmentacijos matomum\u0105 ir fotopa\u017eeidim\u0173 po\u017eymius. Formul\u0117 gerina odos tekst\u016br\u0105, padeda pasiekti tolygesn\u012f ir skaistesn\u012f odos vaizd\u0105 bei stiprina apsaugines funkcijas.<\/p>\n<p data-start=\"5244\" data-end=\"5349\">Reguliarus naudojimas padeda i\u0161gauti tolygesn\u012f odos ton\u0105, glotnesn\u0119 tekst\u016br\u0105 ir gaivesn\u0119 bendr\u0105 i\u0161vaizd\u0105.<\/p>\n<p data-start=\"5351\" data-end=\"5400\"><strong data-start=\"5351\" data-end=\"5400\">Kaip veikia pagrindiniai aktyv\u016bs komponentai?<\/strong><\/p>\n<ul data-start=\"5402\" data-end=\"5637\">\n<li data-start=\"5402\" data-end=\"5481\">\n<p data-start=\"5404\" data-end=\"5481\"><strong data-start=\"5404\" data-end=\"5427\">Ascorbic Acid (10%)<\/strong> &#8211; skatina pavir\u0161iaus atsinaujinim\u0105 ir \u0161viesina ton\u0105<\/p>\n<\/li>\n<li data-start=\"5482\" data-end=\"5570\">\n<p data-start=\"5484\" data-end=\"5570\"><strong data-start=\"5484\" data-end=\"5513\">Tetrahexyldecyl Ascorbate<\/strong> &#8211; stabilus vitamino C darinys antioksidacinei apsaugai<\/p>\n<\/li>\n<li data-start=\"5571\" data-end=\"5637\">\n<p data-start=\"5573\" data-end=\"5637\"><strong data-start=\"5573\" data-end=\"5595\">Ubiquinone (CoQ10)<\/strong> &#8211; padeda apsaugoti nuo oksidacinio streso<\/p>\n<\/li>\n<\/ul>\n<p data-start=\"5639\" data-end=\"5769\"><strong data-start=\"5639\" data-end=\"5682\">Kam tinka 10% Vitamin C Self-Activating<\/strong> &#8211; vis\u0173 tip\u0173 odai, \u012fskaitant papilk\u0117jusi\u0105, su pigmentacijos ar fotopa\u017eeidim\u0173 po\u017eymiais.<\/p>\n<p data-start=\"5771\" data-end=\"5795\"><strong data-start=\"5771\" data-end=\"5781\">T\u016bris:<\/strong> 20 ml \/ 50 ml<\/p>\n","protected":false},"excerpt":{"rendered":"<p data-start=\"5853\" data-end=\"5877\">Vitamino C veido serumas<\/p>\n<h2 data-start=\"5879\" data-end=\"5938\"><strong data-start=\"5879\" data-end=\"5938\">ZO\u00ae SKIN HEALTH &#8211; 10% Vitamin C Self-Activating Savyb\u0117s<\/strong><\/h2>\n<p data-start=\"5940\" data-end=\"6126\">\u2714\ufe0f \u0160viesina ton\u0105 ir ma\u017eina pigmentacij\u0105<br data-start=\"5979\" data-end=\"5982\" \/>\u2714\ufe0f Palaiko antioksidacin\u0119 apsaug\u0105<br data-start=\"6015\" data-end=\"6018\" \/>\u2714\ufe0f Gerina tekst\u016bros tolygum\u0105<br data-start=\"6046\" data-end=\"6049\" \/>\u2714\ufe0f Padeda ma\u017einti fotopa\u017eeidim\u0173 po\u017eymius<br data-start=\"6089\" data-end=\"6092\" \/>\u2714\ufe0f Suteikia odai daugiau spindesio<\/p>\n","protected":false},"featured_media":81865,"template":"","meta":[],"pwb-brand":[1187],"product_brand":[],"product_cat":[752,724,754,730],"product_tag":[],"giftcard-category":[],"class_list":{"0":"post-54584","1":"product","2":"type-product","3":"status-publish","4":"has-post-thumbnail","6":"pwb-brand-zo-skin-health","7":"product_cat-pigmentacija-lt","8":"product_cat-serumai","9":"product_cat-travel-size-lt","10":"product_cat-vitaminas-c","11":"pa_suurus-20ml-lt","12":"pa_suurus-50ml-lt","14":"first","15":"instock","16":"sale","17":"taxable","18":"shipping-taxable","19":"purchasable","20":"product-type-variable"},"acf":[],"brands":[{"id":1187,"name":"ZO\u00ae SKIN HEALTH","slug":"zo-skin-health"}],"_links":{"self":[{"href":"https:\/\/skinstudio.ee\/lt\/wp-json\/wp\/v2\/product\/54584","targetHints":{"allow":["GET"]}}],"collection":[{"href":"https:\/\/skinstudio.ee\/lt\/wp-json\/wp\/v2\/product"}],"about":[{"href":"https:\/\/skinstudio.ee\/lt\/wp-json\/wp\/v2\/types\/product"}],"version-history":[{"count":2,"href":"https:\/\/skinstudio.ee\/lt\/wp-json\/wp\/v2\/product\/54584\/revisions"}],"predecessor-version":[{"id":89197,"href":"https:\/\/skinstudio.ee\/lt\/wp-json\/wp\/v2\/product\/54584\/revisions\/89197"}],"wp:featuredmedia":[{"embeddable":true,"href":"https:\/\/skinstudio.ee\/lt\/wp-json\/wp\/v2\/media\/81865"}],"wp:attachment":[{"href":"https:\/\/skinstudio.ee\/lt\/wp-json\/wp\/v2\/media?parent=54584"}],"wp:term":[{"taxonomy":"pwb-brand","embeddable":true,"href":"https:\/\/skinstudio.ee\/lt\/wp-json\/wp\/v2\/pwb-brand?post=54584"},{"taxonomy":"product_brand","embeddable":true,"href":"https:\/\/skinstudio.ee\/lt\/wp-json\/wp\/v2\/product_brand?post=54584"},{"taxonomy":"product_cat","embeddable":true,"href":"https:\/\/skinstudio.ee\/lt\/wp-json\/wp\/v2\/product_cat?post=54584"},{"taxonomy":"product_tag","embeddable":true,"href":"https:\/\/skinstudio.ee\/lt\/wp-json\/wp\/v2\/product_tag?post=54584"},{"taxonomy":"giftcard-category","embeddable":true,"href":"https:\/\/skinstudio.ee\/lt\/wp-json\/wp\/v2\/giftcard-category?post=54584"}],"curies":[{"name":"wp","href":"https:\/\/api.w.org\/{rel}","templated":true}]}}