{"id":54598,"date":"2023-10-22T12:38:37","date_gmt":"2023-10-22T12:38:37","guid":{"rendered":"https:\/\/skinstudio.ee\/?post_type=product&#038;p=54598"},"modified":"2026-04-01T11:56:25","modified_gmt":"2026-04-01T11:56:25","slug":"body-smoothing-creme","status":"publish","type":"product","link":"https:\/\/skinstudio.ee\/lt\/catalog\/zo-skin-health\/body-smoothing-creme\/","title":{"rendered":"Body Smoothing Creme"},"content":{"rendered":"<p data-start=\"4600\" data-end=\"4903\"><strong data-start=\"4600\" data-end=\"4644\">Body Smoothing Cr\u00e8me nuo ZO\u00ae SKIN HEALTH<\/strong> &#8211; klini\u0161kai orientuotas k\u016bno kremas, skirtas pagerinti odos tank\u012f, vizualiai padidinti stangrum\u0105 ir suteikti lygesn\u0119 bei labiau kont\u016bruot\u0105 i\u0161vaizd\u0105. Formul\u0117 sukurta visapusi\u0161kai veikti odos tekst\u016br\u0105, padedant ma\u017einti nelygumus ir palaikyti tonizuot\u0105 siluet\u0105.<\/p>\n<p data-start=\"4905\" data-end=\"5113\">Kremas sujungia aktyvius komponentus, kurie gerina mikrocirkuliacij\u0105 ir palaiko odos lipid\u0173 balans\u0105, suteikdami komfort\u0105 be sunkumo poj\u016b\u010dio. Lengva tekst\u016bra greitai \u012fsigeria ir padeda i\u0161laikyti odos glotnum\u0105.<\/p>\n<p data-start=\"5115\" data-end=\"5156\"><strong data-start=\"5115\" data-end=\"5156\">Kaip veikia pagrindiniai komponentai?<\/strong><\/p>\n<ul data-start=\"5158\" data-end=\"5416\">\n<li data-start=\"5158\" data-end=\"5243\">\n<p data-start=\"5160\" data-end=\"5243\"><strong data-start=\"5160\" data-end=\"5214\">Methylsilanol Carboxymethyl Theophylline Alginate:<\/strong> padeda gerinti odos tonus\u0105<\/p>\n<\/li>\n<li data-start=\"5244\" data-end=\"5331\">\n<p data-start=\"5246\" data-end=\"5331\"><strong data-start=\"5246\" data-end=\"5279\">Caffeine + Carnitine complex:<\/strong> palaiko mikrocirkuliacij\u0105 ir vizualiai lygina od\u0105<\/p>\n<\/li>\n<li data-start=\"5332\" data-end=\"5416\">\n<p data-start=\"5334\" data-end=\"5416\"><strong data-start=\"5334\" data-end=\"5381\">Saccharide Isomerate + Phosphatidylcholine:<\/strong> palaiko dr\u0117gm\u0119 ir stiprina barjer\u0105<\/p>\n<\/li>\n<\/ul>\n<p data-start=\"5418\" data-end=\"5554\"><strong data-start=\"5418\" data-end=\"5453\">Kam tinka Body Smoothing Cr\u00e8me:<\/strong> visiems odos tipams, nelygiai k\u016bno tekst\u016brai, stangrumo praradimui ir matomiems celiulito po\u017eymiams.<\/p>\n<p data-start=\"5556\" data-end=\"5572\"><strong data-start=\"5556\" data-end=\"5566\">T\u016bris:<\/strong> 150 g<\/p>\n","protected":false},"excerpt":{"rendered":"<p data-start=\"5690\" data-end=\"5714\">K\u016bno glotninantis kremas<\/p>\n<h2 data-start=\"5716\" data-end=\"5766\"><strong data-start=\"5716\" data-end=\"5766\">ZO\u00ae SKIN HEALTH &#8211; Body Smoothing Cr\u00e8me savyb\u0117s<\/strong><\/h2>\n<p data-start=\"5768\" data-end=\"5941\">\u2714\ufe0f Gerina odos stangrum\u0105 ir tonus\u0105<br data-start=\"5802\" data-end=\"5805\" \/>\u2714\ufe0f Vizualiai lygina odos pavir\u0161i\u0173<br data-start=\"5838\" data-end=\"5841\" \/>\u2714\ufe0f Gerina k\u016bno kont\u016bro i\u0161vaizd\u0105<br data-start=\"5872\" data-end=\"5875\" \/>\u2714\ufe0f Palaiko odos mikrocirkuliacij\u0105<br data-start=\"5908\" data-end=\"5911\" \/>\u2714\ufe0f Greitai \u012fsigeria be lipnumo<\/p>\n","protected":false},"featured_media":54599,"template":"","meta":[],"pwb-brand":[1187],"product_brand":[],"product_cat":[758],"product_tag":[],"giftcard-category":[],"class_list":{"0":"post-54598","1":"product","2":"type-product","3":"status-publish","4":"has-post-thumbnail","6":"pwb-brand-zo-skin-health","7":"product_cat-kuno-prieziura","8":"pa_suurus-150g-lt","9":"pa_suurus-70g-lt","11":"first","12":"instock","13":"sale","14":"taxable","15":"shipping-taxable","16":"purchasable","17":"product-type-simple"},"acf":[],"brands":[{"id":1187,"name":"ZO\u00ae SKIN HEALTH","slug":"zo-skin-health"}],"_links":{"self":[{"href":"https:\/\/skinstudio.ee\/lt\/wp-json\/wp\/v2\/product\/54598","targetHints":{"allow":["GET"]}}],"collection":[{"href":"https:\/\/skinstudio.ee\/lt\/wp-json\/wp\/v2\/product"}],"about":[{"href":"https:\/\/skinstudio.ee\/lt\/wp-json\/wp\/v2\/types\/product"}],"version-history":[{"count":3,"href":"https:\/\/skinstudio.ee\/lt\/wp-json\/wp\/v2\/product\/54598\/revisions"}],"predecessor-version":[{"id":89070,"href":"https:\/\/skinstudio.ee\/lt\/wp-json\/wp\/v2\/product\/54598\/revisions\/89070"}],"wp:featuredmedia":[{"embeddable":true,"href":"https:\/\/skinstudio.ee\/lt\/wp-json\/wp\/v2\/media\/54599"}],"wp:attachment":[{"href":"https:\/\/skinstudio.ee\/lt\/wp-json\/wp\/v2\/media?parent=54598"}],"wp:term":[{"taxonomy":"pwb-brand","embeddable":true,"href":"https:\/\/skinstudio.ee\/lt\/wp-json\/wp\/v2\/pwb-brand?post=54598"},{"taxonomy":"product_brand","embeddable":true,"href":"https:\/\/skinstudio.ee\/lt\/wp-json\/wp\/v2\/product_brand?post=54598"},{"taxonomy":"product_cat","embeddable":true,"href":"https:\/\/skinstudio.ee\/lt\/wp-json\/wp\/v2\/product_cat?post=54598"},{"taxonomy":"product_tag","embeddable":true,"href":"https:\/\/skinstudio.ee\/lt\/wp-json\/wp\/v2\/product_tag?post=54598"},{"taxonomy":"giftcard-category","embeddable":true,"href":"https:\/\/skinstudio.ee\/lt\/wp-json\/wp\/v2\/giftcard-category?post=54598"}],"curies":[{"name":"wp","href":"https:\/\/api.w.org\/{rel}","templated":true}]}}