{"id":54618,"date":"2023-05-24T17:55:58","date_gmt":"2023-05-24T17:55:58","guid":{"rendered":"https:\/\/skinstudio.ee\/?post_type=product&#038;p=54618"},"modified":"2026-04-01T12:06:54","modified_gmt":"2026-04-01T12:06:54","slug":"hydrating-creme-113g","status":"publish","type":"product","link":"https:\/\/skinstudio.ee\/lt\/catalog\/zo-skin-health\/hydrating-creme-113g\/","title":{"rendered":"Hydrating Cr\u00e8me"},"content":{"rendered":"<p data-start=\"3671\" data-end=\"3925\"><strong data-start=\"3671\" data-end=\"3710\">Hydrating Cr\u00e8me nuo ZO\u00ae SKIN HEALTH<\/strong> &#8211; priemon\u0117, padedanti pa\u0161alinti ry\u0161kius sausumo simptomus d\u0117l formul\u0117s, kuri atkuria dr\u0117gm\u0117s balans\u0105. Kremas palaiko epitelio atsinaujinim\u0105, padeda ma\u017einti estetini\u0173 netobulum\u0173 matomum\u0105 ir lygina smulkias rauk\u0161les.<\/p>\n<p data-start=\"3927\" data-end=\"4094\">Formul\u0117 rekomenduojama kasdieniam naudojimui kartu su SPF, taip pat kaip raminanti ir dr\u0117kinanti priemon\u0117 po proced\u016br\u0173. Padeda palaikyti komfort\u0105 ir ma\u017einti sudirgim\u0105.<\/p>\n<p data-start=\"4096\" data-end=\"4137\"><strong data-start=\"4096\" data-end=\"4137\">Kaip veikia pagrindiniai komponentai:<\/strong><\/p>\n<ul data-start=\"4139\" data-end=\"4342\">\n<li data-start=\"4139\" data-end=\"4203\">\n<p data-start=\"4141\" data-end=\"4203\"><strong data-start=\"4141\" data-end=\"4161\">Peptide complex:<\/strong> palaiko nat\u016bralius atsistatymo procesus<\/p>\n<\/li>\n<li data-start=\"4204\" data-end=\"4288\">\n<p data-start=\"4206\" data-end=\"4288\"><strong data-start=\"4206\" data-end=\"4240\">Moisturising lipid components:<\/strong> atkuria lipidin\u012f sluoksn\u012f ir stiprina barjer\u0105<\/p>\n<\/li>\n<li data-start=\"4289\" data-end=\"4342\">\n<p data-start=\"4291\" data-end=\"4342\"><strong data-start=\"4291\" data-end=\"4307\">Beta-Glucan:<\/strong> padeda ma\u017einti paraudim\u0105 ir ramina<\/p>\n<\/li>\n<\/ul>\n<p data-start=\"4344\" data-end=\"4443\"><strong data-start=\"4344\" data-end=\"4374\">Kam tinka Hydrating Cr\u00e8me:<\/strong> universalus produktas, rekomenduojamas salonini\u0173 proced\u016br\u0173 m\u0117g\u0117jams.<\/p>\n<p data-start=\"4445\" data-end=\"4468\"><strong data-start=\"4445\" data-end=\"4455\">T\u016bris:<\/strong> 58 g \/ 113 g<\/p>\n","protected":false},"excerpt":{"rendered":"<p data-start=\"4542\" data-end=\"4574\">Dr\u0117kinamasis atkuriamasis kremas<\/p>\n<h2 data-start=\"4576\" data-end=\"4621\"><strong data-start=\"4576\" data-end=\"4621\">ZO\u00ae SKIN HEALTH &#8211; Hydrating Cr\u00e8me savyb\u0117s<\/strong><\/h2>\n<p data-start=\"4623\" data-end=\"4787\">\u2714\ufe0f Ma\u017eina nie\u017e\u0117jim\u0105 ir diskomfort\u0105<br data-start=\"4657\" data-end=\"4660\" \/>\u2714\ufe0f Palaiko epitelio atsinaujinim\u0105<br data-start=\"4693\" data-end=\"4696\" \/>\u2714\ufe0f Atkuria dr\u0117gm\u0117s balans\u0105<br data-start=\"4722\" data-end=\"4725\" \/>\u2714\ufe0f Ma\u017eina sudirgim\u0105 ir paraudim\u0105<br data-start=\"4757\" data-end=\"4760\" \/>\u2714\ufe0f Lygina smulkias rauk\u0161les<\/p>\n","protected":false},"featured_media":81845,"template":"","meta":[],"pwb-brand":[1187],"product_brand":[],"product_cat":[738,746,740,750,754],"product_tag":[],"giftcard-category":[],"class_list":{"0":"post-54618","1":"product","2":"type-product","3":"status-publish","4":"has-post-thumbnail","6":"pwb-brand-zo-skin-health","7":"product_cat-drekinimas","8":"product_cat-jautriai-odai","9":"product_cat-sausai-odai","10":"product_cat-senstanti-oda","11":"product_cat-travel-size-lt","12":"pa_suurus-113g-lt","13":"pa_suurus-58g-lt","15":"first","16":"instock","17":"sale","18":"taxable","19":"shipping-taxable","20":"purchasable","21":"product-type-variable"},"acf":[],"brands":[{"id":1187,"name":"ZO\u00ae SKIN HEALTH","slug":"zo-skin-health"}],"_links":{"self":[{"href":"https:\/\/skinstudio.ee\/lt\/wp-json\/wp\/v2\/product\/54618","targetHints":{"allow":["GET"]}}],"collection":[{"href":"https:\/\/skinstudio.ee\/lt\/wp-json\/wp\/v2\/product"}],"about":[{"href":"https:\/\/skinstudio.ee\/lt\/wp-json\/wp\/v2\/types\/product"}],"version-history":[{"count":3,"href":"https:\/\/skinstudio.ee\/lt\/wp-json\/wp\/v2\/product\/54618\/revisions"}],"predecessor-version":[{"id":89129,"href":"https:\/\/skinstudio.ee\/lt\/wp-json\/wp\/v2\/product\/54618\/revisions\/89129"}],"wp:featuredmedia":[{"embeddable":true,"href":"https:\/\/skinstudio.ee\/lt\/wp-json\/wp\/v2\/media\/81845"}],"wp:attachment":[{"href":"https:\/\/skinstudio.ee\/lt\/wp-json\/wp\/v2\/media?parent=54618"}],"wp:term":[{"taxonomy":"pwb-brand","embeddable":true,"href":"https:\/\/skinstudio.ee\/lt\/wp-json\/wp\/v2\/pwb-brand?post=54618"},{"taxonomy":"product_brand","embeddable":true,"href":"https:\/\/skinstudio.ee\/lt\/wp-json\/wp\/v2\/product_brand?post=54618"},{"taxonomy":"product_cat","embeddable":true,"href":"https:\/\/skinstudio.ee\/lt\/wp-json\/wp\/v2\/product_cat?post=54618"},{"taxonomy":"product_tag","embeddable":true,"href":"https:\/\/skinstudio.ee\/lt\/wp-json\/wp\/v2\/product_tag?post=54618"},{"taxonomy":"giftcard-category","embeddable":true,"href":"https:\/\/skinstudio.ee\/lt\/wp-json\/wp\/v2\/giftcard-category?post=54618"}],"curies":[{"name":"wp","href":"https:\/\/api.w.org\/{rel}","templated":true}]}}