{"id":54626,"date":"2023-05-24T17:55:53","date_gmt":"2023-05-24T17:55:53","guid":{"rendered":"https:\/\/skinstudio.ee\/?post_type=product&#038;p=54626"},"modified":"2026-04-01T12:26:57","modified_gmt":"2026-04-01T12:26:57","slug":"firming-serum","status":"publish","type":"product","link":"https:\/\/skinstudio.ee\/lt\/catalog\/zo-skin-health\/firming-serum\/","title":{"rendered":"Firming Serum"},"content":{"rendered":"<p data-start=\"7293\" data-end=\"7631\"><strong data-start=\"7293\" data-end=\"7330\">Firming Serum nuo ZO\u00ae SKIN HEALTH<\/strong> &#8211; stangrinantis serumas veidui, kaklui ir dekolt\u0117 sri\u010diai, skirtas didinti odos tank\u012f, gerinti jos strukt\u016br\u0105 ir atkurti kont\u016br\u0173 ai\u0161kum\u0105. Formul\u0117 stimuliuoja l\u0105steli\u0173 aktyvum\u0105, palaiko atsinaujinimo procesus ir padeda stiprinti dermo-epidermin\u012f jungin\u012f, suteikdama stangresn\u0119 ir elastingesn\u0119 i\u0161vaizd\u0105.<\/p>\n<p data-start=\"7633\" data-end=\"7907\">Aktyvus kompleksas skatina kolageno ir elastino sintez\u0117s sustipr\u0117jim\u0105, gerina odos kokyb\u0119 ir padeda prie\u0161intis su am\u017eiumi susijusiems poky\u010diams. Serumas palaiko atk\u016brimo procesus, didina odos atsparum\u0105 i\u0161oriniams veiksniams ir padeda i\u0161laikyti tankesn\u0119 bei lygesn\u0119 tekst\u016br\u0105.<\/p>\n<p data-start=\"7909\" data-end=\"8012\">Reguliarus naudojimas padeda stiprinti od\u0105, didinti elastingum\u0105 ir palaikyti ry\u0161kesnius veido kont\u016brus.<\/p>\n<p data-start=\"8014\" data-end=\"8063\"><strong data-start=\"8014\" data-end=\"8063\">Kaip veikia pagrindiniai aktyv\u016bs komponentai:<\/strong><\/p>\n<ul data-start=\"8065\" data-end=\"8395\">\n<li data-start=\"8065\" data-end=\"8143\">\n<p data-start=\"8067\" data-end=\"8143\"><strong data-start=\"8067\" data-end=\"8081\">Sodium DNA<\/strong> &#8211; stimuliuoja l\u0105steli\u0173 aktyvum\u0105 ir palaiko kolageno sintez\u0119<\/p>\n<\/li>\n<li data-start=\"8144\" data-end=\"8250\">\n<p data-start=\"8146\" data-end=\"8250\"><strong data-start=\"8146\" data-end=\"8191\">Sodium Hyaluronate + ZO ZCORE\u2122 Technology<\/strong> &#8211; stiprina dermo-epidermin\u012f jungin\u012f ir didina odos tank\u012f<\/p>\n<\/li>\n<li data-start=\"8251\" data-end=\"8395\">\n<p data-start=\"8253\" data-end=\"8395\"><strong data-start=\"8253\" data-end=\"8328\">ZO-RRS2\u2122 Complex (Edelweiss ir Marrubium augalin\u0117s kamienin\u0117s l\u0105stel\u0117s)<\/strong> &#8211; u\u017etikrina antioksidacin\u0119 apsaug\u0105 ir ma\u017eina u\u017edegimines reakcijas<\/p>\n<\/li>\n<\/ul>\n<p data-start=\"8397\" data-end=\"8500\"><strong data-start=\"8397\" data-end=\"8425\">Kam tinka Firming Serum:<\/strong> vis\u0173 tip\u0173 odai, ypa\u010d odai su am\u017eiaus poky\u010diais ir suma\u017e\u0117jusiu elastingumu.<\/p>\n<p data-start=\"8502\" data-end=\"8518\"><strong data-start=\"8502\" data-end=\"8512\">T\u016bris:<\/strong> 47 ml<\/p>\n","protected":false},"excerpt":{"rendered":"<p data-start=\"8711\" data-end=\"8741\">Stangrinantis anti-age serumas<\/p>\n<h2 data-start=\"8743\" data-end=\"8786\"><strong data-start=\"8743\" data-end=\"8786\">ZO\u00ae SKIN HEALTH &#8211; Firming Serum Savyb\u0117s<\/strong><\/h2>\n<p data-start=\"8788\" data-end=\"8977\">\u2714\ufe0f Stangrina od\u0105 ir kelia kont\u016brus<br data-start=\"8822\" data-end=\"8825\" \/>\u2714\ufe0f Didina odos tank\u012f, stangrum\u0105<br data-start=\"8856\" data-end=\"8859\" \/>\u2714\ufe0f Palaiko lifting\u0105 ir odos strukt\u016br\u0105<br data-start=\"8896\" data-end=\"8899\" \/>\u2714\ufe0f Gerina odos kokyb\u0119 ir tekst\u016br\u0105<br data-start=\"8932\" data-end=\"8935\" \/>\u2714\ufe0f Tinka intensyviam kasdieniam naudojimui<\/p>\n","protected":false},"featured_media":54627,"template":"","meta":[],"pwb-brand":[1187],"product_brand":[],"product_cat":[738,746,740,750,724],"product_tag":[],"giftcard-category":[],"class_list":{"0":"post-54626","1":"product","2":"type-product","3":"status-publish","4":"has-post-thumbnail","6":"pwb-brand-zo-skin-health","7":"product_cat-drekinimas","8":"product_cat-jautriai-odai","9":"product_cat-sausai-odai","10":"product_cat-senstanti-oda","11":"product_cat-serumai","13":"first","14":"instock","15":"sale","16":"taxable","17":"shipping-taxable","18":"purchasable","19":"product-type-simple"},"acf":[],"brands":[{"id":1187,"name":"ZO\u00ae SKIN HEALTH","slug":"zo-skin-health"}],"_links":{"self":[{"href":"https:\/\/skinstudio.ee\/lt\/wp-json\/wp\/v2\/product\/54626","targetHints":{"allow":["GET"]}}],"collection":[{"href":"https:\/\/skinstudio.ee\/lt\/wp-json\/wp\/v2\/product"}],"about":[{"href":"https:\/\/skinstudio.ee\/lt\/wp-json\/wp\/v2\/types\/product"}],"version-history":[{"count":2,"href":"https:\/\/skinstudio.ee\/lt\/wp-json\/wp\/v2\/product\/54626\/revisions"}],"predecessor-version":[{"id":89247,"href":"https:\/\/skinstudio.ee\/lt\/wp-json\/wp\/v2\/product\/54626\/revisions\/89247"}],"wp:featuredmedia":[{"embeddable":true,"href":"https:\/\/skinstudio.ee\/lt\/wp-json\/wp\/v2\/media\/54627"}],"wp:attachment":[{"href":"https:\/\/skinstudio.ee\/lt\/wp-json\/wp\/v2\/media?parent=54626"}],"wp:term":[{"taxonomy":"pwb-brand","embeddable":true,"href":"https:\/\/skinstudio.ee\/lt\/wp-json\/wp\/v2\/pwb-brand?post=54626"},{"taxonomy":"product_brand","embeddable":true,"href":"https:\/\/skinstudio.ee\/lt\/wp-json\/wp\/v2\/product_brand?post=54626"},{"taxonomy":"product_cat","embeddable":true,"href":"https:\/\/skinstudio.ee\/lt\/wp-json\/wp\/v2\/product_cat?post=54626"},{"taxonomy":"product_tag","embeddable":true,"href":"https:\/\/skinstudio.ee\/lt\/wp-json\/wp\/v2\/product_tag?post=54626"},{"taxonomy":"giftcard-category","embeddable":true,"href":"https:\/\/skinstudio.ee\/lt\/wp-json\/wp\/v2\/giftcard-category?post=54626"}],"curies":[{"name":"wp","href":"https:\/\/api.w.org\/{rel}","templated":true}]}}