{"id":54635,"date":"2023-05-24T17:55:53","date_gmt":"2023-05-24T17:55:53","guid":{"rendered":"https:\/\/skinstudio.ee\/?post_type=product&#038;p=54635"},"modified":"2026-04-01T12:26:32","modified_gmt":"2026-04-01T12:26:32","slug":"oil-control-pads","status":"publish","type":"product","link":"https:\/\/skinstudio.ee\/lt\/catalog\/zo-skin-health\/oil-control-pads\/","title":{"rendered":"Oil Control Pads"},"content":{"rendered":"<p data-start=\"4060\" data-end=\"4286\"><strong data-start=\"4060\" data-end=\"4100\">Oil Control Pads nuo ZO\u00ae SKIN HEALTH<\/strong> &#8211; intensyvaus poveikio diskeliai riebal\u0173 kontrolei ir akn\u0117s prie\u017ei\u016brai. Formul\u0117 pa\u0161alina perteklin\u012f sebum\u0105, valo poras ir padeda koreguoti odos netobulumus, i\u0161laikant \u0161varesn\u0119 i\u0161vaizd\u0105.<\/p>\n<p data-start=\"4288\" data-end=\"4464\">R\u016bg\u0161\u010di\u0173 kompleksas skatina odos atsinaujinim\u0105, ma\u017eina u\u017edegimus ir padeda normalizuoti riebalini\u0173 liauk\u0173 veikl\u0105. Produktas gerina tekst\u016br\u0105 ir padeda pasiekti mati\u0161kesn\u012f efekt\u0105.<\/p>\n<p data-start=\"4466\" data-end=\"4537\">Reguliarus naudojimas padeda palaikyti \u0161varesn\u0119 od\u0105 ir ma\u017einti b\u0117rimus.<\/p>\n<p data-start=\"4539\" data-end=\"4588\"><strong data-start=\"4539\" data-end=\"4588\">Kaip veikia pagrindiniai aktyv\u016bs komponentai:<\/strong><\/p>\n<ul data-start=\"4590\" data-end=\"4766\">\n<li data-start=\"4590\" data-end=\"4648\">\n<p data-start=\"4592\" data-end=\"4648\"><strong data-start=\"4592\" data-end=\"4610\">Salicylic Acid<\/strong> &#8211; valo poras ir kontroliuoja sebum\u0105<\/p>\n<\/li>\n<li data-start=\"4649\" data-end=\"4714\">\n<p data-start=\"4651\" data-end=\"4714\"><strong data-start=\"4651\" data-end=\"4668\">Glycolic Acid<\/strong> &#8211; spartina atsinaujinim\u0105 ir gerina tekst\u016br\u0105<\/p>\n<\/li>\n<li data-start=\"4715\" data-end=\"4766\">\n<p data-start=\"4717\" data-end=\"4766\"><strong data-start=\"4717\" data-end=\"4734\">Mandelic Acid<\/strong> &#8211; \u0161velniai eksfolijuoja ir valo<\/p>\n<\/li>\n<\/ul>\n<p data-start=\"4768\" data-end=\"4877\"><strong data-start=\"4768\" data-end=\"4799\">Kam tinka Oil Control Pads:<\/strong> riebiai ir akn\u0117s linkusiai odai; idealus ekspres sprendimas sebumo kontrolei.<\/p>\n<p data-start=\"4879\" data-end=\"4916\"><strong data-start=\"4879\" data-end=\"4889\">T\u016bris:<\/strong> 60 diskeliai<br data-start=\"4902\" data-end=\"4905\" \/><strong data-start=\"4905\" data-end=\"4912\">pH:<\/strong> 4.0<\/p>\n","protected":false},"excerpt":{"rendered":"<p data-start=\"4964\" data-end=\"5001\">Intensyv\u016bs sebumo kontrol\u0117s diskeliai<\/p>\n<h2 data-start=\"5003\" data-end=\"5049\"><strong data-start=\"5003\" data-end=\"5049\">ZO\u00ae SKIN HEALTH &#8211; Oil Control Pads Savyb\u0117s<\/strong><\/h2>\n<p data-start=\"5051\" data-end=\"5241\">\u2714\ufe0f Kontroliuoja sebum\u0105 ir ma\u017eina poras<br data-start=\"5089\" data-end=\"5092\" \/>\u2714\ufe0f Valo od\u0105 ir ma\u017eina b\u0117rimus<br data-start=\"5121\" data-end=\"5124\" \/>\u2714\ufe0f Eksfolijuoja ir spartina atsinaujinim\u0105<br data-start=\"5165\" data-end=\"5168\" \/>\u2714\ufe0f Lygina tekst\u016br\u0105 ir ma\u017eina blizges\u012f<br data-start=\"5205\" data-end=\"5208\" \/>\u2714\ufe0f Ramina od\u0105 ir ma\u017eina sudirgim\u0105<\/p>\n","protected":false},"featured_media":54638,"template":"","meta":[],"pwb-brand":[1187],"product_brand":[],"product_cat":[742,744,752,748,722],"product_tag":[],"giftcard-category":[],"class_list":{"0":"post-54635","1":"product","2":"type-product","3":"status-publish","4":"has-post-thumbnail","6":"pwb-brand-zo-skin-health","7":"product_cat-berimai","8":"product_cat-issipletusios-poros","9":"product_cat-pigmentacija-lt","10":"product_cat-taukainai-adai-lt","11":"product_cat-toneriai","13":"first","14":"instock","15":"sale","16":"taxable","17":"shipping-taxable","18":"purchasable","19":"product-type-simple"},"acf":[],"brands":[{"id":1187,"name":"ZO\u00ae SKIN HEALTH","slug":"zo-skin-health"}],"_links":{"self":[{"href":"https:\/\/skinstudio.ee\/lt\/wp-json\/wp\/v2\/product\/54635","targetHints":{"allow":["GET"]}}],"collection":[{"href":"https:\/\/skinstudio.ee\/lt\/wp-json\/wp\/v2\/product"}],"about":[{"href":"https:\/\/skinstudio.ee\/lt\/wp-json\/wp\/v2\/types\/product"}],"version-history":[{"count":2,"href":"https:\/\/skinstudio.ee\/lt\/wp-json\/wp\/v2\/product\/54635\/revisions"}],"predecessor-version":[{"id":89243,"href":"https:\/\/skinstudio.ee\/lt\/wp-json\/wp\/v2\/product\/54635\/revisions\/89243"}],"wp:featuredmedia":[{"embeddable":true,"href":"https:\/\/skinstudio.ee\/lt\/wp-json\/wp\/v2\/media\/54638"}],"wp:attachment":[{"href":"https:\/\/skinstudio.ee\/lt\/wp-json\/wp\/v2\/media?parent=54635"}],"wp:term":[{"taxonomy":"pwb-brand","embeddable":true,"href":"https:\/\/skinstudio.ee\/lt\/wp-json\/wp\/v2\/pwb-brand?post=54635"},{"taxonomy":"product_brand","embeddable":true,"href":"https:\/\/skinstudio.ee\/lt\/wp-json\/wp\/v2\/product_brand?post=54635"},{"taxonomy":"product_cat","embeddable":true,"href":"https:\/\/skinstudio.ee\/lt\/wp-json\/wp\/v2\/product_cat?post=54635"},{"taxonomy":"product_tag","embeddable":true,"href":"https:\/\/skinstudio.ee\/lt\/wp-json\/wp\/v2\/product_tag?post=54635"},{"taxonomy":"giftcard-category","embeddable":true,"href":"https:\/\/skinstudio.ee\/lt\/wp-json\/wp\/v2\/giftcard-category?post=54635"}],"curies":[{"name":"wp","href":"https:\/\/api.w.org\/{rel}","templated":true}]}}