{"id":54654,"date":"2025-10-21T09:40:37","date_gmt":"2025-10-21T09:40:37","guid":{"rendered":"https:\/\/skinstudio.ee\/?post_type=product&#038;p=54654"},"modified":"2025-12-30T17:05:41","modified_gmt":"2025-12-30T17:05:41","slug":"hydra-vital-factor-k","status":"publish","type":"product","link":"https:\/\/skinstudio.ee\/lt\/catalog\/mesoestetic\/hydra-vital-factor-k\/","title":{"rendered":"Hydra-Vital Factor K"},"content":{"rendered":"<p data-start=\"1407\" data-end=\"1701\">Prabangus dr\u0117kinamasis kremas spindin\u010diai ir komforti\u0161kai odai. <strong data-start=\"1471\" data-end=\"1507\">Mesoestetic Hydra-Vital Factor K<\/strong> sukurtas normaliai, sausai ir dr\u0117gm\u0117s stokojan\u010diai odai, kuriai reikia intensyvaus maitinimo ir apsaugos. Jo aksomin\u0117 tekst\u016bra akimirksniu \u012fsigeria, apgaubdama od\u0105 \u0161velnumo ir gaivos poj\u016b\u010diu.<\/p>\n<p data-start=\"1703\" data-end=\"2129\">Praturtintas veiksmingu aminor\u016bg\u0161\u010di\u0173, \u0161lapalo, alantoino ir pieno r\u016bg\u0161ties kompleksu, \u0161is kremas giliai atkuria hidrolipidin\u012f barjer\u0105 ir palaiko optimal\u0173 dr\u0117gm\u0117s lyg\u012f vis\u0105 dien\u0105. Vitaminas E veikia kaip stiprus antioksidantas, apsaugodamas odos l\u0105steles nuo laisv\u0173j\u0173 radikal\u0173 ir pad\u0117damas i\u0161vengti prie\u0161laikinio sen\u0117jimo. Jau po pirm\u0173j\u0173 naudojimo kart\u0173 oda tampa lygi, elastinga, pamaitinta ir apsaugota nuo i\u0161orinio streso.<\/p>\n<p data-start=\"2131\" data-end=\"2149\"><strong data-start=\"2131\" data-end=\"2141\">T\u016bris:<\/strong> 50 ml<\/p>\n","protected":false},"excerpt":{"rendered":"<p data-start=\"2264\" data-end=\"2298\">Maitinamasis dr\u0117kinamasis kremas<\/p>\n<h2 data-start=\"2300\" data-end=\"2602\"><strong data-start=\"2300\" data-end=\"2346\">Mesoestetic &#8211; Hydra-Vital Factor K savyb\u0117s<\/strong><\/h2>\n<p data-start=\"2300\" data-end=\"2602\">\u2714\ufe0f Giliai dr\u0117kina ir maitina saus\u0105 od\u0105<br data-start=\"2387\" data-end=\"2390\" \/>\u2714\ufe0f Atkuria hidrolipidin\u012f barjer\u0105 ir odos \u0161velnum\u0105<br data-start=\"2439\" data-end=\"2442\" \/>\u2714\ufe0f Apsaugo nuo laisv\u0173j\u0173 radikal\u0173 ir prie\u0161laikinio sen\u0117jimo<br data-start=\"2500\" data-end=\"2503\" \/>\u2714\ufe0f Suteikia odai lygumo, elastingumo ir spindesio<br data-start=\"2552\" data-end=\"2555\" \/>\u2714\ufe0f Tinka kasdieniam naudojimui ryte ir vakare<\/p>\n","protected":false},"featured_media":54646,"template":"","meta":[],"pwb-brand":[1133],"product_brand":[],"product_cat":[738,740,750],"product_tag":[],"giftcard-category":[],"class_list":{"0":"post-54654","1":"product","2":"type-product","3":"status-publish","4":"has-post-thumbnail","6":"pwb-brand-mesoestetic","7":"product_cat-drekinimas","8":"product_cat-sausai-odai","9":"product_cat-senstanti-oda","11":"first","12":"instock","13":"taxable","14":"shipping-taxable","15":"purchasable","16":"product-type-simple"},"acf":[],"brands":[{"id":1133,"name":"Mesoestetic","slug":"mesoestetic"}],"_links":{"self":[{"href":"https:\/\/skinstudio.ee\/lt\/wp-json\/wp\/v2\/product\/54654","targetHints":{"allow":["GET"]}}],"collection":[{"href":"https:\/\/skinstudio.ee\/lt\/wp-json\/wp\/v2\/product"}],"about":[{"href":"https:\/\/skinstudio.ee\/lt\/wp-json\/wp\/v2\/types\/product"}],"version-history":[{"count":0,"href":"https:\/\/skinstudio.ee\/lt\/wp-json\/wp\/v2\/product\/54654\/revisions"}],"wp:featuredmedia":[{"embeddable":true,"href":"https:\/\/skinstudio.ee\/lt\/wp-json\/wp\/v2\/media\/54646"}],"wp:attachment":[{"href":"https:\/\/skinstudio.ee\/lt\/wp-json\/wp\/v2\/media?parent=54654"}],"wp:term":[{"taxonomy":"pwb-brand","embeddable":true,"href":"https:\/\/skinstudio.ee\/lt\/wp-json\/wp\/v2\/pwb-brand?post=54654"},{"taxonomy":"product_brand","embeddable":true,"href":"https:\/\/skinstudio.ee\/lt\/wp-json\/wp\/v2\/product_brand?post=54654"},{"taxonomy":"product_cat","embeddable":true,"href":"https:\/\/skinstudio.ee\/lt\/wp-json\/wp\/v2\/product_cat?post=54654"},{"taxonomy":"product_tag","embeddable":true,"href":"https:\/\/skinstudio.ee\/lt\/wp-json\/wp\/v2\/product_tag?post=54654"},{"taxonomy":"giftcard-category","embeddable":true,"href":"https:\/\/skinstudio.ee\/lt\/wp-json\/wp\/v2\/giftcard-category?post=54654"}],"curies":[{"name":"wp","href":"https:\/\/api.w.org\/{rel}","templated":true}]}}