{"id":54669,"date":"2025-10-21T10:04:26","date_gmt":"2025-10-21T10:04:26","guid":{"rendered":"https:\/\/skinstudio.ee\/?post_type=product&#038;p=54669"},"modified":"2025-12-30T17:05:41","modified_gmt":"2025-12-30T17:05:41","slug":"hydra-vital-light","status":"publish","type":"product","link":"https:\/\/skinstudio.ee\/lt\/catalog\/mesoestetic\/hydra-vital-light\/","title":{"rendered":"Hydra-Vital Light"},"content":{"rendered":"<p data-start=\"1499\" data-end=\"1884\">Lengvas dr\u0117kinamasis gelinis kremas gaiviai, \u0161vytin\u010diai ir subalansuotai odai. <strong data-start=\"1578\" data-end=\"1613\">Mesoestetic &#8211; Hydra-Vital Light<\/strong> suteikia momentin\u012f dr\u0117kinim\u0105 ir komfort\u0105, atkurdamas odos energij\u0105 bei sveik\u0105 spindes\u012f. Pa\u017eangi formul\u0117 sujungia biotechnologinius ingredientus ir grynus dr\u0117kinamuosius komponentus, kurie veikia darniai, atkuria ir apsaugo od\u0105 nuo kasdienio streso bei aplinkos tar\u0161os.<\/p>\n<p data-start=\"1886\" data-end=\"2290\">\u012evairios molekulin\u0117s mas\u0117s hialurono r\u016bg\u0161ties derinys u\u017etikrina gil\u0173 ir ilgalaik\u012f dr\u0117kinim\u0105, padarydamas od\u0105 \u0161velni\u0105 ir glotni\u0105. Urban D-Tox kompleksas sukuria nematom\u0105 apsaugin\u012f sluoksn\u012f, kuris apsaugo nuo ter\u0161al\u0173 ir laisv\u0173j\u0173 radikal\u0173, o augalin\u0117s kilm\u0117s polisacharidas stiprina apsaugin\u012f barjer\u0105 ir neleid\u017eia odai prarasti dr\u0117gm\u0117s. Rezultatas \u2013 gaivi, \u0161vytinti ir subalansuota oda be riebumo poj\u016b\u010dio.<\/p>\n<p data-start=\"2292\" data-end=\"2310\"><strong data-start=\"2292\" data-end=\"2302\">T\u016bris:<\/strong> 50 ml<\/p>\n","protected":false},"excerpt":{"rendered":"<p data-start=\"2456\" data-end=\"2493\">Lengvas dr\u0117kinamasis gelinis kremas<\/p>\n<h2 data-start=\"2495\" data-end=\"2789\"><strong data-start=\"2495\" data-end=\"2538\">Mesoestetic &#8211; Hydra-Vital Light savyb\u0117s<\/strong><\/h2>\n<p data-start=\"2495\" data-end=\"2789\">\u2714\ufe0f Suteikia momentin\u012f ir ilgalaik\u012f dr\u0117kinim\u0105<br data-start=\"2585\" data-end=\"2588\" \/>\u2714\ufe0f Palieka od\u0105 gaivi\u0105, \u0161velni\u0105 ir spindin\u010di\u0105<br data-start=\"2632\" data-end=\"2635\" \/>\u2714\ufe0f Apsaugo nuo tar\u0161os ir oksidacinio streso<br data-start=\"2678\" data-end=\"2681\" \/>\u2714\ufe0f Stiprina apsaugin\u012f barjer\u0105 ir saugo nuo dr\u0117gm\u0117s praradimo<br data-start=\"2741\" data-end=\"2744\" \/>\u2714\ufe0f Idealiai tinka normaliai ir mi\u0161riai odai<\/p>\n","protected":false},"featured_media":54661,"template":"","meta":[],"pwb-brand":[1133],"product_brand":[],"product_cat":[738,750],"product_tag":[],"giftcard-category":[],"class_list":{"0":"post-54669","1":"product","2":"type-product","3":"status-publish","4":"has-post-thumbnail","6":"pwb-brand-mesoestetic","7":"product_cat-drekinimas","8":"product_cat-senstanti-oda","10":"first","11":"instock","12":"taxable","13":"shipping-taxable","14":"purchasable","15":"product-type-simple"},"acf":[],"brands":[{"id":1133,"name":"Mesoestetic","slug":"mesoestetic"}],"_links":{"self":[{"href":"https:\/\/skinstudio.ee\/lt\/wp-json\/wp\/v2\/product\/54669","targetHints":{"allow":["GET"]}}],"collection":[{"href":"https:\/\/skinstudio.ee\/lt\/wp-json\/wp\/v2\/product"}],"about":[{"href":"https:\/\/skinstudio.ee\/lt\/wp-json\/wp\/v2\/types\/product"}],"version-history":[{"count":0,"href":"https:\/\/skinstudio.ee\/lt\/wp-json\/wp\/v2\/product\/54669\/revisions"}],"wp:featuredmedia":[{"embeddable":true,"href":"https:\/\/skinstudio.ee\/lt\/wp-json\/wp\/v2\/media\/54661"}],"wp:attachment":[{"href":"https:\/\/skinstudio.ee\/lt\/wp-json\/wp\/v2\/media?parent=54669"}],"wp:term":[{"taxonomy":"pwb-brand","embeddable":true,"href":"https:\/\/skinstudio.ee\/lt\/wp-json\/wp\/v2\/pwb-brand?post=54669"},{"taxonomy":"product_brand","embeddable":true,"href":"https:\/\/skinstudio.ee\/lt\/wp-json\/wp\/v2\/product_brand?post=54669"},{"taxonomy":"product_cat","embeddable":true,"href":"https:\/\/skinstudio.ee\/lt\/wp-json\/wp\/v2\/product_cat?post=54669"},{"taxonomy":"product_tag","embeddable":true,"href":"https:\/\/skinstudio.ee\/lt\/wp-json\/wp\/v2\/product_tag?post=54669"},{"taxonomy":"giftcard-category","embeddable":true,"href":"https:\/\/skinstudio.ee\/lt\/wp-json\/wp\/v2\/giftcard-category?post=54669"}],"curies":[{"name":"wp","href":"https:\/\/api.w.org\/{rel}","templated":true}]}}