{"id":54684,"date":"2025-10-21T10:17:33","date_gmt":"2025-10-21T10:17:33","guid":{"rendered":"https:\/\/skinstudio.ee\/?post_type=product&#038;p=54684"},"modified":"2025-12-30T17:05:41","modified_gmt":"2025-12-30T17:05:41","slug":"ha-densimatrix","status":"publish","type":"product","link":"https:\/\/skinstudio.ee\/lt\/catalog\/mesoestetic\/ha-densimatrix\/","title":{"rendered":"Ha Densimatrix"},"content":{"rendered":"<p data-start=\"1828\" data-end=\"2197\">Inovatyvus hialurono r\u016bg\u0161ties koncentrato serumas giliam dr\u0117kinimui ir odos stangrumui. <strong data-start=\"1916\" data-end=\"1948\">Mesoestetic &#8211; Ha Densimatrix <\/strong>sujungia kelias hialurono r\u016bg\u0161ties molekulines formas, veikdamas visu odos sluoksnius, kad atkurt\u0173 nat\u016bral\u0173 dr\u0117gm\u0117s balans\u0105 ir tank\u012f. Formul\u0117 veikia kompleksi\u0161kai \u2013 akimirksniu dr\u0117kina, glotnina ir stiprina od\u0105, atkuria jos elastingum\u0105 ir apimt\u012f.<\/p>\n<p data-start=\"2199\" data-end=\"2663\"><strong data-start=\"2199\" data-end=\"2229\">9% HA Densimatrix\u00ae Complex<\/strong> apjungia kry\u017emi\u0161kai suri\u0161t\u0105 bei ma\u017eos, vidutin\u0117s ir didel\u0117s molekulin\u0117s mas\u0117s hialurono r\u016bg\u0161t\u012f, taip pat aktyv\u0173 komponent\u0105, stimuliuojant\u012f jos nat\u016brali\u0105 sintez\u0119. <strong data-start=\"2392\" data-end=\"2425\">2% Anti-Hyaluronidase Complex<\/strong>apsaugo hialurono r\u016bg\u0161t\u012f nuo irimo, kur\u012f sukelia oksidacinis stresas, i\u0161laikydamas dr\u0117gm\u0119 ir odos jaunyst\u0119. <strong data-start=\"2534\" data-end=\"2562\">2% Antiaging Pro Complex<\/strong> skatina kolageno ir elastino gamyb\u0105, gerina odos stangrum\u0105 ir padeda i\u0161vengti rauk\u0161li\u0173 atsiradimo.<\/p>\n<p data-start=\"2665\" data-end=\"2853\">Lengvos tekst\u016bros serumas greitai \u012fsigeria, neapsunkina odos ir tinka visiems odos tipams, \u012fskaitant jautri\u0105. Po pirm\u0173j\u0173 naudojimo kart\u0173 oda tampa giliai sudr\u0117kinta, glotni ir elastinga.<\/p>\n<p data-start=\"2855\" data-end=\"2873\"><strong data-start=\"2855\" data-end=\"2865\">T\u016bris:<\/strong> 30 ml<\/p>\n","protected":false},"excerpt":{"rendered":"<p data-start=\"3065\" data-end=\"3125\">Hialurono r\u016bg\u0161ties serumas odos dr\u0117kinimui ir stangrinimui<\/p>\n<h2 data-start=\"3127\" data-end=\"3411\"><strong data-start=\"3127\" data-end=\"3167\">Mesoestetic &#8211; Ha Densimatrix savyb\u0117s<\/strong><\/h2>\n<p data-start=\"3127\" data-end=\"3411\">\u2714\ufe0f Giliai dr\u0117kina ir atkuria hialurono r\u016bg\u0161ties lyg\u012f<br data-start=\"3222\" data-end=\"3225\" \/>\u2714\ufe0f Pagerina odos stangrum\u0105 ir elastingum\u0105<br data-start=\"3266\" data-end=\"3269\" \/>\u2714\ufe0f Skatina kolageno ir elastino gamyb\u0105<br data-start=\"3307\" data-end=\"3310\" \/>\u2714\ufe0f Apsaugo nuo hialurono r\u016bg\u0161ties irimo<br data-start=\"3349\" data-end=\"3352\" \/>\u2714\ufe0f Lygina rauk\u0161les ir suteikia odai jaunatvi\u0161ko spindesio<\/p>\n","protected":false},"featured_media":66989,"template":"","meta":[],"pwb-brand":[1133],"product_brand":[],"product_cat":[750,740,724],"product_tag":[],"giftcard-category":[],"class_list":{"0":"post-54684","1":"product","2":"type-product","3":"status-publish","4":"has-post-thumbnail","6":"pwb-brand-mesoestetic","7":"product_cat-odos-senejimas","8":"product_cat-sausa-oda","9":"product_cat-serumai","11":"first","12":"instock","13":"taxable","14":"shipping-taxable","15":"purchasable","16":"product-type-simple"},"acf":[],"brands":[{"id":1133,"name":"Mesoestetic","slug":"mesoestetic"}],"_links":{"self":[{"href":"https:\/\/skinstudio.ee\/lt\/wp-json\/wp\/v2\/product\/54684","targetHints":{"allow":["GET"]}}],"collection":[{"href":"https:\/\/skinstudio.ee\/lt\/wp-json\/wp\/v2\/product"}],"about":[{"href":"https:\/\/skinstudio.ee\/lt\/wp-json\/wp\/v2\/types\/product"}],"version-history":[{"count":0,"href":"https:\/\/skinstudio.ee\/lt\/wp-json\/wp\/v2\/product\/54684\/revisions"}],"wp:featuredmedia":[{"embeddable":true,"href":"https:\/\/skinstudio.ee\/lt\/wp-json\/wp\/v2\/media\/66989"}],"wp:attachment":[{"href":"https:\/\/skinstudio.ee\/lt\/wp-json\/wp\/v2\/media?parent=54684"}],"wp:term":[{"taxonomy":"pwb-brand","embeddable":true,"href":"https:\/\/skinstudio.ee\/lt\/wp-json\/wp\/v2\/pwb-brand?post=54684"},{"taxonomy":"product_brand","embeddable":true,"href":"https:\/\/skinstudio.ee\/lt\/wp-json\/wp\/v2\/product_brand?post=54684"},{"taxonomy":"product_cat","embeddable":true,"href":"https:\/\/skinstudio.ee\/lt\/wp-json\/wp\/v2\/product_cat?post=54684"},{"taxonomy":"product_tag","embeddable":true,"href":"https:\/\/skinstudio.ee\/lt\/wp-json\/wp\/v2\/product_tag?post=54684"},{"taxonomy":"giftcard-category","embeddable":true,"href":"https:\/\/skinstudio.ee\/lt\/wp-json\/wp\/v2\/giftcard-category?post=54684"}],"curies":[{"name":"wp","href":"https:\/\/api.w.org\/{rel}","templated":true}]}}