{"id":54699,"date":"2025-10-21T10:29:24","date_gmt":"2025-10-21T10:29:24","guid":{"rendered":"https:\/\/skinstudio.ee\/?post_type=product&#038;p=54699"},"modified":"2025-12-30T17:05:42","modified_gmt":"2025-12-30T17:05:42","slug":"ha-densimatrix-lips","status":"publish","type":"product","link":"https:\/\/skinstudio.ee\/lt\/catalog\/mesoestetic\/ha-densimatrix-lips\/","title":{"rendered":"Ha Densimatrix Lips"},"content":{"rendered":"<p data-start=\"1020\" data-end=\"1352\">Intensyvus l\u016bp\u0173 balzamas su hialurono r\u016bg\u0161timi, sukurtas giliam dr\u0117kinimui, atstatymui ir komfortui. <strong data-start=\"1121\" data-end=\"1158\">Mesoestetic &#8211; Ha Densimatrix Lips<\/strong> akimirksniu sumink\u0161tina, suteikia apimties ir pagerina l\u016bp\u0173 i\u0161vaizd\u0105, padarydamas jas glotnias, elastingas ir i\u0161rai\u0161kingas. Idealiai tinka kasdieninei prie\u017ei\u016brai arba po injekcini\u0173 proced\u016br\u0173.<\/p>\n<p data-start=\"1354\" data-end=\"1611\">D\u0117l <strong data-start=\"1358\" data-end=\"1416\">hialurono r\u016bg\u0161ties, arnikos, bisabololio ir K vitamino<\/strong> derinio balzamas giliai dr\u0117kina, pagreitina regeneracij\u0105, ramina sudirgimus ir stiprina kapiliarus. Jis apsaugo nuo dr\u0117gm\u0117s praradimo, gr\u0105\u017eindamas l\u016bpoms nat\u016bral\u0173 \u0161velnum\u0105, apimt\u012f ir spindes\u012f.<\/p>\n<p data-start=\"1613\" data-end=\"1631\"><strong data-start=\"1613\" data-end=\"1623\">T\u016bris:<\/strong> 15 ml<\/p>\n","protected":false},"excerpt":{"rendered":"<p data-start=\"1682\" data-end=\"1710\">Maitinamasis l\u016bp\u0173 balzamas<\/p>\n<h2 data-start=\"1712\" data-end=\"2012\"><strong data-start=\"1712\" data-end=\"1757\">Mesoestetic &#8211; Ha Densimatrix Lips savyb\u0117s<\/strong><\/h2>\n<p data-start=\"1712\" data-end=\"2012\" data-is-last-node=\"\" data-is-only-node=\"\">\u2714\ufe0f Giliai dr\u0117kina ir suteikia l\u016bpoms apimties<br data-start=\"1805\" data-end=\"1808\" \/>\u2714\ufe0f Atkuria, sumink\u0161tina ir pagerina elastingum\u0105<br data-start=\"1855\" data-end=\"1858\" \/>\u2714\ufe0f Ramina ir ma\u017eina sudirgimus po proced\u016br\u0173<br data-start=\"1901\" data-end=\"1904\" \/>\u2714\ufe0f Apsaugo nuo sausumo ir dr\u0117gm\u0117s praradimo<br data-start=\"1947\" data-end=\"1950\" \/>\u2714\ufe0f Padaro l\u016bpas glotnesnes, mink\u0161tesnes ir vizualiai putlesnes<\/p>\n","protected":false},"featured_media":66984,"template":"","meta":[],"pwb-brand":[1133],"product_brand":[],"product_cat":[760],"product_tag":[],"giftcard-category":[],"class_list":{"0":"post-54699","1":"product","2":"type-product","3":"status-publish","4":"has-post-thumbnail","6":"pwb-brand-mesoestetic","7":"product_cat-lupu-prieziura","9":"first","10":"instock","11":"taxable","12":"shipping-taxable","13":"purchasable","14":"product-type-simple"},"acf":[],"brands":[{"id":1133,"name":"Mesoestetic","slug":"mesoestetic"}],"_links":{"self":[{"href":"https:\/\/skinstudio.ee\/lt\/wp-json\/wp\/v2\/product\/54699","targetHints":{"allow":["GET"]}}],"collection":[{"href":"https:\/\/skinstudio.ee\/lt\/wp-json\/wp\/v2\/product"}],"about":[{"href":"https:\/\/skinstudio.ee\/lt\/wp-json\/wp\/v2\/types\/product"}],"version-history":[{"count":0,"href":"https:\/\/skinstudio.ee\/lt\/wp-json\/wp\/v2\/product\/54699\/revisions"}],"wp:featuredmedia":[{"embeddable":true,"href":"https:\/\/skinstudio.ee\/lt\/wp-json\/wp\/v2\/media\/66984"}],"wp:attachment":[{"href":"https:\/\/skinstudio.ee\/lt\/wp-json\/wp\/v2\/media?parent=54699"}],"wp:term":[{"taxonomy":"pwb-brand","embeddable":true,"href":"https:\/\/skinstudio.ee\/lt\/wp-json\/wp\/v2\/pwb-brand?post=54699"},{"taxonomy":"product_brand","embeddable":true,"href":"https:\/\/skinstudio.ee\/lt\/wp-json\/wp\/v2\/product_brand?post=54699"},{"taxonomy":"product_cat","embeddable":true,"href":"https:\/\/skinstudio.ee\/lt\/wp-json\/wp\/v2\/product_cat?post=54699"},{"taxonomy":"product_tag","embeddable":true,"href":"https:\/\/skinstudio.ee\/lt\/wp-json\/wp\/v2\/product_tag?post=54699"},{"taxonomy":"giftcard-category","embeddable":true,"href":"https:\/\/skinstudio.ee\/lt\/wp-json\/wp\/v2\/giftcard-category?post=54699"}],"curies":[{"name":"wp","href":"https:\/\/api.w.org\/{rel}","templated":true}]}}