{"id":54714,"date":"2025-10-21T10:40:18","date_gmt":"2025-10-21T10:40:18","guid":{"rendered":"https:\/\/skinstudio.ee\/?post_type=product&#038;p=54714"},"modified":"2025-12-30T17:05:42","modified_gmt":"2025-12-30T17:05:42","slug":"hydragel-intimate","status":"publish","type":"product","link":"https:\/\/skinstudio.ee\/lt\/catalog\/mesoestetic\/hydragel-intimate\/","title":{"rendered":"Hydragel Intimate"},"content":{"rendered":"<p data-start=\"1143\" data-end=\"1499\">Dr\u0117kinamasis gelis \u0161velniai intymios zonos prie\u017ei\u016brai. <strong data-start=\"1198\" data-end=\"1233\">Mesoestetic &#8211; Hydragel Intimate<\/strong> \u0161velniai atkuria pusiausvyr\u0105, pagerina elastingum\u0105 ir komfort\u0105, suteikia gaivumo ir dr\u0117gm\u0117s poj\u016bt\u012f. Formul\u0117 su <strong data-start=\"1345\" data-end=\"1367\">hialurono r\u016bg\u0161timi<\/strong> ir <strong data-start=\"1371\" data-end=\"1384\">retinoliu<\/strong> skatina odos regeneracij\u0105 ir padeda palaikyti optimal\u0173 dr\u0117gm\u0117s lyg\u012f, suteikdama \u0161velnumo ir pasitik\u0117jimo poj\u016bt\u012f.<\/p>\n<p data-start=\"1501\" data-end=\"1667\">Idealiai tinka esant sausumui, diskomfortui ar po estetin\u0117s proced\u016bros. Lengvos tekst\u016bros gelis greitai \u012fsigeria, nereikia nuplauti ir suteikia ilgalaik\u012f dr\u0117kinim\u0105.<\/p>\n<p data-start=\"1669\" data-end=\"1691\"><strong data-start=\"1669\" data-end=\"1679\">T\u016bris:<\/strong> 12 x 5 ml<\/p>\n","protected":false},"excerpt":{"rendered":"<p data-start=\"1975\" data-end=\"2015\">Dr\u0117kinamasis gelis intymiai prie\u017ei\u016brai<\/p>\n<h2 data-start=\"2017\" data-end=\"2281\"><strong data-start=\"2017\" data-end=\"2060\">Mesoestetic &#8211; Hydragel Intimate savyb\u0117s<\/strong><\/h2>\n<p data-start=\"2017\" data-end=\"2281\" data-is-last-node=\"\" data-is-only-node=\"\">\u2714\ufe0f Giliai dr\u0117kina ir atkuria intymios srities od\u0105<br data-start=\"2112\" data-end=\"2115\" \/>\u2714\ufe0f Pagerina elastingum\u0105 ir komfort\u0105<br data-start=\"2150\" data-end=\"2153\" \/>\u2714\ufe0f Ma\u017eina sausum\u0105 ir sudirgim\u0105<br data-start=\"2183\" data-end=\"2186\" \/>\u2714\ufe0f Palaiko nat\u016brali\u0105 pusiausvyr\u0105 ir gaivum\u0105<br data-start=\"2229\" data-end=\"2232\" \/>\u2714\ufe0f Tinka reguliariai arba po proced\u016br\u0173 prie\u017ei\u016brai<\/p>\n","protected":false},"featured_media":54706,"template":"","meta":[],"pwb-brand":[1133],"product_brand":[],"product_cat":[758],"product_tag":[],"giftcard-category":[],"class_list":{"0":"post-54714","1":"product","2":"type-product","3":"status-publish","4":"has-post-thumbnail","6":"pwb-brand-mesoestetic","7":"product_cat-kuno-prieziura","9":"first","10":"instock","11":"sale","12":"taxable","13":"shipping-taxable","14":"purchasable","15":"product-type-simple"},"acf":[],"brands":[{"id":1133,"name":"Mesoestetic","slug":"mesoestetic"}],"_links":{"self":[{"href":"https:\/\/skinstudio.ee\/lt\/wp-json\/wp\/v2\/product\/54714","targetHints":{"allow":["GET"]}}],"collection":[{"href":"https:\/\/skinstudio.ee\/lt\/wp-json\/wp\/v2\/product"}],"about":[{"href":"https:\/\/skinstudio.ee\/lt\/wp-json\/wp\/v2\/types\/product"}],"version-history":[{"count":0,"href":"https:\/\/skinstudio.ee\/lt\/wp-json\/wp\/v2\/product\/54714\/revisions"}],"wp:featuredmedia":[{"embeddable":true,"href":"https:\/\/skinstudio.ee\/lt\/wp-json\/wp\/v2\/media\/54706"}],"wp:attachment":[{"href":"https:\/\/skinstudio.ee\/lt\/wp-json\/wp\/v2\/media?parent=54714"}],"wp:term":[{"taxonomy":"pwb-brand","embeddable":true,"href":"https:\/\/skinstudio.ee\/lt\/wp-json\/wp\/v2\/pwb-brand?post=54714"},{"taxonomy":"product_brand","embeddable":true,"href":"https:\/\/skinstudio.ee\/lt\/wp-json\/wp\/v2\/product_brand?post=54714"},{"taxonomy":"product_cat","embeddable":true,"href":"https:\/\/skinstudio.ee\/lt\/wp-json\/wp\/v2\/product_cat?post=54714"},{"taxonomy":"product_tag","embeddable":true,"href":"https:\/\/skinstudio.ee\/lt\/wp-json\/wp\/v2\/product_tag?post=54714"},{"taxonomy":"giftcard-category","embeddable":true,"href":"https:\/\/skinstudio.ee\/lt\/wp-json\/wp\/v2\/giftcard-category?post=54714"}],"curies":[{"name":"wp","href":"https:\/\/api.w.org\/{rel}","templated":true}]}}