{"id":54731,"date":"2025-10-21T10:51:11","date_gmt":"2025-10-21T10:51:11","guid":{"rendered":"https:\/\/skinstudio.ee\/?post_type=product&#038;p=54731"},"modified":"2025-12-30T17:05:42","modified_gmt":"2025-12-30T17:05:42","slug":"anti-stress-mask","status":"publish","type":"product","link":"https:\/\/skinstudio.ee\/lt\/catalog\/mesoestetic\/anti-stress-mask\/","title":{"rendered":"Anti-Stress Mask"},"content":{"rendered":"<p data-start=\"1241\" data-end=\"1519\">Intensyvi atkuriamoji kauk\u0117 jautriai ir sudirgusiai odai. <strong data-start=\"1299\" data-end=\"1333\">Mesoestetic &#8211; Anti-Stress Mask<\/strong> akimirksniu ramina, ma\u017eina paraudim\u0105 ir tempimo poj\u016bt\u012f, gr\u0105\u017eindama odai komfort\u0105 ir \u0161velnum\u0105. Jos \u0161velni gelinio kremo tekst\u016bra maloniai v\u0117sina ir suteikia greit\u0105 palengv\u0117jimo jausm\u0105.<\/p>\n<p data-start=\"1521\" data-end=\"1823\">Kauk\u0117s formul\u0117 praturtinta raminan\u010diais ir atkuriamaisiais ingredientais, kurie stiprina odos apsaugin\u012f barjer\u0105, atkuria mikrobiotos balans\u0105 ir suma\u017eina jautrum\u0105. Po pirmo naudojimo oda tampa glotnesn\u0117, gaivesn\u0117 ir pastebimai ramesn\u0117. Idealiai tinka po kosmetini\u0173 proced\u016br\u0173 ar kai oda patiria stres\u0105.<\/p>\n<p data-start=\"1825\" data-end=\"1844\"><strong data-start=\"1825\" data-end=\"1835\">T\u016bris:<\/strong> 100 ml<\/p>\n","protected":false},"excerpt":{"rendered":"<p data-start=\"2069\" data-end=\"2101\">Raminamoji kauk\u0117 jautriai odai<\/p>\n<h2 data-start=\"2103\" data-end=\"2371\"><strong data-start=\"2103\" data-end=\"2145\">Mesoestetic &#8211; Anti-Stress Mask savyb\u0117s<\/strong><\/h2>\n<p data-start=\"2103\" data-end=\"2371\" data-is-last-node=\"\" data-is-only-node=\"\">\u2714\ufe0f Ramina od\u0105 ir ma\u017eina sudirgim\u0105<br data-start=\"2181\" data-end=\"2184\" \/>\u2714\ufe0f Ma\u017eina paraudim\u0105 ir tempimo poj\u016bt\u012f<br data-start=\"2221\" data-end=\"2224\" \/>\u2714\ufe0f Atkuria mikrobiotos balans\u0105 ir stiprina apsaugin\u012f barjer\u0105<br data-start=\"2284\" data-end=\"2287\" \/>\u2714\ufe0f V\u0117sina ir suteikia gaivumo poj\u016bt\u012f<br data-start=\"2323\" data-end=\"2326\" \/>\u2714\ufe0f Padaro od\u0105 \u0161velni\u0105, glotni\u0105 ir komforti\u0161k\u0105<\/p>\n","protected":false},"featured_media":66979,"template":"","meta":[],"pwb-brand":[1133],"product_brand":[],"product_cat":[746,726],"product_tag":[],"giftcard-category":[],"class_list":{"0":"post-54731","1":"product","2":"type-product","3":"status-publish","4":"has-post-thumbnail","6":"pwb-brand-mesoestetic","7":"product_cat-jautri-oda","8":"product_cat-maskas","10":"first","11":"instock","12":"taxable","13":"shipping-taxable","14":"purchasable","15":"product-type-simple"},"acf":[],"brands":[{"id":1133,"name":"Mesoestetic","slug":"mesoestetic"}],"_links":{"self":[{"href":"https:\/\/skinstudio.ee\/lt\/wp-json\/wp\/v2\/product\/54731","targetHints":{"allow":["GET"]}}],"collection":[{"href":"https:\/\/skinstudio.ee\/lt\/wp-json\/wp\/v2\/product"}],"about":[{"href":"https:\/\/skinstudio.ee\/lt\/wp-json\/wp\/v2\/types\/product"}],"version-history":[{"count":0,"href":"https:\/\/skinstudio.ee\/lt\/wp-json\/wp\/v2\/product\/54731\/revisions"}],"wp:featuredmedia":[{"embeddable":true,"href":"https:\/\/skinstudio.ee\/lt\/wp-json\/wp\/v2\/media\/66979"}],"wp:attachment":[{"href":"https:\/\/skinstudio.ee\/lt\/wp-json\/wp\/v2\/media?parent=54731"}],"wp:term":[{"taxonomy":"pwb-brand","embeddable":true,"href":"https:\/\/skinstudio.ee\/lt\/wp-json\/wp\/v2\/pwb-brand?post=54731"},{"taxonomy":"product_brand","embeddable":true,"href":"https:\/\/skinstudio.ee\/lt\/wp-json\/wp\/v2\/product_brand?post=54731"},{"taxonomy":"product_cat","embeddable":true,"href":"https:\/\/skinstudio.ee\/lt\/wp-json\/wp\/v2\/product_cat?post=54731"},{"taxonomy":"product_tag","embeddable":true,"href":"https:\/\/skinstudio.ee\/lt\/wp-json\/wp\/v2\/product_tag?post=54731"},{"taxonomy":"giftcard-category","embeddable":true,"href":"https:\/\/skinstudio.ee\/lt\/wp-json\/wp\/v2\/giftcard-category?post=54731"}],"curies":[{"name":"wp","href":"https:\/\/api.w.org\/{rel}","templated":true}]}}