{"id":54746,"date":"2025-10-21T11:04:02","date_gmt":"2025-10-21T11:04:02","guid":{"rendered":"https:\/\/skinstudio.ee\/?post_type=product&#038;p=54746"},"modified":"2025-12-30T17:05:42","modified_gmt":"2025-12-30T17:05:42","slug":"fast-skin-repair","status":"publish","type":"product","link":"https:\/\/skinstudio.ee\/lt\/catalog\/mesoestetic\/fast-skin-repair\/","title":{"rendered":"Fast Skin Repair"},"content":{"rendered":"<p data-start=\"1431\" data-end=\"1704\">Atkuriamasis kremas jautriai ir sudirgusiai odai. <strong data-start=\"1481\" data-end=\"1515\">Mesoestetic &#8211; Fast Skin Repair<\/strong> pagreitina regeneracij\u0105, stiprina apsaugin\u012f barjer\u0105 ir gr\u0105\u017eina odai komfort\u0105, elastingum\u0105 bei \u0161velnum\u0105. Idealiai tinka naudoti po kosmetini\u0173 proced\u016br\u0173 ar kai oda yra jautri ir sudirgusi.<\/p>\n<p data-start=\"1706\" data-end=\"2144\">Formul\u0117je derinami <strong data-start=\"1725\" data-end=\"1756\">pantenolis, azijin\u0117 centel\u0117<\/strong> ir <strong data-start=\"1760\" data-end=\"1774\">alantoinas<\/strong>, kurie skatina gijim\u0105 ir padeda i\u0161vengti sudirgimo bei paraudimo. <strong data-start=\"1841\" data-end=\"1873\">Skvalanas, hialurono r\u016bg\u0161tis<\/strong> ir <strong data-start=\"1877\" data-end=\"1889\">\u0161lapalas<\/strong> atkuria hidrolipid\u0173 pusiausvyr\u0105, apsaugodami od\u0105 nuo i\u0161saus\u0117jimo ir aplinkos poveikio. <strong data-start=\"1977\" data-end=\"2002\">Acetyl Heptapeptide-4<\/strong> stiprina mikrobiom\u0105 ir nat\u016brali\u0105 apsaug\u0105, o <strong data-start=\"2047\" data-end=\"2065\">Tetrapeptide-2<\/strong> suteikia antioksidacin\u0119 apsaug\u0105, padedan\u010di\u0105 i\u0161vengti prie\u0161laikinio sen\u0117jimo.<\/p>\n<p data-start=\"2146\" data-end=\"2346\">Lengvos, \u0161velnios tekst\u016bros kremas greitai \u012fsigeria, nepalikdamas riebios pl\u0117vel\u0117s, ir tinka net labai jautriai odai. Po keli\u0173 naudojimo kart\u0173 oda tampa glotnesn\u0117, elastingesn\u0117 ir vizualiai ramesn\u0117.<\/p>\n<p data-start=\"2348\" data-end=\"2366\"><strong data-start=\"2348\" data-end=\"2358\">T\u016bris:<\/strong> 50 ml<\/p>\n","protected":false},"excerpt":{"rendered":"<p data-start=\"2482\" data-end=\"2517\">Atkuriamasis kremas jautriai odai<\/p>\n<h2 data-start=\"2519\" data-end=\"2789\"><strong data-start=\"2519\" data-end=\"2561\">Mesoestetic &#8211; Fast Skin Repair savyb\u0117s<\/strong><\/h2>\n<p data-start=\"2519\" data-end=\"2789\" data-is-last-node=\"\" data-is-only-node=\"\">\u2714\ufe0f Pagreitina odos atsinaujinim\u0105 ir gijim\u0105<br data-start=\"2606\" data-end=\"2609\" \/>\u2714\ufe0f Ramina ir ma\u017eina sudirgim\u0105<br data-start=\"2638\" data-end=\"2641\" \/>\u2714\ufe0f Atkuria dr\u0117gm\u0119 ir hidrolipid\u0173 balans\u0105<br data-start=\"2681\" data-end=\"2684\" \/>\u2714\ufe0f Stiprina mikrobiom\u0105 ir apsaugin\u012f barjer\u0105<br data-start=\"2727\" data-end=\"2730\" \/>\u2714\ufe0f Apsaugo nuo oksidacinio streso ir prie\u0161laikinio sen\u0117jimo<\/p>\n","protected":false},"featured_media":54738,"template":"","meta":[],"pwb-brand":[1133],"product_brand":[],"product_cat":[738,746,750],"product_tag":[],"giftcard-category":[],"class_list":{"0":"post-54746","1":"product","2":"type-product","3":"status-publish","4":"has-post-thumbnail","6":"pwb-brand-mesoestetic","7":"product_cat-drekinimas","8":"product_cat-jautriai-odai","9":"product_cat-senstanti-oda","11":"first","12":"instock","13":"taxable","14":"shipping-taxable","15":"purchasable","16":"product-type-simple"},"acf":[],"brands":[{"id":1133,"name":"Mesoestetic","slug":"mesoestetic"}],"_links":{"self":[{"href":"https:\/\/skinstudio.ee\/lt\/wp-json\/wp\/v2\/product\/54746","targetHints":{"allow":["GET"]}}],"collection":[{"href":"https:\/\/skinstudio.ee\/lt\/wp-json\/wp\/v2\/product"}],"about":[{"href":"https:\/\/skinstudio.ee\/lt\/wp-json\/wp\/v2\/types\/product"}],"version-history":[{"count":0,"href":"https:\/\/skinstudio.ee\/lt\/wp-json\/wp\/v2\/product\/54746\/revisions"}],"wp:featuredmedia":[{"embeddable":true,"href":"https:\/\/skinstudio.ee\/lt\/wp-json\/wp\/v2\/media\/54738"}],"wp:attachment":[{"href":"https:\/\/skinstudio.ee\/lt\/wp-json\/wp\/v2\/media?parent=54746"}],"wp:term":[{"taxonomy":"pwb-brand","embeddable":true,"href":"https:\/\/skinstudio.ee\/lt\/wp-json\/wp\/v2\/pwb-brand?post=54746"},{"taxonomy":"product_brand","embeddable":true,"href":"https:\/\/skinstudio.ee\/lt\/wp-json\/wp\/v2\/product_brand?post=54746"},{"taxonomy":"product_cat","embeddable":true,"href":"https:\/\/skinstudio.ee\/lt\/wp-json\/wp\/v2\/product_cat?post=54746"},{"taxonomy":"product_tag","embeddable":true,"href":"https:\/\/skinstudio.ee\/lt\/wp-json\/wp\/v2\/product_tag?post=54746"},{"taxonomy":"giftcard-category","embeddable":true,"href":"https:\/\/skinstudio.ee\/lt\/wp-json\/wp\/v2\/giftcard-category?post=54746"}],"curies":[{"name":"wp","href":"https:\/\/api.w.org\/{rel}","templated":true}]}}