{"id":54768,"date":"2025-10-21T12:02:04","date_gmt":"2025-10-21T12:02:04","guid":{"rendered":"https:\/\/skinstudio.ee\/?post_type=product&#038;p=54768"},"modified":"2025-12-30T17:05:42","modified_gmt":"2025-12-30T17:05:42","slug":"couperend-cream","status":"publish","type":"product","link":"https:\/\/skinstudio.ee\/lt\/catalog\/mesoestetic\/couperend-cream\/","title":{"rendered":"Couperend Cream"},"content":{"rendered":"<p data-start=\"1353\" data-end=\"1555\">Dr\u0117kinamasis kremas jautriai, paraudusiai ir kuperozei linkusiai odai. <strong data-start=\"1424\" data-end=\"1457\">Mesoestetic &#8211; Couperend Cream<\/strong> ma\u017eina kapiliar\u0173 trapum\u0105, paraudim\u0105 ir matomus kraujagysles, atkuria odos tolygum\u0105 ir komfort\u0105.<\/p>\n<p data-start=\"1557\" data-end=\"2063\">Sud\u0117tis su <strong data-start=\"1568\" data-end=\"1640\">saldaus dobilo, dygliaus, m\u0117lyni\u0173, hesperidino ir escino ekstraktais<\/strong> suteikia stipr\u0173 prie\u0161u\u017edegimin\u012f ir kraujagysles stiprinant\u012f poveik\u012f. Kremas gerina mikrocirkuliacij\u0105, stiprina kapiliar\u0173 sieneles ir matomai ma\u017eina paraudim\u0105. <strong data-start=\"1800\" data-end=\"1813\">Skvalanas<\/strong> ir <strong data-start=\"1817\" data-end=\"1831\">pantenolis<\/strong> maitina ir mink\u0161tina od\u0105, apsaugodami nuo sausumo ir pleiskanojimo. <strong data-start=\"1900\" data-end=\"1925\">Acetyl Heptapeptide-4<\/strong> padeda atkurti mikrobiomos pusiausvyr\u0105, o <strong data-start=\"1968\" data-end=\"1986\">Tetrapeptide-2<\/strong> suteikia antioksidacin\u0119 apsaug\u0105 ir padeda i\u0161vengti prie\u0161laikinio sen\u0117jimo.<\/p>\n<p data-start=\"2065\" data-end=\"2209\">D\u0117l \u0161velnios tekst\u016bros kremas greitai susigeria, nepalieka riebumo poj\u016b\u010dio ir puikiai tinka kasdienei jautrios bei reaktyvios odos prie\u017ei\u016brai.<\/p>\n<p data-start=\"2211\" data-end=\"2229\"><strong data-start=\"2211\" data-end=\"2221\">T\u016bris:<\/strong> 50 ml<\/p>\n","protected":false},"excerpt":{"rendered":"<p data-start=\"2338\" data-end=\"2360\">Kremas nuo kuperoz\u0117s<\/p>\n<h2 data-start=\"2362\" data-end=\"2659\"><strong data-start=\"2362\" data-end=\"2403\">Mesoestetic &#8211; Couperend Cream savyb\u0117s<\/strong><\/h2>\n<p data-start=\"2362\" data-end=\"2659\" data-is-last-node=\"\" data-is-only-node=\"\">\u2714\ufe0f Ma\u017eina paraudim\u0105 ir matomus kapiliarus<br data-start=\"2447\" data-end=\"2450\" \/>\u2714\ufe0f Stiprina kraujagysles ir gerina mikrocirkuliacij\u0105<br data-start=\"2502\" data-end=\"2505\" \/>\u2714\ufe0f Ramina ir mink\u0161tina jautri\u0105 od\u0105<br data-start=\"2539\" data-end=\"2542\" \/>\u2714\ufe0f Atkuria mikrobiomos pusiausvyr\u0105 ir apsaugin\u012f barjer\u0105<br data-start=\"2597\" data-end=\"2600\" \/>\u2714\ufe0f Apsaugo nuo oksidacinio streso ir prie\u0161laikinio sen\u0117jimo<\/p>\n","protected":false},"featured_media":54758,"template":"","meta":[],"pwb-brand":[1133],"product_brand":[],"product_cat":[738,746,750],"product_tag":[],"giftcard-category":[],"class_list":{"0":"post-54768","1":"product","2":"type-product","3":"status-publish","4":"has-post-thumbnail","6":"pwb-brand-mesoestetic","7":"product_cat-drekinimas","8":"product_cat-jautriai-odai","9":"product_cat-senstanti-oda","11":"first","12":"instock","13":"taxable","14":"shipping-taxable","15":"purchasable","16":"product-type-simple"},"acf":[],"brands":[{"id":1133,"name":"Mesoestetic","slug":"mesoestetic"}],"_links":{"self":[{"href":"https:\/\/skinstudio.ee\/lt\/wp-json\/wp\/v2\/product\/54768","targetHints":{"allow":["GET"]}}],"collection":[{"href":"https:\/\/skinstudio.ee\/lt\/wp-json\/wp\/v2\/product"}],"about":[{"href":"https:\/\/skinstudio.ee\/lt\/wp-json\/wp\/v2\/types\/product"}],"version-history":[{"count":0,"href":"https:\/\/skinstudio.ee\/lt\/wp-json\/wp\/v2\/product\/54768\/revisions"}],"wp:featuredmedia":[{"embeddable":true,"href":"https:\/\/skinstudio.ee\/lt\/wp-json\/wp\/v2\/media\/54758"}],"wp:attachment":[{"href":"https:\/\/skinstudio.ee\/lt\/wp-json\/wp\/v2\/media?parent=54768"}],"wp:term":[{"taxonomy":"pwb-brand","embeddable":true,"href":"https:\/\/skinstudio.ee\/lt\/wp-json\/wp\/v2\/pwb-brand?post=54768"},{"taxonomy":"product_brand","embeddable":true,"href":"https:\/\/skinstudio.ee\/lt\/wp-json\/wp\/v2\/product_brand?post=54768"},{"taxonomy":"product_cat","embeddable":true,"href":"https:\/\/skinstudio.ee\/lt\/wp-json\/wp\/v2\/product_cat?post=54768"},{"taxonomy":"product_tag","embeddable":true,"href":"https:\/\/skinstudio.ee\/lt\/wp-json\/wp\/v2\/product_tag?post=54768"},{"taxonomy":"giftcard-category","embeddable":true,"href":"https:\/\/skinstudio.ee\/lt\/wp-json\/wp\/v2\/giftcard-category?post=54768"}],"curies":[{"name":"wp","href":"https:\/\/api.w.org\/{rel}","templated":true}]}}