{"id":54791,"date":"2025-10-21T12:25:10","date_gmt":"2025-10-21T12:25:10","guid":{"rendered":"https:\/\/skinstudio.ee\/?post_type=product&#038;p=54791"},"modified":"2025-12-30T17:05:42","modified_gmt":"2025-12-30T17:05:42","slug":"melan-recovery","status":"publish","type":"product","link":"https:\/\/skinstudio.ee\/lt\/catalog\/mesoestetic\/melan-recovery\/","title":{"rendered":"Melan Recovery"},"content":{"rendered":"<p data-start=\"1025\" data-end=\"1302\">Intensyvus atkuriamasis kremas jautriai ir sudirgusiai odai. <strong data-start=\"1086\" data-end=\"1118\">Mesoestetic &#8211; Melan Recovery<\/strong> akimirksniu ramina, ma\u017eina paraudim\u0105 ir tempimo poj\u016bt\u012f, gr\u0105\u017eindamas odai komfort\u0105, \u0161velnum\u0105 ir elastingum\u0105. Idealiai tinka po kosmetini\u0173 proced\u016br\u0173, piling\u0173 ar streso paveiktai odai.<\/p>\n<p data-start=\"1304\" data-end=\"1521\">Turtinga, ta\u010diau \u0161velni tekst\u016bra giliai maitina ir atkuria odos apsaugin\u012f barjer\u0105, ma\u017eina jautrum\u0105 ir didina atsparum\u0105 i\u0161oriniams veiksniams. Po keli\u0173 naudojim\u0173 oda tampa pastebimai ramesn\u0117, sudr\u0117kinta ir sveikesn\u0117.<\/p>\n<p data-start=\"1523\" data-end=\"1541\"><strong data-start=\"1523\" data-end=\"1533\">T\u016bris:<\/strong> 50 ml<\/p>\n","protected":false},"excerpt":{"rendered":"<p data-start=\"1669\" data-end=\"1716\">Raminamasis atkuriamasis kremas jautriai odai<\/p>\n<h2 data-start=\"1718\" data-end=\"1996\"><strong data-start=\"1718\" data-end=\"1759\">Mesoestetic &#8211; Melan Recovery savyb\u0117s<\/strong><\/h2>\n<p data-start=\"1718\" data-end=\"1996\" data-is-last-node=\"\" data-is-only-node=\"\">\u2714\ufe0f Akimirksniu ramina ir ma\u017eina paraudim\u0105<br data-start=\"1803\" data-end=\"1806\" \/>\u2714\ufe0f Atkuria barjer\u0105 ir suma\u017eina odos jautrum\u0105<br data-start=\"1850\" data-end=\"1853\" \/>\u2714\ufe0f Suteikia komforto, elastingumo ir \u0161velnumo poj\u016bt\u012f<br data-start=\"1905\" data-end=\"1908\" \/>\u2714\ufe0f Pagreitina atsigavim\u0105 po proced\u016br\u0173<br data-start=\"1945\" data-end=\"1948\" \/>\u2714\ufe0f Palieka od\u0105 lygi\u0105, rami\u0105 ir giliai sudr\u0117kint\u0105<\/p>\n","protected":false},"featured_media":66974,"template":"","meta":[],"pwb-brand":[1133],"product_brand":[],"product_cat":[738,746,750],"product_tag":[],"giftcard-category":[],"class_list":{"0":"post-54791","1":"product","2":"type-product","3":"status-publish","4":"has-post-thumbnail","6":"pwb-brand-mesoestetic","7":"product_cat-drekinimas","8":"product_cat-jautriai-odai","9":"product_cat-senstanti-oda","11":"first","12":"instock","13":"taxable","14":"shipping-taxable","15":"purchasable","16":"product-type-simple"},"acf":[],"brands":[{"id":1133,"name":"Mesoestetic","slug":"mesoestetic"}],"_links":{"self":[{"href":"https:\/\/skinstudio.ee\/lt\/wp-json\/wp\/v2\/product\/54791","targetHints":{"allow":["GET"]}}],"collection":[{"href":"https:\/\/skinstudio.ee\/lt\/wp-json\/wp\/v2\/product"}],"about":[{"href":"https:\/\/skinstudio.ee\/lt\/wp-json\/wp\/v2\/types\/product"}],"version-history":[{"count":0,"href":"https:\/\/skinstudio.ee\/lt\/wp-json\/wp\/v2\/product\/54791\/revisions"}],"wp:featuredmedia":[{"embeddable":true,"href":"https:\/\/skinstudio.ee\/lt\/wp-json\/wp\/v2\/media\/66974"}],"wp:attachment":[{"href":"https:\/\/skinstudio.ee\/lt\/wp-json\/wp\/v2\/media?parent=54791"}],"wp:term":[{"taxonomy":"pwb-brand","embeddable":true,"href":"https:\/\/skinstudio.ee\/lt\/wp-json\/wp\/v2\/pwb-brand?post=54791"},{"taxonomy":"product_brand","embeddable":true,"href":"https:\/\/skinstudio.ee\/lt\/wp-json\/wp\/v2\/product_brand?post=54791"},{"taxonomy":"product_cat","embeddable":true,"href":"https:\/\/skinstudio.ee\/lt\/wp-json\/wp\/v2\/product_cat?post=54791"},{"taxonomy":"product_tag","embeddable":true,"href":"https:\/\/skinstudio.ee\/lt\/wp-json\/wp\/v2\/product_tag?post=54791"},{"taxonomy":"giftcard-category","embeddable":true,"href":"https:\/\/skinstudio.ee\/lt\/wp-json\/wp\/v2\/giftcard-category?post=54791"}],"curies":[{"name":"wp","href":"https:\/\/api.w.org\/{rel}","templated":true}]}}