{"id":54817,"date":"2025-10-21T13:06:20","date_gmt":"2025-10-21T13:06:20","guid":{"rendered":"https:\/\/skinstudio.ee\/?post_type=product&#038;p=54817"},"modified":"2025-12-30T17:05:42","modified_gmt":"2025-12-30T17:05:42","slug":"skin-balance","status":"publish","type":"product","link":"https:\/\/skinstudio.ee\/lt\/catalog\/mesoestetic\/skin-balance\/","title":{"rendered":"Skin Balance"},"content":{"rendered":"<p data-start=\"1402\" data-end=\"1693\">Intensyvus serumo koncentratas jautriai ir reaktyviai odai. <strong data-start=\"1462\" data-end=\"1492\">Mesoestetic &#8211; Skin Balance<\/strong> akimirksniu ramina, ma\u017eina paraudim\u0105, nie\u017e\u0117jim\u0105 ir sudirginim\u0105, pad\u0117damas odai atkurti nat\u016bral\u0173 balans\u0105 ir komfort\u0105. Idealiai tinka jautriai, stres\u0105 patirian\u010diai ar po proced\u016br\u0173 atsistatan\u010diai odai.<\/p>\n<p data-start=\"1695\" data-end=\"2053\">Formul\u0117 sujungia raminan\u010dius augal\u0173 ekstraktus, pantenol\u012f, alavij\u0105 ir medetkas, kurie stimuliuoja l\u0105steli\u0173 atsinaujinim\u0105, stiprina apsaugin\u012f barjer\u0105 ir didina atsparum\u0105 i\u0161oriniams veiksniams. Prebiotikai padeda atkurti mikrobiotos balans\u0105, palaiko sveik\u0105 odos ekosistem\u0105, o tetrapeptidas-2 apsaugo l\u0105steles nuo oksidacinio streso ir prie\u0161laikinio sen\u0117jimo.<\/p>\n<p data-start=\"2055\" data-end=\"2139\">Po naudojimo oda tampa pastebimai \u0161velnesn\u0117, ramesn\u0117 ir ma\u017eiau jautri dirgikliams.<\/p>\n<p data-start=\"2141\" data-end=\"2159\"><strong data-start=\"2141\" data-end=\"2151\">T\u016bris:<\/strong> 30 ml<\/p>\n","protected":false},"excerpt":{"rendered":"<p data-start=\"2375\" data-end=\"2410\">Raminamasis serumas jautriai odai<\/p>\n<h2 data-start=\"2412\" data-end=\"2720\"><strong data-start=\"2412\" data-end=\"2450\">Mesoestetic &#8211; Skin Balance savyb\u0117s<\/strong><\/h2>\n<p data-start=\"2412\" data-end=\"2720\" data-is-last-node=\"\" data-is-only-node=\"\">\u2714\ufe0f Akimirksniu suma\u017eina paraudim\u0105 ir sudirginim\u0105<br data-start=\"2501\" data-end=\"2504\" \/>\u2714\ufe0f Atkuria balans\u0105 ir stiprina apsaugin\u012f barjer\u0105<br data-start=\"2552\" data-end=\"2555\" \/>\u2714\ufe0f Skatina l\u0105steli\u0173 atsinaujinim\u0105 ir odos atsparum\u0105<br data-start=\"2606\" data-end=\"2609\" \/>\u2714\ufe0f Palaiko sveik\u0105 mikrobiot\u0105 ir nat\u016brali\u0105 apsaug\u0105<br data-start=\"2658\" data-end=\"2661\" \/>\u2714\ufe0f Apsaugo nuo oksidacinio streso ir prie\u0161laikinio sen\u0117jimo<\/p>\n","protected":false},"featured_media":66969,"template":"","meta":[],"pwb-brand":[1133],"product_brand":[],"product_cat":[746,750,724],"product_tag":[],"giftcard-category":[],"class_list":{"0":"post-54817","1":"product","2":"type-product","3":"status-publish","4":"has-post-thumbnail","6":"pwb-brand-mesoestetic","7":"product_cat-jautriai-odai","8":"product_cat-senstanti-oda","9":"product_cat-serumai","11":"first","12":"instock","13":"taxable","14":"shipping-taxable","15":"purchasable","16":"product-type-simple"},"acf":[],"brands":[{"id":1133,"name":"Mesoestetic","slug":"mesoestetic"}],"_links":{"self":[{"href":"https:\/\/skinstudio.ee\/lt\/wp-json\/wp\/v2\/product\/54817","targetHints":{"allow":["GET"]}}],"collection":[{"href":"https:\/\/skinstudio.ee\/lt\/wp-json\/wp\/v2\/product"}],"about":[{"href":"https:\/\/skinstudio.ee\/lt\/wp-json\/wp\/v2\/types\/product"}],"version-history":[{"count":0,"href":"https:\/\/skinstudio.ee\/lt\/wp-json\/wp\/v2\/product\/54817\/revisions"}],"wp:featuredmedia":[{"embeddable":true,"href":"https:\/\/skinstudio.ee\/lt\/wp-json\/wp\/v2\/media\/66969"}],"wp:attachment":[{"href":"https:\/\/skinstudio.ee\/lt\/wp-json\/wp\/v2\/media?parent=54817"}],"wp:term":[{"taxonomy":"pwb-brand","embeddable":true,"href":"https:\/\/skinstudio.ee\/lt\/wp-json\/wp\/v2\/pwb-brand?post=54817"},{"taxonomy":"product_brand","embeddable":true,"href":"https:\/\/skinstudio.ee\/lt\/wp-json\/wp\/v2\/product_brand?post=54817"},{"taxonomy":"product_cat","embeddable":true,"href":"https:\/\/skinstudio.ee\/lt\/wp-json\/wp\/v2\/product_cat?post=54817"},{"taxonomy":"product_tag","embeddable":true,"href":"https:\/\/skinstudio.ee\/lt\/wp-json\/wp\/v2\/product_tag?post=54817"},{"taxonomy":"giftcard-category","embeddable":true,"href":"https:\/\/skinstudio.ee\/lt\/wp-json\/wp\/v2\/giftcard-category?post=54817"}],"curies":[{"name":"wp","href":"https:\/\/api.w.org\/{rel}","templated":true}]}}