{"id":54833,"date":"2025-10-21T13:24:16","date_gmt":"2025-10-21T13:24:16","guid":{"rendered":"https:\/\/skinstudio.ee\/?post_type=product&#038;p=54833"},"modified":"2025-12-30T17:05:42","modified_gmt":"2025-12-30T17:05:42","slug":"tricology-lotion","status":"publish","type":"product","link":"https:\/\/skinstudio.ee\/lt\/catalog\/mesoestetic\/tricology-lotion\/","title":{"rendered":"Tricology Lotion"},"content":{"rendered":"<p data-start=\"1200\" data-end=\"1573\">Intensyvus losjonas nuo plauk\u0173 slinkimo su aktyviu poveikiu galvos odai. Formul\u0117 skirta kovoti su pagrindin\u0117mis androgenin\u0117s alopecijos prie\u017eastimis tiek vyrams, tiek moterims. Stimuliuoja mikrocirkuliacij\u0105, gerina maistini\u0173 med\u017eiag\u0173 tiekim\u0105 folikulams, stiprina \u0161aknis ir skatina nauj\u0173 plauk\u0173 augim\u0105. Reguliariai naudojant plaukai tampa tankesni, stipresni ir sveikesni.<\/p>\n<p data-start=\"1575\" data-end=\"1596\"><strong data-start=\"1575\" data-end=\"1585\">T\u016bris:<\/strong> 8 x 5 ml<\/p>\n","protected":false},"excerpt":{"rendered":"<p data-start=\"1824\" data-end=\"1871\">Atkuriamasis losjonas plauk\u0173 augimui skatinti<\/p>\n<h2 data-start=\"1873\" data-end=\"2162\"><strong data-start=\"1873\" data-end=\"1915\">Mesoestetic &#8211; Tricology Lotion savyb\u0117s<\/strong><\/h2>\n<p data-start=\"1873\" data-end=\"2162\">\u2714\ufe0f Aktyvina plauk\u0173 folikulus ir skatina augim\u0105<br data-start=\"1964\" data-end=\"1967\" \/>\u2714\ufe0f Stiprina strukt\u016br\u0105 ir ma\u017eina l\u016b\u017ein\u0117jim\u0105<br data-start=\"2009\" data-end=\"2012\" \/>\u2714\ufe0f Atkuria plauk\u0173 gyvybingum\u0105 ir tank\u012f<br data-start=\"2050\" data-end=\"2053\" \/>\u2714\ufe0f Gerina mikrocirkuliacij\u0105 ir suteikia energijos galvos odai<br data-start=\"2114\" data-end=\"2117\" \/>\u2714\ufe0f Suteikia gaivumo ir nat\u016bralaus blizgesio<\/p>\n","protected":false},"featured_media":66962,"template":"","meta":[],"pwb-brand":[1133],"product_brand":[],"product_cat":[763],"product_tag":[],"giftcard-category":[],"class_list":{"0":"post-54833","1":"product","2":"type-product","3":"status-publish","4":"has-post-thumbnail","6":"pwb-brand-mesoestetic","7":"product_cat-plauku-prieziura","9":"first","10":"instock","11":"taxable","12":"shipping-taxable","13":"purchasable","14":"product-type-simple"},"acf":[],"brands":[{"id":1133,"name":"Mesoestetic","slug":"mesoestetic"}],"_links":{"self":[{"href":"https:\/\/skinstudio.ee\/lt\/wp-json\/wp\/v2\/product\/54833","targetHints":{"allow":["GET"]}}],"collection":[{"href":"https:\/\/skinstudio.ee\/lt\/wp-json\/wp\/v2\/product"}],"about":[{"href":"https:\/\/skinstudio.ee\/lt\/wp-json\/wp\/v2\/types\/product"}],"version-history":[{"count":0,"href":"https:\/\/skinstudio.ee\/lt\/wp-json\/wp\/v2\/product\/54833\/revisions"}],"wp:featuredmedia":[{"embeddable":true,"href":"https:\/\/skinstudio.ee\/lt\/wp-json\/wp\/v2\/media\/66962"}],"wp:attachment":[{"href":"https:\/\/skinstudio.ee\/lt\/wp-json\/wp\/v2\/media?parent=54833"}],"wp:term":[{"taxonomy":"pwb-brand","embeddable":true,"href":"https:\/\/skinstudio.ee\/lt\/wp-json\/wp\/v2\/pwb-brand?post=54833"},{"taxonomy":"product_brand","embeddable":true,"href":"https:\/\/skinstudio.ee\/lt\/wp-json\/wp\/v2\/product_brand?post=54833"},{"taxonomy":"product_cat","embeddable":true,"href":"https:\/\/skinstudio.ee\/lt\/wp-json\/wp\/v2\/product_cat?post=54833"},{"taxonomy":"product_tag","embeddable":true,"href":"https:\/\/skinstudio.ee\/lt\/wp-json\/wp\/v2\/product_tag?post=54833"},{"taxonomy":"giftcard-category","embeddable":true,"href":"https:\/\/skinstudio.ee\/lt\/wp-json\/wp\/v2\/giftcard-category?post=54833"}],"curies":[{"name":"wp","href":"https:\/\/api.w.org\/{rel}","templated":true}]}}