{"id":54852,"date":"2025-10-21T13:31:57","date_gmt":"2025-10-21T13:31:57","guid":{"rendered":"https:\/\/skinstudio.ee\/?post_type=product&#038;p=54852"},"modified":"2025-12-30T17:05:42","modified_gmt":"2025-12-30T17:05:42","slug":"tricology-shampoo","status":"publish","type":"product","link":"https:\/\/skinstudio.ee\/lt\/catalog\/mesoestetic\/tricology-shampoo\/","title":{"rendered":"Tricology Shampoo"},"content":{"rendered":"<p data-start=\"1776\" data-end=\"2149\">Stiprinamasis \u0161amp\u016bnas nuo plauk\u0173 slinkimo, sukurtas atkurti plauk\u0173 gyvybingum\u0105 ir tank\u012f. Mesoestetic Tricology Shampoo aktyviai ma\u017eina plauk\u0173 slinkim\u0105, didina apimt\u012f, blizges\u012f ir atsparum\u0105 tiek vyrams, tiek moterims. Pa\u017eangi formul\u0117 sujungia augal\u0173 ekstraktus ir B grup\u0117s vitaminus, u\u017etikrindama gil\u0173 galvos odos valym\u0105, augimo stimuliavim\u0105 ir plauk\u0173 strukt\u016bros apsaug\u0105.<\/p>\n<p data-start=\"2151\" data-end=\"2537\">Saw Palmetto ekstraktas veikia kaip nat\u016bralus stimuliatorius, aktyvindamas folikulus ir gerindamas mikrocirkuliacij\u0105. B grup\u0117s vitamin\u0173 kompleksas (dekspantenolis ir biotinas) maitina galvos od\u0105, stiprina keratino sluoksn\u012f ir suteikia plaukams tvirtumo nuo \u0161akn\u0173 iki galiuk\u0173. Cinkas stiprina folikulus, apsaugo nuo j\u0173 susilpn\u0117jimo ir padeda i\u0161laikyti plauk\u0173 tank\u012f bei sveik\u0105 blizges\u012f.<\/p>\n<p data-start=\"2539\" data-end=\"2674\">Reguliarus naudojimas stiprina \u0161aknis, ma\u017eina l\u016b\u017ein\u0117jim\u0105 ir atkuria elastingum\u0105. Plaukai tampa tankesni, stipresni ir kupini gyvyb\u0117s.<\/p>\n<p data-start=\"2676\" data-end=\"2695\"><strong data-start=\"2676\" data-end=\"2686\">T\u016bris:<\/strong> 225 ml<\/p>\n","protected":false},"excerpt":{"rendered":"<p data-start=\"2975\" data-end=\"3019\">Stiprinamasis \u0161amp\u016bnas nuo plauk\u0173 slinkimo<\/p>\n<h2 data-start=\"3021\" data-end=\"3301\"><strong data-start=\"3021\" data-end=\"3064\">Mesoestetic &#8211; Tricology Shampoo savyb\u0117s<\/strong><\/h2>\n<p data-start=\"3021\" data-end=\"3301\">\u2714\ufe0f Stiprina \u0161aknis ir padeda ma\u017einti plauk\u0173 slinkim\u0105<br data-start=\"3119\" data-end=\"3122\" \/>\u2714\ufe0f Didina apimt\u012f, tank\u012f ir nat\u016bral\u0173 blizges\u012f<br data-start=\"3166\" data-end=\"3169\" \/>\u2714\ufe0f Atkuria strukt\u016br\u0105 ir suma\u017eina trapum\u0105<br data-start=\"3209\" data-end=\"3212\" \/>\u2714\ufe0f Gaivina galvos od\u0105 ir stimuliuoja augim\u0105<br data-start=\"3255\" data-end=\"3258\" \/>\u2714\ufe0f Padeda i\u0161laikyti sveik\u0105 pH pusiausvyr\u0105<\/p>\n","protected":false},"featured_media":66946,"template":"","meta":[],"pwb-brand":[1133],"product_brand":[],"product_cat":[763],"product_tag":[],"giftcard-category":[],"class_list":{"0":"post-54852","1":"product","2":"type-product","3":"status-publish","4":"has-post-thumbnail","6":"pwb-brand-mesoestetic","7":"product_cat-plauku-prieziura","9":"first","10":"instock","11":"taxable","12":"shipping-taxable","13":"purchasable","14":"product-type-simple"},"acf":[],"brands":[{"id":1133,"name":"Mesoestetic","slug":"mesoestetic"}],"_links":{"self":[{"href":"https:\/\/skinstudio.ee\/lt\/wp-json\/wp\/v2\/product\/54852","targetHints":{"allow":["GET"]}}],"collection":[{"href":"https:\/\/skinstudio.ee\/lt\/wp-json\/wp\/v2\/product"}],"about":[{"href":"https:\/\/skinstudio.ee\/lt\/wp-json\/wp\/v2\/types\/product"}],"version-history":[{"count":0,"href":"https:\/\/skinstudio.ee\/lt\/wp-json\/wp\/v2\/product\/54852\/revisions"}],"wp:featuredmedia":[{"embeddable":true,"href":"https:\/\/skinstudio.ee\/lt\/wp-json\/wp\/v2\/media\/66946"}],"wp:attachment":[{"href":"https:\/\/skinstudio.ee\/lt\/wp-json\/wp\/v2\/media?parent=54852"}],"wp:term":[{"taxonomy":"pwb-brand","embeddable":true,"href":"https:\/\/skinstudio.ee\/lt\/wp-json\/wp\/v2\/pwb-brand?post=54852"},{"taxonomy":"product_brand","embeddable":true,"href":"https:\/\/skinstudio.ee\/lt\/wp-json\/wp\/v2\/product_brand?post=54852"},{"taxonomy":"product_cat","embeddable":true,"href":"https:\/\/skinstudio.ee\/lt\/wp-json\/wp\/v2\/product_cat?post=54852"},{"taxonomy":"product_tag","embeddable":true,"href":"https:\/\/skinstudio.ee\/lt\/wp-json\/wp\/v2\/product_tag?post=54852"},{"taxonomy":"giftcard-category","embeddable":true,"href":"https:\/\/skinstudio.ee\/lt\/wp-json\/wp\/v2\/giftcard-category?post=54852"}],"curies":[{"name":"wp","href":"https:\/\/api.w.org\/{rel}","templated":true}]}}