{"id":54868,"date":"2025-10-21T13:40:21","date_gmt":"2025-10-21T13:40:21","guid":{"rendered":"https:\/\/skinstudio.ee\/?post_type=product&#038;p=54868"},"modified":"2025-12-30T17:05:42","modified_gmt":"2025-12-30T17:05:42","slug":"pure-renewing-mask","status":"publish","type":"product","link":"https:\/\/skinstudio.ee\/lt\/catalog\/mesoestetic\/pure-renewing-mask\/","title":{"rendered":"Pure Renewing Mask"},"content":{"rendered":"<p data-start=\"1722\" data-end=\"2077\">Intensyvi valanti ir eksfolijuojanti kauk\u0117, sukurta giliai valyti od\u0105 su komedonais, i\u0161sipl\u0117tusiomis poromis ir netolygiu pavir\u0161iumi. Baltoji molis sugeria perteklin\u012f sebumo kiek\u012f ir pa\u0161alina blizges\u012f, o salicilo ir migdol\u0173 r\u016bg\u0161\u010di\u0173 derinys aktyvina odos atsinaujinimo proces\u0105, \u0161velniai pa\u0161alindamas negyvas l\u0105steles ir pad\u0117damas i\u0161vengti nauj\u0173 u\u017edegim\u0173.<\/p>\n<p data-start=\"2079\" data-end=\"2347\">Biologi\u0161kai skaid\u017eios celiulioz\u0117s dalel\u0117s suteikia \u0161veln\u0173 mechanin\u012f \u0161veitim\u0105, efektyviai i\u0161valo poras ir i\u0161lygina odos tekst\u016br\u0105. Formul\u0117 praturtinta postbiotiku Lactobacillus Ferment, kuris padeda i\u0161laikyti mikrobiotos pusiausvyr\u0105 ir stiprina apsaugin\u012f odos barjer\u0105.<\/p>\n<p data-start=\"2349\" data-end=\"2578\">Biotechnologinis aktyvus ingredientas Urban D-tox apsaugo od\u0105 nuo tar\u0161os ir oksidacinio streso, u\u017ekertant keli\u0105 pilkumui ir prie\u0161laikiniam sen\u0117jimui. Reguliariai naudojant oda tampa \u0161varesn\u0117, mati\u0161ka ir vizualiai atsinaujinusi.<\/p>\n<p data-start=\"2580\" data-end=\"2599\"><strong data-start=\"2580\" data-end=\"2590\">T\u016bris:<\/strong> 100 ml<\/p>\n","protected":false},"excerpt":{"rendered":"<p data-start=\"2846\" data-end=\"2899\">Giliai valanti kauk\u0117 su baltuoju moliu ir r\u016bg\u0161timis<\/p>\n<h2 data-start=\"2901\" data-end=\"3192\"><strong data-start=\"2901\" data-end=\"2945\">Mesoestetic &#8211; Pure Renewing Mask savyb\u0117s<\/strong><\/h2>\n<p data-start=\"2901\" data-end=\"3192\">\u2714\ufe0f I\u0161valo poras ir pa\u0161alina blizges\u012f<br data-start=\"2984\" data-end=\"2987\" \/>\u2714\ufe0f Pa\u0161alina negyvas l\u0105steles ir atnaujina od\u0105<br data-start=\"3032\" data-end=\"3035\" \/>\u2714\ufe0f Reguliuoja sebumo gamyb\u0105 ir padeda i\u0161vengti u\u017edegim\u0173<br data-start=\"3090\" data-end=\"3093\" \/>\u2714\ufe0f Subalansuoja mikrobiot\u0105 ir stiprina odos barjer\u0105<br data-start=\"3144\" data-end=\"3147\" \/>\u2714\ufe0f Apsaugo nuo tar\u0161os ir oksidacinio streso<\/p>\n","protected":false},"featured_media":54859,"template":"","meta":[],"pwb-brand":[1133],"product_brand":[],"product_cat":[742,726,750],"product_tag":[],"giftcard-category":[],"class_list":{"0":"post-54868","1":"product","2":"type-product","3":"status-publish","4":"has-post-thumbnail","6":"pwb-brand-mesoestetic","7":"product_cat-akne","8":"product_cat-maskas","9":"product_cat-odos-senejimas","11":"first","12":"instock","13":"taxable","14":"shipping-taxable","15":"purchasable","16":"product-type-simple"},"acf":[],"brands":[{"id":1133,"name":"Mesoestetic","slug":"mesoestetic"}],"_links":{"self":[{"href":"https:\/\/skinstudio.ee\/lt\/wp-json\/wp\/v2\/product\/54868","targetHints":{"allow":["GET"]}}],"collection":[{"href":"https:\/\/skinstudio.ee\/lt\/wp-json\/wp\/v2\/product"}],"about":[{"href":"https:\/\/skinstudio.ee\/lt\/wp-json\/wp\/v2\/types\/product"}],"version-history":[{"count":0,"href":"https:\/\/skinstudio.ee\/lt\/wp-json\/wp\/v2\/product\/54868\/revisions"}],"wp:featuredmedia":[{"embeddable":true,"href":"https:\/\/skinstudio.ee\/lt\/wp-json\/wp\/v2\/media\/54859"}],"wp:attachment":[{"href":"https:\/\/skinstudio.ee\/lt\/wp-json\/wp\/v2\/media?parent=54868"}],"wp:term":[{"taxonomy":"pwb-brand","embeddable":true,"href":"https:\/\/skinstudio.ee\/lt\/wp-json\/wp\/v2\/pwb-brand?post=54868"},{"taxonomy":"product_brand","embeddable":true,"href":"https:\/\/skinstudio.ee\/lt\/wp-json\/wp\/v2\/product_brand?post=54868"},{"taxonomy":"product_cat","embeddable":true,"href":"https:\/\/skinstudio.ee\/lt\/wp-json\/wp\/v2\/product_cat?post=54868"},{"taxonomy":"product_tag","embeddable":true,"href":"https:\/\/skinstudio.ee\/lt\/wp-json\/wp\/v2\/product_tag?post=54868"},{"taxonomy":"giftcard-category","embeddable":true,"href":"https:\/\/skinstudio.ee\/lt\/wp-json\/wp\/v2\/giftcard-category?post=54868"}],"curies":[{"name":"wp","href":"https:\/\/api.w.org\/{rel}","templated":true}]}}