{"id":54899,"date":"2025-10-21T14:02:09","date_gmt":"2025-10-21T14:02:09","guid":{"rendered":"https:\/\/skinstudio.ee\/?post_type=product&#038;p=54899"},"modified":"2025-12-30T17:05:42","modified_gmt":"2025-12-30T17:05:42","slug":"blemiderm-treatment","status":"publish","type":"product","link":"https:\/\/skinstudio.ee\/lt\/catalog\/mesoestetic\/blemiderm-treatment\/","title":{"rendered":"Blemiderm Treatment"},"content":{"rendered":"<p data-start=\"1652\" data-end=\"2115\">Intensyvus naktinis gelinis kremas, specialiai sukurtas riebiai ir probleminei odai su akn\u0117s p\u0117dsakais ir i\u0161sipl\u0117tusiomis poromis. Mesoestetic Blemiderm Treatment sujungia eksfolijuojant\u012f, sebumo gamyb\u0105 reguliuojant\u012f ir atkuriam\u0105j\u012f poveik\u012f, skatindamas gili\u0105 l\u0105steli\u0173 regeneracij\u0105 ir pagerindamas odos tekst\u016br\u0105. Jau po pirmos nakties oda atrodo gaivesn\u0117, \u0161varesn\u0117 ir lygesn\u0117, o reguliariai naudojant suma\u017e\u0117ja u\u017edegim\u0173 p\u0117dsakai, b\u0117rimai ir perteklinis blizgesys.<\/p>\n<p data-start=\"2117\" data-end=\"2519\">Formul\u0117je yra aktyvi\u0173 r\u016bg\u0161\u010di\u0173 derinys, kuris \u0161velniai nu\u0161vei\u010dia ir i\u0161valo poras, pad\u0117damas i\u0161vengti j\u0173 u\u017esikim\u0161imo. Antioksidant\u0173 kompleksas saugo od\u0105 nuo oksidacinio streso, o dr\u0117kinamosios med\u017eiagos atkuria apsaugin\u012f barjer\u0105 ir suteikia elastingumo bei spindesio. Mesoestetic Blemiderm Treatment veikia nakt\u012f, kai oda ilsisi, pad\u0117damas jai pabusti atsinaujinusiai, lygesnei ir vizualiai sveikesnei.<\/p>\n<p data-start=\"2521\" data-end=\"2539\"><strong data-start=\"2521\" data-end=\"2531\">T\u016bris:<\/strong> 50 ml<\/p>\n","protected":false},"excerpt":{"rendered":"<p data-start=\"2804\" data-end=\"2859\">Atkuriamasis naktinis gelinis kremas probleminei odai<\/p>\n<h2 data-start=\"2861\" data-end=\"3121\"><strong data-start=\"2861\" data-end=\"2906\">Mesoestetic &#8211; Blemiderm Treatment savyb\u0117s<\/strong><\/h2>\n<p data-start=\"2861\" data-end=\"3121\">\u2714\ufe0f Giliai valo poras ir reguliuoja sebumo gamyb\u0105<br data-start=\"2957\" data-end=\"2960\" \/>\u2714\ufe0f Ma\u017eina u\u017edegimus ir akn\u0117s p\u0117dsakus<br data-start=\"2997\" data-end=\"3000\" \/>\u2714\ufe0f Gerina odos tekst\u016br\u0105 ir atspalv\u012f<br data-start=\"3035\" data-end=\"3038\" \/>\u2714\ufe0f Padeda i\u0161vengti nauj\u0173 b\u0117rim\u0173<br data-start=\"3069\" data-end=\"3072\" \/>\u2714\ufe0f Suteikia odai gaivumo, glotnumo ir spindesio<\/p>\n","protected":false},"featured_media":54891,"template":"","meta":[],"pwb-brand":[1133],"product_brand":[],"product_cat":[742,744,750,748],"product_tag":[],"giftcard-category":[],"class_list":{"0":"post-54899","1":"product","2":"type-product","3":"status-publish","4":"has-post-thumbnail","6":"pwb-brand-mesoestetic","7":"product_cat-berimai","8":"product_cat-issipletusios-poros","9":"product_cat-senstanti-oda","10":"product_cat-taukainai-adai-lt","12":"first","13":"instock","14":"taxable","15":"shipping-taxable","16":"purchasable","17":"product-type-simple"},"acf":[],"brands":[{"id":1133,"name":"Mesoestetic","slug":"mesoestetic"}],"_links":{"self":[{"href":"https:\/\/skinstudio.ee\/lt\/wp-json\/wp\/v2\/product\/54899","targetHints":{"allow":["GET"]}}],"collection":[{"href":"https:\/\/skinstudio.ee\/lt\/wp-json\/wp\/v2\/product"}],"about":[{"href":"https:\/\/skinstudio.ee\/lt\/wp-json\/wp\/v2\/types\/product"}],"version-history":[{"count":0,"href":"https:\/\/skinstudio.ee\/lt\/wp-json\/wp\/v2\/product\/54899\/revisions"}],"wp:featuredmedia":[{"embeddable":true,"href":"https:\/\/skinstudio.ee\/lt\/wp-json\/wp\/v2\/media\/54891"}],"wp:attachment":[{"href":"https:\/\/skinstudio.ee\/lt\/wp-json\/wp\/v2\/media?parent=54899"}],"wp:term":[{"taxonomy":"pwb-brand","embeddable":true,"href":"https:\/\/skinstudio.ee\/lt\/wp-json\/wp\/v2\/pwb-brand?post=54899"},{"taxonomy":"product_brand","embeddable":true,"href":"https:\/\/skinstudio.ee\/lt\/wp-json\/wp\/v2\/product_brand?post=54899"},{"taxonomy":"product_cat","embeddable":true,"href":"https:\/\/skinstudio.ee\/lt\/wp-json\/wp\/v2\/product_cat?post=54899"},{"taxonomy":"product_tag","embeddable":true,"href":"https:\/\/skinstudio.ee\/lt\/wp-json\/wp\/v2\/product_tag?post=54899"},{"taxonomy":"giftcard-category","embeddable":true,"href":"https:\/\/skinstudio.ee\/lt\/wp-json\/wp\/v2\/giftcard-category?post=54899"}],"curies":[{"name":"wp","href":"https:\/\/api.w.org\/{rel}","templated":true}]}}