{"id":54914,"date":"2025-10-21T14:09:19","date_gmt":"2025-10-21T14:09:19","guid":{"rendered":"https:\/\/skinstudio.ee\/?post_type=product&#038;p=54914"},"modified":"2025-12-30T17:05:42","modified_gmt":"2025-12-30T17:05:42","slug":"blemiderm-local-control","status":"publish","type":"product","link":"https:\/\/skinstudio.ee\/lt\/catalog\/mesoestetic\/blemiderm-local-control\/","title":{"rendered":"Blemiderm Local Control"},"content":{"rendered":"<p data-start=\"1415\" data-end=\"1769\">Greitai veikiantis ta\u0161kinis korekcinis gelis, skirtas suma\u017einti u\u017edegimus, akn\u0119 ir ink\u0161tirus. D\u0117l didel\u0117s AHA ir BHA r\u016bg\u0161\u010di\u0173 koncentracijos Mesoestetic Blemiderm Local Control giliai valo poras, pagreitina b\u0117rim\u0173 gijim\u0105 ir padeda i\u0161vengti nauj\u0173 atsiradimo. Gelis veikia tiksliai u\u017edegimo vietose, ma\u017eindamas paraudim\u0105 ir patinim\u0105 jau po vienos nakties.<\/p>\n<p data-start=\"1771\" data-end=\"2119\">Formul\u0117 praturtinta niacinamidu ir enoksolonu, kurie ramina od\u0105, ma\u017eina sudirginim\u0105 ir jautrum\u0105. Aktyvios r\u016bg\u0161tys \u2013 glikolio, salicilo ir pieno \u2013 \u0161vei\u010dia, valo ir reguliuoja sebumo gamyb\u0105, palikdamos od\u0105 lygi\u0105, \u0161vari\u0105 ir atsinaujinusi\u0105. Mesoestetic Blemiderm Local Control \u2013 tai SOS priemon\u0117, greitai atkurianti \u0161vari\u0105 ir subalansuot\u0105 odos b\u016bkl\u0119.<\/p>\n<p data-start=\"2121\" data-end=\"2139\"><strong data-start=\"2121\" data-end=\"2131\">T\u016bris:<\/strong> 10 ml<\/p>\n","protected":false},"excerpt":{"rendered":"<p data-start=\"2250\" data-end=\"2295\">Ta\u0161kinis korekcinis gelis probleminiai odai<\/p>\n<h2 data-start=\"2297\" data-end=\"2572\"><strong data-start=\"2297\" data-end=\"2346\">Mesoestetic &#8211; Blemiderm Local Control savyb\u0117s<\/strong><\/h2>\n<p data-start=\"2297\" data-end=\"2572\">\u2714\ufe0f Greitai ma\u017eina u\u017edegim\u0105 ir paraudim\u0105<br data-start=\"2388\" data-end=\"2391\" \/>\u2714\ufe0f D\u017eiovina ir valo aktyvius b\u0117rimus<br data-start=\"2427\" data-end=\"2430\" \/>\u2714\ufe0f Pa\u0161alina ink\u0161tirus ir padeda i\u0161vengti nauj\u0173 b\u0117rim\u0173<br data-start=\"2483\" data-end=\"2486\" \/>\u2714\ufe0f Ramina sudirgim\u0105 ir jautrum\u0105<br data-start=\"2517\" data-end=\"2520\" \/>\u2714\ufe0f Padeda i\u0161vengti u\u017edegimo sukeltos pigmentacijos<\/p>\n","protected":false},"featured_media":54906,"template":"","meta":[],"pwb-brand":[1133],"product_brand":[],"product_cat":[742,748],"product_tag":[],"giftcard-category":[],"class_list":{"0":"post-54914","1":"product","2":"type-product","3":"status-publish","4":"has-post-thumbnail","6":"pwb-brand-mesoestetic","7":"product_cat-berimai","8":"product_cat-taukainai-adai-lt","10":"first","11":"instock","12":"taxable","13":"shipping-taxable","14":"purchasable","15":"product-type-simple"},"acf":[],"brands":[{"id":1133,"name":"Mesoestetic","slug":"mesoestetic"}],"_links":{"self":[{"href":"https:\/\/skinstudio.ee\/lt\/wp-json\/wp\/v2\/product\/54914","targetHints":{"allow":["GET"]}}],"collection":[{"href":"https:\/\/skinstudio.ee\/lt\/wp-json\/wp\/v2\/product"}],"about":[{"href":"https:\/\/skinstudio.ee\/lt\/wp-json\/wp\/v2\/types\/product"}],"version-history":[{"count":0,"href":"https:\/\/skinstudio.ee\/lt\/wp-json\/wp\/v2\/product\/54914\/revisions"}],"wp:featuredmedia":[{"embeddable":true,"href":"https:\/\/skinstudio.ee\/lt\/wp-json\/wp\/v2\/media\/54906"}],"wp:attachment":[{"href":"https:\/\/skinstudio.ee\/lt\/wp-json\/wp\/v2\/media?parent=54914"}],"wp:term":[{"taxonomy":"pwb-brand","embeddable":true,"href":"https:\/\/skinstudio.ee\/lt\/wp-json\/wp\/v2\/pwb-brand?post=54914"},{"taxonomy":"product_brand","embeddable":true,"href":"https:\/\/skinstudio.ee\/lt\/wp-json\/wp\/v2\/product_brand?post=54914"},{"taxonomy":"product_cat","embeddable":true,"href":"https:\/\/skinstudio.ee\/lt\/wp-json\/wp\/v2\/product_cat?post=54914"},{"taxonomy":"product_tag","embeddable":true,"href":"https:\/\/skinstudio.ee\/lt\/wp-json\/wp\/v2\/product_tag?post=54914"},{"taxonomy":"giftcard-category","embeddable":true,"href":"https:\/\/skinstudio.ee\/lt\/wp-json\/wp\/v2\/giftcard-category?post=54914"}],"curies":[{"name":"wp","href":"https:\/\/api.w.org\/{rel}","templated":true}]}}