{"id":54931,"date":"2025-10-21T14:16:54","date_gmt":"2025-10-21T14:16:54","guid":{"rendered":"https:\/\/skinstudio.ee\/?post_type=product&#038;p=54931"},"modified":"2025-12-30T17:05:42","modified_gmt":"2025-12-30T17:05:42","slug":"ultimate-micropeel","status":"publish","type":"product","link":"https:\/\/skinstudio.ee\/lt\/catalog\/mesoestetic\/ultimate-micropeel\/","title":{"rendered":"Ultimate Micropeel"},"content":{"rendered":"<p data-start=\"1719\" data-end=\"2097\">\u0160velnus mikroeksfolijuojantis produktas, sukurtas giliai odos valymui ir nat\u016bralaus spindesio atk\u016brimui. Mesoestetic Ultimate Micropeel sujungia AHA r\u016bg\u0161tis su fermentiniu eksfoliantu, suteikdamas \u0161veln\u0173, bet veiksming\u0105 odos pavir\u0161iaus atnaujinim\u0105. Jis \u0161velniai pa\u0161alina negyvas l\u0105steles, i\u0161lygina tekst\u016br\u0105, pagerina atspalv\u012f ir suteikia odai pastebimo glotnumo bei spindesio.<\/p>\n<p data-start=\"2099\" data-end=\"2357\">Dvigubos faz\u0117s tekst\u016bra u\u017etikrina didel\u012f veiksmingum\u0105 kartu su puikiu toleravimu net jautriai odai. Mesoestetic Ultimate Micropeel idealiai tinka odai su netolygiu atspalviu, pigmentacija ar sen\u0117jimo po\u017eymiais, padedant atkurti \u0161vie\u017eum\u0105 ir tolyg\u0173 pavir\u0161i\u0173.<\/p>\n<p data-start=\"2359\" data-end=\"2484\">Reguliarus naudojimas 1\u20132 kartus per savait\u0119 pastebimai pagerina odos kokyb\u0119, palikdamas j\u0105 \u0161velni\u0105, \u0161vari\u0105 ir jaunatvi\u0161k\u0105.<\/p>\n<p data-start=\"2486\" data-end=\"2505\"><strong data-start=\"2486\" data-end=\"2496\">T\u016bris:<\/strong> 150 ml<\/p>\n","protected":false},"excerpt":{"rendered":"<p data-start=\"2858\" data-end=\"2915\">\u0160velnus mikro\u0161veitiklis odos atnaujinimui ir spindesiui<\/p>\n<h2 data-start=\"2917\" data-end=\"3214\"><strong data-start=\"2917\" data-end=\"2961\">Mesoestetic &#8211; Ultimate Micropeel savyb\u0117s<\/strong><\/h2>\n<p data-start=\"2917\" data-end=\"3214\">\u2714\ufe0f Pa\u0161alina negyvas l\u0105steles ir i\u0161lygina odos tekst\u016br\u0105<br data-start=\"3018\" data-end=\"3021\" \/>\u2714\ufe0f Pagerina atspalv\u012f ir suteikia sveik\u0105 \u0161vyt\u0117jim\u0105<br data-start=\"3070\" data-end=\"3073\" \/>\u2714\ufe0f Skatina l\u0105steli\u0173 atsinaujinim\u0105 be sudirginimo<br data-start=\"3121\" data-end=\"3124\" \/>\u2714\ufe0f Palieka od\u0105 \u0161velni\u0105 ir glotni\u0105<br data-start=\"3157\" data-end=\"3160\" \/>\u2714\ufe0f Tinka odai su pigmentacijos ir sen\u0117jimo po\u017eymiais<\/p>\n","protected":false},"featured_media":54922,"template":"","meta":[],"pwb-brand":[1133],"product_brand":[],"product_cat":[750,718],"product_tag":[],"giftcard-category":[],"class_list":{"0":"post-54931","1":"product","2":"type-product","3":"status-publish","4":"has-post-thumbnail","6":"pwb-brand-mesoestetic","7":"product_cat-senstanti-oda","8":"product_cat-valymas","10":"first","11":"instock","12":"taxable","13":"shipping-taxable","14":"purchasable","15":"product-type-simple"},"acf":[],"brands":[{"id":1133,"name":"Mesoestetic","slug":"mesoestetic"}],"_links":{"self":[{"href":"https:\/\/skinstudio.ee\/lt\/wp-json\/wp\/v2\/product\/54931","targetHints":{"allow":["GET"]}}],"collection":[{"href":"https:\/\/skinstudio.ee\/lt\/wp-json\/wp\/v2\/product"}],"about":[{"href":"https:\/\/skinstudio.ee\/lt\/wp-json\/wp\/v2\/types\/product"}],"version-history":[{"count":0,"href":"https:\/\/skinstudio.ee\/lt\/wp-json\/wp\/v2\/product\/54931\/revisions"}],"wp:featuredmedia":[{"embeddable":true,"href":"https:\/\/skinstudio.ee\/lt\/wp-json\/wp\/v2\/media\/54922"}],"wp:attachment":[{"href":"https:\/\/skinstudio.ee\/lt\/wp-json\/wp\/v2\/media?parent=54931"}],"wp:term":[{"taxonomy":"pwb-brand","embeddable":true,"href":"https:\/\/skinstudio.ee\/lt\/wp-json\/wp\/v2\/pwb-brand?post=54931"},{"taxonomy":"product_brand","embeddable":true,"href":"https:\/\/skinstudio.ee\/lt\/wp-json\/wp\/v2\/product_brand?post=54931"},{"taxonomy":"product_cat","embeddable":true,"href":"https:\/\/skinstudio.ee\/lt\/wp-json\/wp\/v2\/product_cat?post=54931"},{"taxonomy":"product_tag","embeddable":true,"href":"https:\/\/skinstudio.ee\/lt\/wp-json\/wp\/v2\/product_tag?post=54931"},{"taxonomy":"giftcard-category","embeddable":true,"href":"https:\/\/skinstudio.ee\/lt\/wp-json\/wp\/v2\/giftcard-category?post=54931"}],"curies":[{"name":"wp","href":"https:\/\/api.w.org\/{rel}","templated":true}]}}