{"id":54947,"date":"2025-10-21T14:25:33","date_gmt":"2025-10-21T14:25:33","guid":{"rendered":"https:\/\/skinstudio.ee\/?post_type=product&#038;p=54947"},"modified":"2025-12-30T17:05:42","modified_gmt":"2025-12-30T17:05:42","slug":"brightening-peel-booster","status":"publish","type":"product","link":"https:\/\/skinstudio.ee\/lt\/catalog\/mesoestetic\/brightening-peel-booster\/","title":{"rendered":"Brightening Peel Booster"},"content":{"rendered":"<p data-start=\"1577\" data-end=\"2039\">Lengvas atnaujinantis gelis su \u0161viesinan\u010diu ir od\u0105 i\u0161lyginan\u010diu poveikiu, sukurtas atkurti odos \u0161vyt\u0117jim\u0105, glotnum\u0105 ir tolyg\u0173 atspalv\u012f. Mesoestetic Brightening Peel Booster sujungia glikolio r\u016bg\u0161t\u012f ir fitino r\u016bg\u0161t\u012f, suteikdamas stipr\u0173 sinergetin\u012f efekt\u0105: glikolio r\u016bg\u0161tis \u0161velniai eksfolijuoja ir skatina l\u0105steli\u0173 atsinaujinim\u0105, o fitino r\u016bg\u0161tis veikia kaip antioksidantas ir padeda ma\u017einti pigmentacij\u0105. Kartu jos tolygina odos ton\u0105 ir gerina bendr\u0105 tekst\u016br\u0105.<\/p>\n<p data-start=\"2041\" data-end=\"2367\">Formul\u0117 pagerina odos geb\u0117jim\u0105 i\u0161laikyti dr\u0117gm\u0119 ir stimuliuoja l\u0105steli\u0173 atsinaujinim\u0105, suma\u017eindama u\u017edegim\u0173 p\u0117dsakus ir netolygumus. Poros tampa ma\u017eiau matomos, o oda \u2013 \u0161vari, lygi ir spindinti. Reguliariai naudojant, Mesoestetic Brightening Peel Booster pastebimai i\u0161lygina veido ton\u0105 ir suteikia sveik\u0105, nat\u016bral\u0173 spindes\u012f.<\/p>\n<p data-start=\"2369\" data-end=\"2387\"><strong data-start=\"2369\" data-end=\"2379\">T\u016bris:<\/strong> 50 ml<\/p>\n","protected":false},"excerpt":{"rendered":"<p data-start=\"2574\" data-end=\"2642\">\u0160viesinantis pilingo gelis tolygiam atspalviui ir spindin\u010diai odai<\/p>\n<h2 data-start=\"2644\" data-end=\"2941\"><strong data-start=\"2644\" data-end=\"2694\">Mesoestetic &#8211; Brightening Peel Booster savyb\u0117s<\/strong><\/h2>\n<p data-start=\"2644\" data-end=\"2941\">\u2714\ufe0f I\u0161lygina atspalv\u012f ir ma\u017eina pigmentines d\u0117mes<br data-start=\"2745\" data-end=\"2748\" \/>\u2714\ufe0f Skatina l\u0105steli\u0173 atsinaujinim\u0105 ir suteikia glotnumo<br data-start=\"2802\" data-end=\"2805\" \/>\u2714\ufe0f Pagerina dr\u0117kinim\u0105 ir elastingum\u0105<br data-start=\"2841\" data-end=\"2844\" \/>\u2714\ufe0f Ma\u017eina poras ir suteikia \u0161vyt\u0117jimo<br data-start=\"2881\" data-end=\"2884\" \/>\u2714\ufe0f Padeda i\u0161vengti nauj\u0173 pigmentacijos d\u0117mi\u0173 atsiradimo<\/p>\n","protected":false},"featured_media":66940,"template":"","meta":[],"pwb-brand":[1133],"product_brand":[],"product_cat":[744,752,750,718],"product_tag":[],"giftcard-category":[],"class_list":{"0":"post-54947","1":"product","2":"type-product","3":"status-publish","4":"has-post-thumbnail","6":"pwb-brand-mesoestetic","7":"product_cat-issipletusios-poros","8":"product_cat-pigmentacija-lt","9":"product_cat-senstanti-oda","10":"product_cat-valymas","12":"first","13":"instock","14":"taxable","15":"shipping-taxable","16":"purchasable","17":"product-type-simple"},"acf":[],"brands":[{"id":1133,"name":"Mesoestetic","slug":"mesoestetic"}],"_links":{"self":[{"href":"https:\/\/skinstudio.ee\/lt\/wp-json\/wp\/v2\/product\/54947","targetHints":{"allow":["GET"]}}],"collection":[{"href":"https:\/\/skinstudio.ee\/lt\/wp-json\/wp\/v2\/product"}],"about":[{"href":"https:\/\/skinstudio.ee\/lt\/wp-json\/wp\/v2\/types\/product"}],"version-history":[{"count":0,"href":"https:\/\/skinstudio.ee\/lt\/wp-json\/wp\/v2\/product\/54947\/revisions"}],"wp:featuredmedia":[{"embeddable":true,"href":"https:\/\/skinstudio.ee\/lt\/wp-json\/wp\/v2\/media\/66940"}],"wp:attachment":[{"href":"https:\/\/skinstudio.ee\/lt\/wp-json\/wp\/v2\/media?parent=54947"}],"wp:term":[{"taxonomy":"pwb-brand","embeddable":true,"href":"https:\/\/skinstudio.ee\/lt\/wp-json\/wp\/v2\/pwb-brand?post=54947"},{"taxonomy":"product_brand","embeddable":true,"href":"https:\/\/skinstudio.ee\/lt\/wp-json\/wp\/v2\/product_brand?post=54947"},{"taxonomy":"product_cat","embeddable":true,"href":"https:\/\/skinstudio.ee\/lt\/wp-json\/wp\/v2\/product_cat?post=54947"},{"taxonomy":"product_tag","embeddable":true,"href":"https:\/\/skinstudio.ee\/lt\/wp-json\/wp\/v2\/product_tag?post=54947"},{"taxonomy":"giftcard-category","embeddable":true,"href":"https:\/\/skinstudio.ee\/lt\/wp-json\/wp\/v2\/giftcard-category?post=54947"}],"curies":[{"name":"wp","href":"https:\/\/api.w.org\/{rel}","templated":true}]}}