{"id":54963,"date":"2025-10-21T14:33:11","date_gmt":"2025-10-21T14:33:11","guid":{"rendered":"https:\/\/skinstudio.ee\/?post_type=product&#038;p=54963"},"modified":"2025-12-30T17:05:42","modified_gmt":"2025-12-30T17:05:42","slug":"glycolic-e-f-ampoules","status":"publish","type":"product","link":"https:\/\/skinstudio.ee\/lt\/catalog\/mesoestetic\/glycolic-e-f-ampoules\/","title":{"rendered":"Glycolic + E + F Ampoules"},"content":{"rendered":"<p data-start=\"1715\" data-end=\"2082\">Intensyvios atkuriamosios ampul\u0117s su glikolio r\u016bg\u0161timi ir vitaminais E bei F, sukurtos odos atnaujinimui, atspalvio suvienodinimui ir nat\u016bralaus spindesio atk\u016brimui. Mesoestetic Glycolic + E + F Ampoules veikia kompleksi \u2013 \u0161velniai eksfolijuoja, giliai maitina ir apsaugo od\u0105 nuo oksidacinio streso. Po naudojimo oda tampa lygesn\u0117, stangresn\u0117 ir vizualiai gaivesn\u0117.<\/p>\n<p data-start=\"2084\" data-end=\"2509\">Glikolio r\u016bg\u0161tis stimuliuoja l\u0105steli\u0173 atsinaujinim\u0105, gerina odos tekst\u016br\u0105 ir suteikia jai spindesio. E vitaminas suteikia antioksidacin\u0119 apsaug\u0105 ir padeda i\u0161vengti prie\u0161laikinio sen\u0117jimo, o F vitaminas maitina, stiprina odos apsaugin\u012f barjer\u0105 ir daro j\u0105 elasting\u0105 bei \u0161velni\u0105. Vienkartinis ampuli\u0173 formatas u\u017etikrina optimal\u0173 aktyvi\u0173j\u0173 ingredient\u0173 kiek\u012f kiekvienam naudojimui, garantuodamas maksimal\u0173 efektyvum\u0105 ir higien\u0105.<\/p>\n<p data-start=\"2511\" data-end=\"2533\"><strong data-start=\"2511\" data-end=\"2521\">T\u016bris:<\/strong> 10 x 2 ml<\/p>\n","protected":false},"excerpt":{"rendered":"<p data-start=\"2814\" data-end=\"2880\">Atkuriamosios ampul\u0117s su glikolio r\u016bg\u0161timi ir vitaminais E bei F<\/p>\n<h2 data-start=\"2882\" data-end=\"3186\"><strong data-start=\"2882\" data-end=\"2933\">Mesoestetic &#8211; Glycolic + E + F Ampoules savyb\u0117s<\/strong><\/h2>\n<p data-start=\"2882\" data-end=\"3186\">\u2714\ufe0f Skatina l\u0105steli\u0173 atsinaujinim\u0105 ir gerina odos tekst\u016br\u0105<br data-start=\"2993\" data-end=\"2996\" \/>\u2714\ufe0f I\u0161lygina ir pa\u0161viesina odos atspalv\u012f<br data-start=\"3035\" data-end=\"3038\" \/>\u2714\ufe0f Giliai maitina ir atkuria elastingum\u0105<br data-start=\"3078\" data-end=\"3081\" \/>\u2714\ufe0f Apsaugo nuo oksidacinio streso ir sen\u0117jimo po\u017eymi\u0173<br data-start=\"3134\" data-end=\"3137\" \/>\u2714\ufe0f Suteikia odai gaivumo, glotnumo ir spindesio<\/p>\n","protected":false},"featured_media":66935,"template":"","meta":[],"pwb-brand":[1133],"product_brand":[],"product_cat":[752,750,724],"product_tag":[],"giftcard-category":[],"class_list":{"0":"post-54963","1":"product","2":"type-product","3":"status-publish","4":"has-post-thumbnail","6":"pwb-brand-mesoestetic","7":"product_cat-pigmentacija-lt","8":"product_cat-senstanti-oda","9":"product_cat-serumai","11":"first","12":"instock","13":"taxable","14":"shipping-taxable","15":"purchasable","16":"product-type-simple"},"acf":[],"brands":[{"id":1133,"name":"Mesoestetic","slug":"mesoestetic"}],"_links":{"self":[{"href":"https:\/\/skinstudio.ee\/lt\/wp-json\/wp\/v2\/product\/54963","targetHints":{"allow":["GET"]}}],"collection":[{"href":"https:\/\/skinstudio.ee\/lt\/wp-json\/wp\/v2\/product"}],"about":[{"href":"https:\/\/skinstudio.ee\/lt\/wp-json\/wp\/v2\/types\/product"}],"version-history":[{"count":0,"href":"https:\/\/skinstudio.ee\/lt\/wp-json\/wp\/v2\/product\/54963\/revisions"}],"wp:featuredmedia":[{"embeddable":true,"href":"https:\/\/skinstudio.ee\/lt\/wp-json\/wp\/v2\/media\/66935"}],"wp:attachment":[{"href":"https:\/\/skinstudio.ee\/lt\/wp-json\/wp\/v2\/media?parent=54963"}],"wp:term":[{"taxonomy":"pwb-brand","embeddable":true,"href":"https:\/\/skinstudio.ee\/lt\/wp-json\/wp\/v2\/pwb-brand?post=54963"},{"taxonomy":"product_brand","embeddable":true,"href":"https:\/\/skinstudio.ee\/lt\/wp-json\/wp\/v2\/product_brand?post=54963"},{"taxonomy":"product_cat","embeddable":true,"href":"https:\/\/skinstudio.ee\/lt\/wp-json\/wp\/v2\/product_cat?post=54963"},{"taxonomy":"product_tag","embeddable":true,"href":"https:\/\/skinstudio.ee\/lt\/wp-json\/wp\/v2\/product_tag?post=54963"},{"taxonomy":"giftcard-category","embeddable":true,"href":"https:\/\/skinstudio.ee\/lt\/wp-json\/wp\/v2\/giftcard-category?post=54963"}],"curies":[{"name":"wp","href":"https:\/\/api.w.org\/{rel}","templated":true}]}}