{"id":55000,"date":"2025-10-22T12:47:10","date_gmt":"2025-10-22T12:47:10","guid":{"rendered":"https:\/\/skinstudio.ee\/?post_type=product&#038;p=55000"},"modified":"2025-12-30T17:05:42","modified_gmt":"2025-12-30T17:05:42","slug":"melan-tran3x-concentrate","status":"publish","type":"product","link":"https:\/\/skinstudio.ee\/lt\/catalog\/mesoestetic\/melan-tran3x-concentrate\/","title":{"rendered":"Melan Tran3x Concentrate"},"content":{"rendered":"<p data-start=\"1625\" data-end=\"1948\">Intensyvus naktinis koncentratas nuo pigmentacijos, sukurtas odai su pigmentacijos sutrikimais, netolygiu atspalviu ir u\u017edegimo p\u0117dsakais. Mesoestetic Melan Tran3x Concentrate veiksmingai pa\u0161viesina esamus hiperpigmentacijos plotus ir padeda i\u0161vengti nauj\u0173 d\u0117mi\u0173 susidarymo, atkuriant tolyg\u0173, gaiv\u0173 ir \u0161vytint\u012f odos ton\u0105.<\/p>\n<p data-start=\"1950\" data-end=\"2371\">Formul\u0117 praturtinta traneksamo r\u016bg\u0161timi, niacinamidu ir ferulo r\u016bg\u0161timi \u2013 veikliosiomis med\u017eiagomis, kurios ma\u017eina u\u017edegimus, \u0161viesina od\u0105 ir saugo j\u0105 nuo laisv\u0173j\u0173 radikal\u0173 poveikio. Produktas taip pat dr\u0117kina ir atkuria od\u0105 po estetin\u0117s ar kosmetin\u0117s proced\u016bros, pad\u0117damas jai atgauti sveik\u0105, rami\u0105 ir tolygi\u0105 i\u0161vaizd\u0105. Mesoestetic Melan Tran3x Concentrate tinka vis\u0173 tip\u0173 odai, \u012fskaitant jautri\u0105 ir linkusi\u0105 \u012f ro\u017ein\u0119.<\/p>\n<p data-start=\"2373\" data-end=\"2391\"><strong data-start=\"2373\" data-end=\"2383\">T\u016bris:<\/strong> 30 ml<\/p>\n","protected":false},"excerpt":{"rendered":"<p data-start=\"2581\" data-end=\"2633\">Intensyvus naktinis koncentratas nuo pigmentacijos<\/p>\n<h2 data-start=\"2635\" data-end=\"2955\"><strong data-start=\"2635\" data-end=\"2685\">Mesoestetic &#8211; Melan Tran3x Concentrate savyb\u0117s<\/strong><\/h2>\n<p data-start=\"2635\" data-end=\"2955\">\u2714\ufe0f \u0160viesina pigmentines d\u0117mes ir padeda i\u0161vengti j\u0173 atsinaujinimo<br data-start=\"2753\" data-end=\"2756\" \/>\u2714\ufe0f I\u0161lygina ton\u0105 ir suteikia odai spindesio<br data-start=\"2799\" data-end=\"2802\" \/>\u2714\ufe0f Ramina u\u017edegimus ir ma\u017eina jautrum\u0105<br data-start=\"2840\" data-end=\"2843\" \/>\u2714\ufe0f Atkuria od\u0105 po kosmetini\u0173 ar estetini\u0173 proced\u016br\u0173<br data-start=\"2894\" data-end=\"2897\" \/>\u2714\ufe0f Dr\u0117kina, saugo ir suteikia odai glotnumo bei \u0161velnumo<\/p>\n","protected":false},"featured_media":54990,"template":"","meta":[],"pwb-brand":[1133],"product_brand":[],"product_cat":[752,750,724],"product_tag":[],"giftcard-category":[],"class_list":{"0":"post-55000","1":"product","2":"type-product","3":"status-publish","4":"has-post-thumbnail","6":"pwb-brand-mesoestetic","7":"product_cat-pigmentacija-lt","8":"product_cat-senstanti-oda","9":"product_cat-serumai","11":"first","12":"instock","13":"taxable","14":"shipping-taxable","15":"purchasable","16":"product-type-simple"},"acf":[],"brands":[{"id":1133,"name":"Mesoestetic","slug":"mesoestetic"}],"_links":{"self":[{"href":"https:\/\/skinstudio.ee\/lt\/wp-json\/wp\/v2\/product\/55000","targetHints":{"allow":["GET"]}}],"collection":[{"href":"https:\/\/skinstudio.ee\/lt\/wp-json\/wp\/v2\/product"}],"about":[{"href":"https:\/\/skinstudio.ee\/lt\/wp-json\/wp\/v2\/types\/product"}],"version-history":[{"count":0,"href":"https:\/\/skinstudio.ee\/lt\/wp-json\/wp\/v2\/product\/55000\/revisions"}],"wp:featuredmedia":[{"embeddable":true,"href":"https:\/\/skinstudio.ee\/lt\/wp-json\/wp\/v2\/media\/54990"}],"wp:attachment":[{"href":"https:\/\/skinstudio.ee\/lt\/wp-json\/wp\/v2\/media?parent=55000"}],"wp:term":[{"taxonomy":"pwb-brand","embeddable":true,"href":"https:\/\/skinstudio.ee\/lt\/wp-json\/wp\/v2\/pwb-brand?post=55000"},{"taxonomy":"product_brand","embeddable":true,"href":"https:\/\/skinstudio.ee\/lt\/wp-json\/wp\/v2\/product_brand?post=55000"},{"taxonomy":"product_cat","embeddable":true,"href":"https:\/\/skinstudio.ee\/lt\/wp-json\/wp\/v2\/product_cat?post=55000"},{"taxonomy":"product_tag","embeddable":true,"href":"https:\/\/skinstudio.ee\/lt\/wp-json\/wp\/v2\/product_tag?post=55000"},{"taxonomy":"giftcard-category","embeddable":true,"href":"https:\/\/skinstudio.ee\/lt\/wp-json\/wp\/v2\/giftcard-category?post=55000"}],"curies":[{"name":"wp","href":"https:\/\/api.w.org\/{rel}","templated":true}]}}