{"id":55016,"date":"2025-10-22T12:56:40","date_gmt":"2025-10-22T12:56:40","guid":{"rendered":"https:\/\/skinstudio.ee\/?post_type=product&#038;p=55016"},"modified":"2025-12-30T17:05:42","modified_gmt":"2025-12-30T17:05:42","slug":"melan-tran3x-gel-cream","status":"publish","type":"product","link":"https:\/\/skinstudio.ee\/lt\/catalog\/mesoestetic\/melan-tran3x-gel-cream\/","title":{"rendered":"Melan Tran3x Gel Cream"},"content":{"rendered":"<p data-start=\"1538\" data-end=\"1848\">Dieninis gelinis kremas su stipriu depigmentuojan\u010diu poveikiu, sukurtas odai su hiperpigmentacija, netolygiu atspalviu ir u\u017edegimo po\u017eymiais. Mesoestetic Melan Tran3x Gel Cream veiksmingai pa\u0161viesina esamas pigmentines d\u0117mes, padeda i\u0161vengti nauj\u0173 susidarymo ir suteikia odai tolyg\u0173, gaiv\u0173 bei \u0161vytint\u012f ton\u0105.<\/p>\n<p data-start=\"1850\" data-end=\"2243\">Formul\u0117je yra traneksamo r\u016bg\u0161tis, niacinamidas ir ferulo r\u016bg\u0161tis \u2013 veikliosios med\u017eiagos, kurios veikia pagrindinius hiperpigmentacijos mechanizmus, ma\u017eina u\u017edegimus ir reguliuoja melanino gamyb\u0105. Lengvos gelin\u0117s tekst\u016bros d\u0117ka produktas greitai \u012fsigeria, suteikdamas intensyv\u0173 dr\u0117kinim\u0105, komfort\u0105 ir glotnum\u0105 be riebumo poj\u016b\u010dio. Tinka vis\u0173 tip\u0173 odai, \u012fskaitant jautri\u0105 ir linkusi\u0105 \u012f ro\u017ein\u0119.<\/p>\n<p data-start=\"2245\" data-end=\"2263\"><strong data-start=\"2245\" data-end=\"2255\">T\u016bris:<\/strong> 50 ml<\/p>\n","protected":false},"excerpt":{"rendered":"<p data-start=\"2454\" data-end=\"2520\">Dieninis gelinis kremas odos atspalvio i\u0161lyginimui ir spindesiui<\/p>\n<h2 data-start=\"2522\" data-end=\"2825\"><strong data-start=\"2522\" data-end=\"2570\">Mesoestetic &#8211; Melan Tran3x Gel Cream savyb\u0117s<\/strong><\/h2>\n<p data-start=\"2522\" data-end=\"2825\">\u2714\ufe0f \u0160viesina pigmentines d\u0117mes ir padeda i\u0161vengti nauj\u0173 susidarymo<br data-start=\"2638\" data-end=\"2641\" \/>\u2714\ufe0f I\u0161lygina atspalv\u012f ir suteikia nat\u016bralaus spindesio<br data-start=\"2694\" data-end=\"2697\" \/>\u2714\ufe0f Giliai dr\u0117kina ir atkuria odos pusiausvyr\u0105<br data-start=\"2742\" data-end=\"2745\" \/>\u2714\ufe0f Ramina u\u017edegimus ir ma\u017eina jautrum\u0105<br data-start=\"2783\" data-end=\"2786\" \/>\u2714\ufe0f Padaro od\u0105 lygi\u0105, gaivi\u0105 ir sveik\u0105<\/p>\n","protected":false},"featured_media":55007,"template":"","meta":[],"pwb-brand":[1133],"product_brand":[],"product_cat":[738,752,750],"product_tag":[],"giftcard-category":[],"class_list":{"0":"post-55016","1":"product","2":"type-product","3":"status-publish","4":"has-post-thumbnail","6":"pwb-brand-mesoestetic","7":"product_cat-drekinimas","8":"product_cat-pigmentacija-lt","9":"product_cat-senstanti-oda","11":"first","12":"instock","13":"taxable","14":"shipping-taxable","15":"purchasable","16":"product-type-simple"},"acf":[],"brands":[{"id":1133,"name":"Mesoestetic","slug":"mesoestetic"}],"_links":{"self":[{"href":"https:\/\/skinstudio.ee\/lt\/wp-json\/wp\/v2\/product\/55016","targetHints":{"allow":["GET"]}}],"collection":[{"href":"https:\/\/skinstudio.ee\/lt\/wp-json\/wp\/v2\/product"}],"about":[{"href":"https:\/\/skinstudio.ee\/lt\/wp-json\/wp\/v2\/types\/product"}],"version-history":[{"count":0,"href":"https:\/\/skinstudio.ee\/lt\/wp-json\/wp\/v2\/product\/55016\/revisions"}],"wp:featuredmedia":[{"embeddable":true,"href":"https:\/\/skinstudio.ee\/lt\/wp-json\/wp\/v2\/media\/55007"}],"wp:attachment":[{"href":"https:\/\/skinstudio.ee\/lt\/wp-json\/wp\/v2\/media?parent=55016"}],"wp:term":[{"taxonomy":"pwb-brand","embeddable":true,"href":"https:\/\/skinstudio.ee\/lt\/wp-json\/wp\/v2\/pwb-brand?post=55016"},{"taxonomy":"product_brand","embeddable":true,"href":"https:\/\/skinstudio.ee\/lt\/wp-json\/wp\/v2\/product_brand?post=55016"},{"taxonomy":"product_cat","embeddable":true,"href":"https:\/\/skinstudio.ee\/lt\/wp-json\/wp\/v2\/product_cat?post=55016"},{"taxonomy":"product_tag","embeddable":true,"href":"https:\/\/skinstudio.ee\/lt\/wp-json\/wp\/v2\/product_tag?post=55016"},{"taxonomy":"giftcard-category","embeddable":true,"href":"https:\/\/skinstudio.ee\/lt\/wp-json\/wp\/v2\/giftcard-category?post=55016"}],"curies":[{"name":"wp","href":"https:\/\/api.w.org\/{rel}","templated":true}]}}