{"id":55032,"date":"2025-10-22T13:05:26","date_gmt":"2025-10-22T13:05:26","guid":{"rendered":"https:\/\/skinstudio.ee\/?post_type=product&#038;p=55032"},"modified":"2025-12-30T17:05:42","modified_gmt":"2025-12-30T17:05:42","slug":"dermamelan-treatment","status":"publish","type":"product","link":"https:\/\/skinstudio.ee\/lt\/catalog\/mesoestetic\/dermamelan-treatment\/","title":{"rendered":"Dermamelan Treatment"},"content":{"rendered":"<p data-start=\"1560\" data-end=\"1930\">Intensyvus depigmentuojantis kremas odos prie\u017ei\u016brai po profesionalios Dermamelan proced\u016bros, skirtas hiperpigmentacijai koreguoti ir odos atspalviui suvienodinti. Mesoestetic Dermamelan Treatment sud\u0117tyje yra galingas aktyvi\u0173j\u0173 ingredient\u0173 kompleksas, kuris ma\u017eina melanino sintez\u0119 ir palaipsniui pa\u0161viesina tamsias d\u0117mes, atkuriant odos \u0161varum\u0105, gaivum\u0105 ir \u0161vyt\u0117jim\u0105.<\/p>\n<p data-start=\"1932\" data-end=\"2367\">Kremo formul\u0117 veikia gilesniuose odos sluoksniuose, blokuodama naujo pigmento susidarym\u0105 ir skatindama nat\u016bral\u0173 l\u0105steli\u0173 atsinaujinim\u0105. Reguliariai naudojant, Dermamelan Treatment pastebimai pagerina odos strukt\u016br\u0105 ir elastingum\u0105, suvienodina atspalv\u012f ir apsaugo nuo laisv\u0173j\u0173 radikal\u0173 poveikio. Kremas tinka vis\u0173 tip\u0173 odai ir visiems hiperpigmentacijos tipams \u2013 po u\u017edegim\u0173, hormoninei, saul\u0117s ar su am\u017eiumi susijusiai pigmentacijai.<\/p>\n<p data-start=\"2369\" data-end=\"2386\"><strong data-start=\"2369\" data-end=\"2379\">T\u016bris:<\/strong> 30 g<\/p>\n","protected":false},"excerpt":{"rendered":"<p data-start=\"2594\" data-end=\"2648\">Depigmentuojantis kremas tolygesniam odos atspalviui<\/p>\n<h2 data-start=\"2650\" data-end=\"2937\"><strong data-start=\"2650\" data-end=\"2696\">Mesoestetic &#8211; Dermamelan Treatment savyb\u0117s<\/strong><\/h2>\n<p data-start=\"2650\" data-end=\"2937\">\u2714\ufe0f \u0160viesina pigmentines d\u0117mes ir padeda i\u0161vengti j\u0173 atsinaujinimo<br data-start=\"2764\" data-end=\"2767\" \/>\u2714\ufe0f I\u0161lygina odos atspalv\u012f ir suteikia sveik\u0105 \u0161vyt\u0117jim\u0105<br data-start=\"2821\" data-end=\"2824\" \/>\u2714\ufe0f Apsaugo od\u0105 nuo laisv\u0173j\u0173 radikal\u0173 ir fotosen\u0117jimo<br data-start=\"2876\" data-end=\"2879\" \/>\u2714\ufe0f Tinka vis\u0173 tip\u0173 odai ir vis\u0173 r\u016b\u0161i\u0173 hiperpigmentacijai<\/p>\n","protected":false},"featured_media":66930,"template":"","meta":[],"pwb-brand":[1133],"product_brand":[],"product_cat":[738,752,750],"product_tag":[],"giftcard-category":[],"class_list":{"0":"post-55032","1":"product","2":"type-product","3":"status-publish","4":"has-post-thumbnail","6":"pwb-brand-mesoestetic","7":"product_cat-drekinimas","8":"product_cat-pigmentacija-lt","9":"product_cat-senstanti-oda","11":"first","12":"instock","13":"taxable","14":"shipping-taxable","15":"purchasable","16":"product-type-simple"},"acf":[],"brands":[{"id":1133,"name":"Mesoestetic","slug":"mesoestetic"}],"_links":{"self":[{"href":"https:\/\/skinstudio.ee\/lt\/wp-json\/wp\/v2\/product\/55032","targetHints":{"allow":["GET"]}}],"collection":[{"href":"https:\/\/skinstudio.ee\/lt\/wp-json\/wp\/v2\/product"}],"about":[{"href":"https:\/\/skinstudio.ee\/lt\/wp-json\/wp\/v2\/types\/product"}],"version-history":[{"count":0,"href":"https:\/\/skinstudio.ee\/lt\/wp-json\/wp\/v2\/product\/55032\/revisions"}],"wp:featuredmedia":[{"embeddable":true,"href":"https:\/\/skinstudio.ee\/lt\/wp-json\/wp\/v2\/media\/66930"}],"wp:attachment":[{"href":"https:\/\/skinstudio.ee\/lt\/wp-json\/wp\/v2\/media?parent=55032"}],"wp:term":[{"taxonomy":"pwb-brand","embeddable":true,"href":"https:\/\/skinstudio.ee\/lt\/wp-json\/wp\/v2\/pwb-brand?post=55032"},{"taxonomy":"product_brand","embeddable":true,"href":"https:\/\/skinstudio.ee\/lt\/wp-json\/wp\/v2\/product_brand?post=55032"},{"taxonomy":"product_cat","embeddable":true,"href":"https:\/\/skinstudio.ee\/lt\/wp-json\/wp\/v2\/product_cat?post=55032"},{"taxonomy":"product_tag","embeddable":true,"href":"https:\/\/skinstudio.ee\/lt\/wp-json\/wp\/v2\/product_tag?post=55032"},{"taxonomy":"giftcard-category","embeddable":true,"href":"https:\/\/skinstudio.ee\/lt\/wp-json\/wp\/v2\/giftcard-category?post=55032"}],"curies":[{"name":"wp","href":"https:\/\/api.w.org\/{rel}","templated":true}]}}