{"id":55048,"date":"2025-10-22T13:27:16","date_gmt":"2025-10-22T13:27:16","guid":{"rendered":"https:\/\/skinstudio.ee\/?post_type=product&#038;p=55048"},"modified":"2025-12-30T17:05:42","modified_gmt":"2025-12-30T17:05:42","slug":"dermamelan-home-pack","status":"publish","type":"product","link":"https:\/\/skinstudio.ee\/lt\/catalog\/mesoestetic\/dermamelan-home-pack\/","title":{"rendered":"Dermamelan Home Pack"},"content":{"rendered":"<p data-start=\"2504\" data-end=\"2853\">I\u0161sami nam\u0173 odos prie\u017ei\u016bros programa, sukurta t\u0119sti profesionali\u0105 Dermamelan proced\u016br\u0105 ir pad\u0117ti pasiekti ilgalaikius rezultatus, ma\u017einant pigmentacij\u0105 bei i\u0161lyginant odos atspalv\u012f. Rinkinyje esantys produktai suma\u017eina netolyg\u0173 odos ton\u0105, pa\u0161viesina tamsias d\u0117mes ir sustiprina apsaugin\u012f odos barjer\u0105, suteikdami jai komforto, gaivumo ir \u0161vytesio.<\/p>\n<p data-start=\"2855\" data-end=\"3250\">Mesoestetic Dermamelan Home Pack sukurtas kaip profesionalios prie\u017ei\u016bros t\u0119sinys, padedantis i\u0161laikyti ir pailginti proced\u016bros poveik\u012f. Aktyviosios med\u017eiagos, tokios kaip azelaino ir kojin\u0117 r\u016bg\u0161tys, reguliuoja melanino gamyb\u0105 ir skatina tolyg\u0173 odos atsinaujinim\u0105. Rinkinyje taip pat yra atkuriam\u0173j\u0173 ir apsaugini\u0173 priemoni\u0173, u\u017etikrinan\u010di\u0173 maksimal\u0173 rezultat\u0105 ir \u0161velni\u0105 prie\u017ei\u016br\u0105 po proced\u016bros.<\/p>\n<p data-start=\"3252\" data-end=\"3273\"><strong data-start=\"3252\" data-end=\"3271\">Rinkin\u012f sudaro:<\/strong><\/p>\n<p data-start=\"3275\" data-end=\"3706\"><strong data-start=\"3275\" data-end=\"3297\">Dermamelan (30 g):<\/strong> kremas su azelaino ir kojine r\u016bg\u0161timis, padedantis suvienodinti odos atspalv\u012f ir suma\u017einti hiperpigmentacij\u0105.<br data-start=\"3407\" data-end=\"3410\" \/><strong data-start=\"3410\" data-end=\"3437\">Melan Recovery (50 ml):<\/strong> raminamasis ir dr\u0117kinamasis kremas, ma\u017einantis sudirgim\u0105 po \u0161viesinan\u010di\u0173 proced\u016br\u0173 ir atkuriantis odos apsaugin\u012f barjer\u0105.<br data-start=\"3559\" data-end=\"3562\" \/><strong data-start=\"3562\" data-end=\"3601\">Melan 130+ Pigment Control (50 ml):<\/strong> apsauginis kremas nuo saul\u0117s su labai auk\u0161tu SPF 130, padedantis i\u0161vengti pigmentacijos atsinaujinimo.<\/p>\n<p data-start=\"3708\" data-end=\"3724\">\n","protected":false},"excerpt":{"rendered":"<p data-start=\"4312\" data-end=\"4381\">Nam\u0173 prie\u017ei\u016bros rinkinys pigmentacijos korekcijai ir odos atk\u016brimui<\/p>\n<h2 data-start=\"4383\" data-end=\"4713\"><strong data-start=\"4383\" data-end=\"4429\">Mesoestetic &#8211; Dermamelan Home Pack savyb\u0117s<\/strong><\/h2>\n<p data-start=\"4383\" data-end=\"4713\">\u2714\ufe0f Sudarytas i\u0161 3 profesionali\u0173 produkt\u0173 pilnavertei prie\u017ei\u016brai<br data-start=\"4495\" data-end=\"4498\" \/>\u2714\ufe0f Palaiko ir sustiprina Dermamelan proced\u016bros poveik\u012f<br data-start=\"4552\" data-end=\"4555\" \/>\u2714\ufe0f \u0160viesina pigmentacij\u0105 ir suvienodina odos atspalv\u012f<br data-start=\"4608\" data-end=\"4611\" \/>\u2714\ufe0f Atkuria od\u0105 ir apsaugo nuo saul\u0117s \u017ealos<br data-start=\"4653\" data-end=\"4656\" \/>\u2714\ufe0f Suteikia ilgalaik\u012f komfort\u0105 ir pastebimus rezultatus<\/p>\n","protected":false},"featured_media":66925,"template":"","meta":[],"pwb-brand":[1133],"product_brand":[],"product_cat":[765,752],"product_tag":[],"giftcard-category":[],"class_list":{"0":"post-55048","1":"product","2":"type-product","3":"status-publish","4":"has-post-thumbnail","6":"pwb-brand-mesoestetic","7":"product_cat-dovanu-ideja","8":"product_cat-pigmentacija-lt","10":"first","11":"instock","12":"sale","13":"taxable","14":"shipping-taxable","15":"purchasable","16":"product-type-simple"},"acf":[],"brands":[{"id":1133,"name":"Mesoestetic","slug":"mesoestetic"}],"_links":{"self":[{"href":"https:\/\/skinstudio.ee\/lt\/wp-json\/wp\/v2\/product\/55048","targetHints":{"allow":["GET"]}}],"collection":[{"href":"https:\/\/skinstudio.ee\/lt\/wp-json\/wp\/v2\/product"}],"about":[{"href":"https:\/\/skinstudio.ee\/lt\/wp-json\/wp\/v2\/types\/product"}],"version-history":[{"count":0,"href":"https:\/\/skinstudio.ee\/lt\/wp-json\/wp\/v2\/product\/55048\/revisions"}],"wp:featuredmedia":[{"embeddable":true,"href":"https:\/\/skinstudio.ee\/lt\/wp-json\/wp\/v2\/media\/66925"}],"wp:attachment":[{"href":"https:\/\/skinstudio.ee\/lt\/wp-json\/wp\/v2\/media?parent=55048"}],"wp:term":[{"taxonomy":"pwb-brand","embeddable":true,"href":"https:\/\/skinstudio.ee\/lt\/wp-json\/wp\/v2\/pwb-brand?post=55048"},{"taxonomy":"product_brand","embeddable":true,"href":"https:\/\/skinstudio.ee\/lt\/wp-json\/wp\/v2\/product_brand?post=55048"},{"taxonomy":"product_cat","embeddable":true,"href":"https:\/\/skinstudio.ee\/lt\/wp-json\/wp\/v2\/product_cat?post=55048"},{"taxonomy":"product_tag","embeddable":true,"href":"https:\/\/skinstudio.ee\/lt\/wp-json\/wp\/v2\/product_tag?post=55048"},{"taxonomy":"giftcard-category","embeddable":true,"href":"https:\/\/skinstudio.ee\/lt\/wp-json\/wp\/v2\/giftcard-category?post=55048"}],"curies":[{"name":"wp","href":"https:\/\/api.w.org\/{rel}","templated":true}]}}