{"id":55064,"date":"2025-10-22T13:38:36","date_gmt":"2025-10-22T13:38:36","guid":{"rendered":"https:\/\/skinstudio.ee\/?post_type=product&#038;p=55064"},"modified":"2025-12-30T17:05:43","modified_gmt":"2025-12-30T17:05:43","slug":"dermamelan-intimate-home-gel-cream","status":"publish","type":"product","link":"https:\/\/skinstudio.ee\/lt\/catalog\/mesoestetic\/dermamelan-intimate-home-gel-cream\/","title":{"rendered":"Dermamelan Intimate Home Gel Cream"},"content":{"rendered":"<p data-start=\"2015\" data-end=\"2326\">\u0160velnus depigmentuojantis gelinis kremas, specialiai sukurtas jautrioms k\u016bno vietoms, linkusioms \u012f hiperpigmentacij\u0105. Mesoestetic Dermamelan Intimate Home Gel Cream veiksmingai suvienodina odos atspalv\u012f, pa\u0161viesina tamsesnes vietas ir suteikia odai glotnumo bei \u0161vyt\u0117jimo, i\u0161laikydamas jos komfort\u0105 ir dr\u0117gm\u0119.<\/p>\n<p data-start=\"2328\" data-end=\"2689\">Formul\u0117je derinamos azelaino, fitin\u0117 ir askorbo r\u016bg\u0161tys bei retinolis \u2013 veikliosios med\u017eiagos, ma\u017einan\u010dios melanino sintez\u0119 ir padedan\u010dios \u0161viesinti pigmentines d\u0117mes. Papildomai praturtintas glicerinu, \u0161lapalu ir pantenoliu, kremas dr\u0117kina, mink\u0161tina ir stiprina odos apsaugin\u012f barjer\u0105. Produktas yra saugus jautrioms vietoms ir tinka reguliariam naudojimui.<\/p>\n<p data-start=\"2691\" data-end=\"2802\">Kremas matomai suma\u017eina hiperpigmentacij\u0105, pagerina odos ton\u0105 ir suteikia jai sveik\u0105 bei pri\u017ei\u016br\u0117t\u0105 i\u0161vaizd\u0105.<\/p>\n<p data-start=\"2804\" data-end=\"2822\"><strong data-start=\"2804\" data-end=\"2820\">T\u016bris: 50 ml<\/strong><\/p>\n","protected":false},"excerpt":{"rendered":"<p data-start=\"3435\" data-end=\"3481\">Balinamasis gelinis kremas intymioms sritims<\/p>\n<h2 data-start=\"3483\" data-end=\"3819\"><strong data-start=\"3483\" data-end=\"3543\">Mesoestetic &#8211; Dermamelan Intimate Home Gel Cream savyb\u0117s<\/strong><\/h2>\n<p data-start=\"3483\" data-end=\"3819\">\u2714\ufe0f Efektyviai pa\u0161viesina pigmentacij\u0105 intymiose vietose<br data-start=\"3601\" data-end=\"3604\" \/>\u2714\ufe0f Suvienodina atspalv\u012f ir pagerina odos glotnum\u0105<br data-start=\"3653\" data-end=\"3656\" \/>\u2714\ufe0f Dr\u0117kina, mink\u0161tina ir atkuria apsaugin\u012f barjer\u0105<br data-start=\"3706\" data-end=\"3709\" \/>\u2714\ufe0f Tinka jautriai odai ir reguliariam naudojimui<br data-start=\"3757\" data-end=\"3760\" \/>\u2714\ufe0f Suteikia odai \u0161vyt\u0117jimo, sveik\u0105 ir pri\u017ei\u016br\u0117t\u0105 i\u0161vaizd\u0105<\/p>\n","protected":false},"featured_media":66919,"template":"","meta":[],"pwb-brand":[1133],"product_brand":[],"product_cat":[758],"product_tag":[],"giftcard-category":[],"class_list":{"0":"post-55064","1":"product","2":"type-product","3":"status-publish","4":"has-post-thumbnail","6":"pwb-brand-mesoestetic","7":"product_cat-kuno-prieziura","9":"first","10":"instock","11":"taxable","12":"shipping-taxable","13":"purchasable","14":"product-type-simple"},"acf":[],"brands":[{"id":1133,"name":"Mesoestetic","slug":"mesoestetic"}],"_links":{"self":[{"href":"https:\/\/skinstudio.ee\/lt\/wp-json\/wp\/v2\/product\/55064","targetHints":{"allow":["GET"]}}],"collection":[{"href":"https:\/\/skinstudio.ee\/lt\/wp-json\/wp\/v2\/product"}],"about":[{"href":"https:\/\/skinstudio.ee\/lt\/wp-json\/wp\/v2\/types\/product"}],"version-history":[{"count":0,"href":"https:\/\/skinstudio.ee\/lt\/wp-json\/wp\/v2\/product\/55064\/revisions"}],"wp:featuredmedia":[{"embeddable":true,"href":"https:\/\/skinstudio.ee\/lt\/wp-json\/wp\/v2\/media\/66919"}],"wp:attachment":[{"href":"https:\/\/skinstudio.ee\/lt\/wp-json\/wp\/v2\/media?parent=55064"}],"wp:term":[{"taxonomy":"pwb-brand","embeddable":true,"href":"https:\/\/skinstudio.ee\/lt\/wp-json\/wp\/v2\/pwb-brand?post=55064"},{"taxonomy":"product_brand","embeddable":true,"href":"https:\/\/skinstudio.ee\/lt\/wp-json\/wp\/v2\/product_brand?post=55064"},{"taxonomy":"product_cat","embeddable":true,"href":"https:\/\/skinstudio.ee\/lt\/wp-json\/wp\/v2\/product_cat?post=55064"},{"taxonomy":"product_tag","embeddable":true,"href":"https:\/\/skinstudio.ee\/lt\/wp-json\/wp\/v2\/product_tag?post=55064"},{"taxonomy":"giftcard-category","embeddable":true,"href":"https:\/\/skinstudio.ee\/lt\/wp-json\/wp\/v2\/giftcard-category?post=55064"}],"curies":[{"name":"wp","href":"https:\/\/api.w.org\/{rel}","templated":true}]}}