{"id":55080,"date":"2025-10-22T13:59:49","date_gmt":"2025-10-22T13:59:49","guid":{"rendered":"https:\/\/skinstudio.ee\/?post_type=product&#038;p=55080"},"modified":"2025-12-30T17:05:43","modified_gmt":"2025-12-30T17:05:43","slug":"cosmelan-home-pack","status":"publish","type":"product","link":"https:\/\/skinstudio.ee\/lt\/catalog\/mesoestetic\/cosmelan-home-pack\/","title":{"rendered":"Cosmelan Home Pack"},"content":{"rendered":"<p data-start=\"1890\" data-end=\"2190\">I\u0161sami nam\u0173 odos prie\u017ei\u016bros programa, sukurta t\u0119sti profesionali\u0105 Cosmelan\u00ae proced\u016br\u0105, siekiant veiksmingai koreguoti ir ilgainiui u\u017ekirsti keli\u0105 hiperpigmentacijai. Programa padeda pa\u0161viesinti ir suma\u017einti melanino kilm\u0117s d\u0117mes, reguliuoja per didel\u0119 melanino gamyb\u0105 ir neleid\u017eia joms pasikartoti.<\/p>\n<p data-start=\"2192\" data-end=\"2561\">Pigmentin\u0117s d\u0117m\u0117s \u2013 viena da\u017eniausi\u0173 estetin\u0117s odos problem\u0173, ypa\u010d tarp moter\u0173. Odos patams\u0117jimas, atsirandantis d\u0117l melanino pertekliaus, gali pasireik\u0161ti nepriklausomai nuo odos tipo ir turi ne tik estetin\u012f, bet ir emocin\u012f poveik\u012f. Mesoestetic Cosmelan Home Pack suteikia \u0161velni\u0105, bet itin veiksming\u0105 prie\u017ei\u016br\u0105, atkuriant odos \u0161var\u0105, gaivum\u0105 ir pasitik\u0117jim\u0105 savimi.<\/p>\n<p data-start=\"2563\" data-end=\"2668\">Rinkinys papildo profesional\u0173 pilingo gydym\u0105 ir reguliariai naudojant u\u017etikrina ilgalaikius rezultatus.<\/p>\n<p data-start=\"2670\" data-end=\"3064\"><strong data-start=\"2670\" data-end=\"2689\">Rinkin\u012f sudaro:<\/strong><\/p>\n<ul>\n<li data-start=\"2670\" data-end=\"3064\"><strong data-start=\"2692\" data-end=\"2714\">Cosmelan 2 (30 g):<\/strong> kremas, pa\u0161viesinantis ir ma\u017einantis melanino kilm\u0117s pigmentines d\u0117mes.<\/li>\n<li data-start=\"2670\" data-end=\"3064\"><strong data-start=\"2789\" data-end=\"2816\">Melan Recovery (50 ml):<\/strong> raminamasis ir atkuriamasis balzamas, ma\u017einantis sudirginim\u0105 ir stiprinantis odos apsaugin\u012f barjer\u0105.<\/li>\n<li data-start=\"2670\" data-end=\"3064\"><strong data-start=\"2920\" data-end=\"2959\">Melan 130+ Pigment Control (50 ml):<\/strong> apsauginis kremas nuo saul\u0117s su labai auk\u0161tu SPF 130, padedantis i\u0161vengti pigmentacijos pasikartojimo.<\/li>\n<\/ul>\n","protected":false},"excerpt":{"rendered":"<p data-start=\"3124\" data-end=\"3190\">Nam\u0173 prie\u017ei\u016bros rinkinys pigmentacijos korekcijai ir prevencijai<\/p>\n<h2 data-start=\"3192\" data-end=\"3488\"><strong data-start=\"3192\" data-end=\"3236\">Mesoestetic &#8211; Cosmelan Home Pack savyb\u0117s<\/strong><\/h2>\n<p data-start=\"3192\" data-end=\"3488\">\u2714\ufe0f \u0160viesina ir ma\u017eina pigmentines d\u0117mes<br data-start=\"3278\" data-end=\"3281\" \/>\u2714\ufe0f Reguliuoja perteklin\u0119 melanino gamyb\u0105<br data-start=\"3321\" data-end=\"3324\" \/>\u2714\ufe0f Padeda i\u0161vengti hiperpigmentacijos pasikartojimo<br data-start=\"3375\" data-end=\"3378\" \/>\u2714\ufe0f Atkuria od\u0105 ir u\u017etikrina komfort\u0105 po proced\u016bros<br data-start=\"3428\" data-end=\"3431\" \/>\u2714\ufe0f Tinka vis\u0173 tip\u0173 odai ir suteikia ilgalaik\u012f rezultat\u0105<\/p>\n","protected":false},"featured_media":55071,"template":"","meta":[],"pwb-brand":[1133],"product_brand":[],"product_cat":[765,752],"product_tag":[],"giftcard-category":[],"class_list":{"0":"post-55080","1":"product","2":"type-product","3":"status-publish","4":"has-post-thumbnail","6":"pwb-brand-mesoestetic","7":"product_cat-dovanu-ideja","8":"product_cat-pigmentacija-lt","10":"first","11":"instock","12":"sale","13":"taxable","14":"shipping-taxable","15":"purchasable","16":"product-type-simple"},"acf":[],"brands":[{"id":1133,"name":"Mesoestetic","slug":"mesoestetic"}],"_links":{"self":[{"href":"https:\/\/skinstudio.ee\/lt\/wp-json\/wp\/v2\/product\/55080","targetHints":{"allow":["GET"]}}],"collection":[{"href":"https:\/\/skinstudio.ee\/lt\/wp-json\/wp\/v2\/product"}],"about":[{"href":"https:\/\/skinstudio.ee\/lt\/wp-json\/wp\/v2\/types\/product"}],"version-history":[{"count":0,"href":"https:\/\/skinstudio.ee\/lt\/wp-json\/wp\/v2\/product\/55080\/revisions"}],"wp:featuredmedia":[{"embeddable":true,"href":"https:\/\/skinstudio.ee\/lt\/wp-json\/wp\/v2\/media\/55071"}],"wp:attachment":[{"href":"https:\/\/skinstudio.ee\/lt\/wp-json\/wp\/v2\/media?parent=55080"}],"wp:term":[{"taxonomy":"pwb-brand","embeddable":true,"href":"https:\/\/skinstudio.ee\/lt\/wp-json\/wp\/v2\/pwb-brand?post=55080"},{"taxonomy":"product_brand","embeddable":true,"href":"https:\/\/skinstudio.ee\/lt\/wp-json\/wp\/v2\/product_brand?post=55080"},{"taxonomy":"product_cat","embeddable":true,"href":"https:\/\/skinstudio.ee\/lt\/wp-json\/wp\/v2\/product_cat?post=55080"},{"taxonomy":"product_tag","embeddable":true,"href":"https:\/\/skinstudio.ee\/lt\/wp-json\/wp\/v2\/product_tag?post=55080"},{"taxonomy":"giftcard-category","embeddable":true,"href":"https:\/\/skinstudio.ee\/lt\/wp-json\/wp\/v2\/giftcard-category?post=55080"}],"curies":[{"name":"wp","href":"https:\/\/api.w.org\/{rel}","templated":true}]}}