{"id":55096,"date":"2025-10-22T14:13:12","date_gmt":"2025-10-22T14:13:12","guid":{"rendered":"https:\/\/skinstudio.ee\/?post_type=product&#038;p=55096"},"modified":"2025-12-30T17:05:43","modified_gmt":"2025-12-30T17:05:43","slug":"cosmelan-2","status":"publish","type":"product","link":"https:\/\/skinstudio.ee\/lt\/catalog\/mesoestetic\/cosmelan-2\/","title":{"rendered":"Cosmelan 2"},"content":{"rendered":"<p data-start=\"1660\" data-end=\"1957\">Nam\u0173 depigmentuojantis kremas, sukurtas t\u0119sti ir sustiprinti profesionalios Cosmelan\u00ae proced\u016bros poveik\u012f. Produktas veiksmingai suma\u017eina matomas pigmentines d\u0117mes, reguliuoja melanino gamyb\u0105 ir padeda i\u0161vengti hiperpigmentacijos pasikartojimo, atkuriant odos \u0161var\u0105, tolyg\u0173 atspalv\u012f ir \u0161vyt\u0117jim\u0105.<\/p>\n<p data-start=\"1959\" data-end=\"2240\">Mesoestetic Cosmelan 2 padeda pa\u0161viesinti arba suma\u017einti melanino kilm\u0117s pigmentines d\u0117mes, atsirandan\u010dias ant veido, kaklo, dekolt\u0117 ir rank\u0173 odos. Aktyvi formul\u0117 ne tik koreguoja d\u0117mes, bet ir pagerina bendr\u0105 odos atspalv\u012f, palikdama j\u0105 vizualiai lygesn\u0119, gaivesn\u0119 ir sveikesn\u0119.<\/p>\n<p data-start=\"2242\" data-end=\"2567\">Hiperpigmentacija tampa vis da\u017enesn\u0117 visame pasaulyje \u2013 daugiau nei 90% vyresni\u0173 nei 50 met\u0173 suaugusi\u0173j\u0173 susiduria su pigmentacijos poky\u010diais, turin\u010diais tiek estetin\u012f, tiek psichologin\u012f poveik\u012f. Mesoestetic Cosmelan 2 veikia melanogenez\u0117s proces\u0105 \u2013 melanino gamyb\u0105 \u2013 u\u017etikrindamas tolyg\u0173 atspalv\u012f ir sveik\u0105, \u0161vytin\u010di\u0105 od\u0105.<\/p>\n<p data-start=\"2569\" data-end=\"2586\"><strong data-start=\"2569\" data-end=\"2584\">T\u016bris: 30 g<\/strong><\/p>\n","protected":false},"excerpt":{"rendered":"<p data-start=\"2731\" data-end=\"2799\">Depigmentuojantis kremas odos tono suvienodinimui ir pa\u0161viesinimui<\/p>\n<h2 data-start=\"2801\" data-end=\"3116\"><strong data-start=\"2801\" data-end=\"2837\">Mesoestetic &#8211; Cosmelan 2 savyb\u0117s<\/strong><\/h2>\n<p data-start=\"2801\" data-end=\"3116\">\u2714\ufe0f Veiksmingai \u0161viesina pigmentines d\u0117mes ir padeda i\u0161vengti j\u0173 pasikartojimo<br data-start=\"2917\" data-end=\"2920\" \/>\u2714\ufe0f Reguliuoja perteklin\u0119 melanino gamyb\u0105<br data-start=\"2960\" data-end=\"2963\" \/>\u2714\ufe0f Gerina odos strukt\u016br\u0105 ir elastingum\u0105<br data-start=\"3002\" data-end=\"3005\" \/>\u2714\ufe0f Palaiko dr\u0117gm\u0117s balans\u0105 ir komfort\u0105 vis\u0105 dien\u0105<br data-start=\"3054\" data-end=\"3057\" \/>\u2714\ufe0f Suteikia odai gaivumo, tolygum\u0105 ir pri\u017ei\u016br\u0117t\u0105 i\u0161vaizd\u0105<\/p>\n","protected":false},"featured_media":66914,"template":"","meta":[],"pwb-brand":[1133],"product_brand":[],"product_cat":[738,752,750],"product_tag":[],"giftcard-category":[],"class_list":{"0":"post-55096","1":"product","2":"type-product","3":"status-publish","4":"has-post-thumbnail","6":"pwb-brand-mesoestetic","7":"product_cat-drekinimas","8":"product_cat-pigmentacija-lt","9":"product_cat-senstanti-oda","11":"first","12":"instock","13":"taxable","14":"shipping-taxable","15":"purchasable","16":"product-type-simple"},"acf":[],"brands":[{"id":1133,"name":"Mesoestetic","slug":"mesoestetic"}],"_links":{"self":[{"href":"https:\/\/skinstudio.ee\/lt\/wp-json\/wp\/v2\/product\/55096","targetHints":{"allow":["GET"]}}],"collection":[{"href":"https:\/\/skinstudio.ee\/lt\/wp-json\/wp\/v2\/product"}],"about":[{"href":"https:\/\/skinstudio.ee\/lt\/wp-json\/wp\/v2\/types\/product"}],"version-history":[{"count":0,"href":"https:\/\/skinstudio.ee\/lt\/wp-json\/wp\/v2\/product\/55096\/revisions"}],"wp:featuredmedia":[{"embeddable":true,"href":"https:\/\/skinstudio.ee\/lt\/wp-json\/wp\/v2\/media\/66914"}],"wp:attachment":[{"href":"https:\/\/skinstudio.ee\/lt\/wp-json\/wp\/v2\/media?parent=55096"}],"wp:term":[{"taxonomy":"pwb-brand","embeddable":true,"href":"https:\/\/skinstudio.ee\/lt\/wp-json\/wp\/v2\/pwb-brand?post=55096"},{"taxonomy":"product_brand","embeddable":true,"href":"https:\/\/skinstudio.ee\/lt\/wp-json\/wp\/v2\/product_brand?post=55096"},{"taxonomy":"product_cat","embeddable":true,"href":"https:\/\/skinstudio.ee\/lt\/wp-json\/wp\/v2\/product_cat?post=55096"},{"taxonomy":"product_tag","embeddable":true,"href":"https:\/\/skinstudio.ee\/lt\/wp-json\/wp\/v2\/product_tag?post=55096"},{"taxonomy":"giftcard-category","embeddable":true,"href":"https:\/\/skinstudio.ee\/lt\/wp-json\/wp\/v2\/giftcard-category?post=55096"}],"curies":[{"name":"wp","href":"https:\/\/api.w.org\/{rel}","templated":true}]}}