{"id":55113,"date":"2025-10-22T14:22:48","date_gmt":"2025-10-22T14:22:48","guid":{"rendered":"https:\/\/skinstudio.ee\/?post_type=product&#038;p=55113"},"modified":"2025-12-30T17:05:43","modified_gmt":"2025-12-30T17:05:43","slug":"mesoprotech-melan-130-pigment-control","status":"publish","type":"product","link":"https:\/\/skinstudio.ee\/lt\/catalog\/mesoestetic\/mesoprotech-melan-130-pigment-control\/","title":{"rendered":"Mesoprotech Melan 130 Pigment Control"},"content":{"rendered":"<p data-start=\"1959\" data-end=\"2271\">Tonu suteikiantis saul\u0117s kremas su labai auk\u0161ta apsauga, sukurtas odai, linkusiai \u012f hiperpigmentacij\u0105 ir netolyg\u0173 atspalv\u012f. Mesoestetic Mesoprotech Melan 130 Pigment Control patikimai apsaugo nuo UVA, UVB, HEV ir IR spinduli\u0173, padeda i\u0161vengti nauj\u0173 pigmentini\u0173 d\u0117mi\u0173 susidarymo ir kartu pagerina odos i\u0161vaizd\u0105.<\/p>\n<p data-start=\"2273\" data-end=\"2564\">D\u0117l veikli\u0173j\u0173 ingredient\u0173 &#8211; Potassium Azelaoyl Diglycinate ir Mesoprotech Complex &#8211; kremas reguliuoja melanino sintez\u0119, suvienodina atspalv\u012f ir sustiprina \u0161viesinant\u012f poveik\u012f. Lengva, tonizuota tekst\u016bra tolygiai pasiskirsto ant odos, maskuoja netobulumus ir suteikia nat\u016bral\u0173, lyg\u0173 vaizd\u0105.<\/p>\n<p data-start=\"2566\" data-end=\"2747\">Formul\u0117 yra atspari vandeniui ir tinkama visiems odos tipams, \u012fskaitant jautri\u0105 od\u0105. Puikiai tinka kasdieniam naudojimui, ypa\u010d odai, linkusiai \u012f hiperpigmentacij\u0105 ir fotosen\u0117jim\u0105.<\/p>\n<p data-start=\"2749\" data-end=\"2767\"><strong data-start=\"2749\" data-end=\"2765\">T\u016bris: 50 ml<\/strong><\/p>\n","protected":false},"excerpt":{"rendered":"<p data-start=\"3325\" data-end=\"3388\">Tonu suteikiantis saul\u0117s kremas su antipigmentaciniu poveikiu<\/p>\n<h2 data-start=\"3390\" data-end=\"3762\"><strong data-start=\"3390\" data-end=\"3453\">Mesoestetic &#8211; Mesoprotech Melan 130 Pigment Control savyb\u0117s<\/strong><\/h2>\n<p data-start=\"3390\" data-end=\"3762\">\u2714\ufe0f Suteikia labai auk\u0161t\u0105 apsaug\u0105 nuo UVA, UVB, HEV ir IR spinduli\u0173<br data-start=\"3522\" data-end=\"3525\" \/>\u2714\ufe0f Reguliuoja melanino gamyb\u0105 ir padeda i\u0161vengti pigmentini\u0173 d\u0117mi\u0173 susidarymo<br data-start=\"3602\" data-end=\"3605\" \/>\u2714\ufe0f Suvienodina odos atspalv\u012f ir suteikia nat\u016bral\u0173 spindes\u012f<br data-start=\"3663\" data-end=\"3666\" \/>\u2714\ufe0f Maskuoja netobulumus ir pagerina odos i\u0161vaizd\u0105<br data-start=\"3715\" data-end=\"3718\" \/>\u2714\ufe0f Tinka vis\u0173 tip\u0173 odai, \u012fskaitant jautri\u0105<\/p>\n","protected":false},"featured_media":66909,"template":"","meta":[],"pwb-brand":[1133],"product_brand":[],"product_cat":[752,732],"product_tag":[],"giftcard-category":[],"class_list":{"0":"post-55113","1":"product","2":"type-product","3":"status-publish","4":"has-post-thumbnail","6":"pwb-brand-mesoestetic","7":"product_cat-pigmentacija-lt","8":"product_cat-spf-apsauga","10":"first","11":"instock","12":"taxable","13":"shipping-taxable","14":"purchasable","15":"product-type-simple"},"acf":[],"brands":[{"id":1133,"name":"Mesoestetic","slug":"mesoestetic"}],"_links":{"self":[{"href":"https:\/\/skinstudio.ee\/lt\/wp-json\/wp\/v2\/product\/55113","targetHints":{"allow":["GET"]}}],"collection":[{"href":"https:\/\/skinstudio.ee\/lt\/wp-json\/wp\/v2\/product"}],"about":[{"href":"https:\/\/skinstudio.ee\/lt\/wp-json\/wp\/v2\/types\/product"}],"version-history":[{"count":0,"href":"https:\/\/skinstudio.ee\/lt\/wp-json\/wp\/v2\/product\/55113\/revisions"}],"wp:featuredmedia":[{"embeddable":true,"href":"https:\/\/skinstudio.ee\/lt\/wp-json\/wp\/v2\/media\/66909"}],"wp:attachment":[{"href":"https:\/\/skinstudio.ee\/lt\/wp-json\/wp\/v2\/media?parent=55113"}],"wp:term":[{"taxonomy":"pwb-brand","embeddable":true,"href":"https:\/\/skinstudio.ee\/lt\/wp-json\/wp\/v2\/pwb-brand?post=55113"},{"taxonomy":"product_brand","embeddable":true,"href":"https:\/\/skinstudio.ee\/lt\/wp-json\/wp\/v2\/product_brand?post=55113"},{"taxonomy":"product_cat","embeddable":true,"href":"https:\/\/skinstudio.ee\/lt\/wp-json\/wp\/v2\/product_cat?post=55113"},{"taxonomy":"product_tag","embeddable":true,"href":"https:\/\/skinstudio.ee\/lt\/wp-json\/wp\/v2\/product_tag?post=55113"},{"taxonomy":"giftcard-category","embeddable":true,"href":"https:\/\/skinstudio.ee\/lt\/wp-json\/wp\/v2\/giftcard-category?post=55113"}],"curies":[{"name":"wp","href":"https:\/\/api.w.org\/{rel}","templated":true}]}}