{"id":55131,"date":"2025-10-22T14:35:19","date_gmt":"2025-10-22T14:35:19","guid":{"rendered":"https:\/\/skinstudio.ee\/?post_type=product&#038;p=55131"},"modified":"2026-04-15T09:09:56","modified_gmt":"2026-04-15T09:09:56","slug":"mesoprotech-ple-gummies","status":"publish","type":"product","link":"https:\/\/skinstudio.ee\/lt\/catalog\/mesoestetic\/mesoprotech-ple-gummies\/","title":{"rendered":"Mesoprotech Ple Gummies"},"content":{"rendered":"<p data-start=\"1532\" data-end=\"1667\"><strong data-start=\"1532\" data-end=\"1667\">Mesoprotech PLE Gummies nuo Mesoestetic &#8211; maisto papildas kramtom\u0173j\u0173 pastili\u0173 forma su vitaminais ir augalin\u0117s kilm\u0117s komponentais.<\/strong><\/p>\n<p data-start=\"1669\" data-end=\"1835\">Formul\u0117 skirta kasdieniam vartojimui ir sud\u0117tyje yra ingredient\u0173, pla\u010diai naudojam\u0173 maisto papilduose. Kramtom\u0173j\u0173 pastili\u0173 forma u\u017etikrina patog\u0173 ir malon\u0173 vartojim\u0105.<\/p>\n<p data-start=\"1837\" data-end=\"2017\">Sud\u0117tyje yra augalinis ekstraktas Polypodium leucotomos, vitaminai B3, C, E ir D3, taip pat karotenoidai, \u012fskaitant liutein\u0105 ir zeaksantin\u0105. Produktas gali b\u016bti vartojamas kasdien.<\/p>\n<p data-start=\"2019\" data-end=\"2240\"><strong data-start=\"2019\" data-end=\"2042\">Pagaminta Europoje.<\/strong><br data-start=\"2042\" data-end=\"2045\" \/><strong data-start=\"2045\" data-end=\"2066\">Tinkamumo laikas:<\/strong> \u017ei\u016br\u0117ti ant pakuot\u0117s<br data-start=\"2087\" data-end=\"2090\" \/><strong data-start=\"2090\" data-end=\"2110\">Laikymo s\u0105lygos:<\/strong> laikyti sandariai u\u017edaryt\u0105 sausoje, v\u0117sioje vietoje, laikyti vaikams nepasiekiamoje vietoje<br data-start=\"2202\" data-end=\"2205\" \/><strong data-start=\"2205\" data-end=\"2215\">T\u016bris:<\/strong> 60 kramtom\u0173j\u0173 pastili\u0173<\/p>\n","protected":false},"excerpt":{"rendered":"<p data-start=\"2731\" data-end=\"2768\">Kramtom\u0173j\u0173 pastili\u0173 maisto papildas<\/p>\n<h2 data-start=\"2770\" data-end=\"2819\"><strong data-start=\"2770\" data-end=\"2819\">Mesoestetic &#8211; Mesoprotech PLE Gummies Savyb\u0117s<\/strong><\/h2>\n<p data-start=\"2821\" data-end=\"3031\">\u2714\ufe0f Vitamin\u0173 B3, C, E ir D3 kompleksas<br data-start=\"2858\" data-end=\"2861\" \/>\u2714\ufe0f Polypodium leucotomos augalinis ekstraktas sud\u0117tyje<br data-start=\"2915\" data-end=\"2918\" \/>\u2714\ufe0f Karotenoidai liuteinas ir zeaksantinas<br data-start=\"2959\" data-end=\"2962\" \/>\u2714\ufe0f Patogi forma kasdieniam vartojimui<br data-start=\"2999\" data-end=\"3002\" \/>\u2714\ufe0f Daugiakomponent\u0117 sud\u0117tis<\/p>\n","protected":false},"featured_media":66904,"template":"","meta":[],"pwb-brand":[1133],"product_brand":[],"product_cat":[769],"product_tag":[],"giftcard-category":[],"class_list":{"0":"post-55131","1":"product","2":"type-product","3":"status-publish","4":"has-post-thumbnail","6":"pwb-brand-mesoestetic","7":"product_cat-vitaminai","9":"first","10":"instock","11":"taxable","12":"shipping-taxable","13":"purchasable","14":"product-type-simple"},"acf":[],"brands":[{"id":1133,"name":"Mesoestetic","slug":"mesoestetic"}],"_links":{"self":[{"href":"https:\/\/skinstudio.ee\/lt\/wp-json\/wp\/v2\/product\/55131","targetHints":{"allow":["GET"]}}],"collection":[{"href":"https:\/\/skinstudio.ee\/lt\/wp-json\/wp\/v2\/product"}],"about":[{"href":"https:\/\/skinstudio.ee\/lt\/wp-json\/wp\/v2\/types\/product"}],"version-history":[{"count":2,"href":"https:\/\/skinstudio.ee\/lt\/wp-json\/wp\/v2\/product\/55131\/revisions"}],"predecessor-version":[{"id":90931,"href":"https:\/\/skinstudio.ee\/lt\/wp-json\/wp\/v2\/product\/55131\/revisions\/90931"}],"wp:featuredmedia":[{"embeddable":true,"href":"https:\/\/skinstudio.ee\/lt\/wp-json\/wp\/v2\/media\/66904"}],"wp:attachment":[{"href":"https:\/\/skinstudio.ee\/lt\/wp-json\/wp\/v2\/media?parent=55131"}],"wp:term":[{"taxonomy":"pwb-brand","embeddable":true,"href":"https:\/\/skinstudio.ee\/lt\/wp-json\/wp\/v2\/pwb-brand?post=55131"},{"taxonomy":"product_brand","embeddable":true,"href":"https:\/\/skinstudio.ee\/lt\/wp-json\/wp\/v2\/product_brand?post=55131"},{"taxonomy":"product_cat","embeddable":true,"href":"https:\/\/skinstudio.ee\/lt\/wp-json\/wp\/v2\/product_cat?post=55131"},{"taxonomy":"product_tag","embeddable":true,"href":"https:\/\/skinstudio.ee\/lt\/wp-json\/wp\/v2\/product_tag?post=55131"},{"taxonomy":"giftcard-category","embeddable":true,"href":"https:\/\/skinstudio.ee\/lt\/wp-json\/wp\/v2\/giftcard-category?post=55131"}],"curies":[{"name":"wp","href":"https:\/\/api.w.org\/{rel}","templated":true}]}}