{"id":55149,"date":"2025-10-22T14:44:38","date_gmt":"2025-10-22T14:44:38","guid":{"rendered":"https:\/\/skinstudio.ee\/?post_type=product&#038;p=55149"},"modified":"2025-12-30T17:05:43","modified_gmt":"2025-12-30T17:05:43","slug":"mesoprotech-sun-stick","status":"publish","type":"product","link":"https:\/\/skinstudio.ee\/lt\/catalog\/mesoestetic\/mesoprotech-sun-stick\/","title":{"rendered":"Mesoprotech Sun Stick"},"content":{"rendered":"<p data-start=\"1543\" data-end=\"1890\">Patogus saul\u0117s apsaugos pie\u0161tukas su itin auk\u0161ta SPF 50+ apsauga, sukurtas jautrioms veido ir k\u016bno vietoms. Mesoestetic Mesoprotech Sun Stick apsaugo od\u0105 nuo UVA ir UVB spinduli\u0173, pad\u0117damas i\u0161vengti pa\u017eeidim\u0173 ir fotosen\u0117jimo. Kompakti\u0161kas formatas leid\u017eia naudoti produkt\u0105 bet kada ir bet kur \u2013 idealiai tinka kasdieniam naudojimui ir kelion\u0117ms.<\/p>\n<p data-start=\"1892\" data-end=\"2267\">Formul\u0117je esantis patentuotas <em data-start=\"1922\" data-end=\"1936\">Mesoprotech\u00ae<\/em> kompleksas ir er\u0161k\u0117tuogi\u0173 aliejus maitina ir atkuria od\u0105, stiprina jos apsaugin\u012f barjer\u0105 ir skatina regeneracij\u0105. D\u0117l veikliosios med\u017eiagos <em data-start=\"2077\" data-end=\"2094\">Collagen pro-47<\/em> produktas palaiko kolageno gamyb\u0105, gerina odos elastingum\u0105 ir lygum\u0105. Pie\u0161tukas lengvai tepasi, nepalieka balt\u0173 \u017eymi\u0173 ir tinka visiems odos tipams, \u012fskaitant jautri\u0105 od\u0105.<\/p>\n<p data-start=\"2269\" data-end=\"2287\"><strong data-start=\"2269\" data-end=\"2285\">T\u016bris: 4,5 g<\/strong><\/p>\n","protected":false},"excerpt":{"rendered":"<p data-start=\"2548\" data-end=\"2610\">Kietasis saul\u0117s apsaugos pie\u0161tukas jautrioms vietoms SPF 50+<\/p>\n<h2 data-start=\"2612\" data-end=\"2953\"><strong data-start=\"2612\" data-end=\"2659\">Mesoestetic &#8211; Mesoprotech Sun Stick savyb\u0117s<\/strong><\/h2>\n<p data-start=\"2612\" data-end=\"2953\" data-is-last-node=\"\" data-is-only-node=\"\">\u2714\ufe0f Suteikia itin auk\u0161t\u0105 SPF 50+ apsaug\u0105<br data-start=\"2701\" data-end=\"2704\" \/>\u2714\ufe0f Stiprina odos apsaugin\u012f barjer\u0105 ir padeda jai atsinaujinti<br data-start=\"2765\" data-end=\"2768\" \/>\u2714\ufe0f Maitina ir \u0161velnina od\u0105 be riebaus blizgesio<br data-start=\"2815\" data-end=\"2818\" \/>\u2714\ufe0f Kompakti\u0161kas formatas patogiam naudojimui bet kada<br data-start=\"2871\" data-end=\"2874\" \/>\u2714\ufe0f Atsparus vandeniui, bekvapis, dermatologi\u0161kai ir oftalmologi\u0161kai patikrintas<\/p>\n","protected":false},"featured_media":66899,"template":"","meta":[],"pwb-brand":[1133],"product_brand":[],"product_cat":[732],"product_tag":[],"giftcard-category":[],"class_list":{"0":"post-55149","1":"product","2":"type-product","3":"status-publish","4":"has-post-thumbnail","6":"pwb-brand-mesoestetic","7":"product_cat-spf-apsauga","9":"first","10":"instock","11":"taxable","12":"shipping-taxable","13":"purchasable","14":"product-type-simple"},"acf":[],"brands":[{"id":1133,"name":"Mesoestetic","slug":"mesoestetic"}],"_links":{"self":[{"href":"https:\/\/skinstudio.ee\/lt\/wp-json\/wp\/v2\/product\/55149","targetHints":{"allow":["GET"]}}],"collection":[{"href":"https:\/\/skinstudio.ee\/lt\/wp-json\/wp\/v2\/product"}],"about":[{"href":"https:\/\/skinstudio.ee\/lt\/wp-json\/wp\/v2\/types\/product"}],"version-history":[{"count":0,"href":"https:\/\/skinstudio.ee\/lt\/wp-json\/wp\/v2\/product\/55149\/revisions"}],"wp:featuredmedia":[{"embeddable":true,"href":"https:\/\/skinstudio.ee\/lt\/wp-json\/wp\/v2\/media\/66899"}],"wp:attachment":[{"href":"https:\/\/skinstudio.ee\/lt\/wp-json\/wp\/v2\/media?parent=55149"}],"wp:term":[{"taxonomy":"pwb-brand","embeddable":true,"href":"https:\/\/skinstudio.ee\/lt\/wp-json\/wp\/v2\/pwb-brand?post=55149"},{"taxonomy":"product_brand","embeddable":true,"href":"https:\/\/skinstudio.ee\/lt\/wp-json\/wp\/v2\/product_brand?post=55149"},{"taxonomy":"product_cat","embeddable":true,"href":"https:\/\/skinstudio.ee\/lt\/wp-json\/wp\/v2\/product_cat?post=55149"},{"taxonomy":"product_tag","embeddable":true,"href":"https:\/\/skinstudio.ee\/lt\/wp-json\/wp\/v2\/product_tag?post=55149"},{"taxonomy":"giftcard-category","embeddable":true,"href":"https:\/\/skinstudio.ee\/lt\/wp-json\/wp\/v2\/giftcard-category?post=55149"}],"curies":[{"name":"wp","href":"https:\/\/api.w.org\/{rel}","templated":true}]}}