{"id":55166,"date":"2025-10-22T14:58:50","date_gmt":"2025-10-22T14:58:50","guid":{"rendered":"https:\/\/skinstudio.ee\/?post_type=product&#038;p=55166"},"modified":"2025-12-30T17:05:43","modified_gmt":"2025-12-30T17:05:43","slug":"mesoprotech-mineral-fluid-spf50","status":"publish","type":"product","link":"https:\/\/skinstudio.ee\/lt\/catalog\/mesoestetic\/mesoprotech-mineral-fluid-spf50\/","title":{"rendered":"Mesoprotech Mineral Fluid SPF50"},"content":{"rendered":"<p data-start=\"1223\" data-end=\"1534\">Tonuotas mineralinis apsauginis skystis su auk\u0161tu apsaugos lygiu, specialiai sukurtas jautriai ir sudirgusiai odai, taip pat tinkamas naudoti po estetini\u0173 proced\u016br\u0173. Lengva tekst\u016bra leid\u017eia patogiai tepti be balt\u0173 p\u0117dsak\u0173, o auk\u0161tas SPF 50+ faktorius patikimai apsaugo od\u0105 nuo kenksming\u0173 UVA ir UVB spinduli\u0173.<\/p>\n<p data-start=\"1536\" data-end=\"1813\">Formul\u0117 su mineraliniais filtrais ir antioksidantais u\u017etikrina didel\u012f tolerancijos lyg\u012f ir tinka net pa\u010diai jautriausiai odai. Mesoestetic Mesoprotech Mineral Fluid SPF50 padeda i\u0161laikyti tolyg\u0173 odos atspalv\u012f ir nat\u016bral\u0173 \u0161vyt\u0117jim\u0105, palikdama od\u0105 \u0161velni\u0105, lygi\u0105 ir apsaugot\u0105.<\/p>\n<p data-start=\"1815\" data-end=\"1837\"><strong data-start=\"1815\" data-end=\"1825\">T\u016bris:<\/strong> <strong data-start=\"1826\" data-end=\"1835\">50 ml<\/strong><\/p>\n","protected":false},"excerpt":{"rendered":"<p data-start=\"2017\" data-end=\"2058\">Tonuotas mineralinis apsauginis skystis<\/p>\n<h2 data-start=\"2060\" data-end=\"2327\"><strong data-start=\"2060\" data-end=\"2119\">Mesoestetic &#8211; Mesoprotech Mineral Fluid SPF50 savyb\u0117s<\/strong><\/h2>\n<p data-start=\"2060\" data-end=\"2327\" data-is-last-node=\"\" data-is-only-node=\"\">\u2714\ufe0f Suteikia auk\u0161t\u0105 SPF 50+ apsaug\u0105 jautriai odai<br data-start=\"2170\" data-end=\"2173\" \/>\u2714\ufe0f Mineraliniai filtrai suteikia \u0161velni\u0105 ir saugi\u0105 apsaug\u0105<br data-start=\"2231\" data-end=\"2234\" \/>\u2714\ufe0f Lengva tekst\u016bra be balt\u0173 p\u0117dsak\u0173<br data-start=\"2269\" data-end=\"2272\" \/>\u2714\ufe0f Sulygina odos atspalv\u012f ir suteikia nat\u016bral\u0173 spindes\u012f<\/p>\n","protected":false},"featured_media":66893,"template":"","meta":[],"pwb-brand":[1133],"product_brand":[],"product_cat":[732],"product_tag":[],"giftcard-category":[],"class_list":{"0":"post-55166","1":"product","2":"type-product","3":"status-publish","4":"has-post-thumbnail","6":"pwb-brand-mesoestetic","7":"product_cat-spf-apsauga","9":"first","10":"instock","11":"taxable","12":"shipping-taxable","13":"purchasable","14":"product-type-simple"},"acf":[],"brands":[{"id":1133,"name":"Mesoestetic","slug":"mesoestetic"}],"_links":{"self":[{"href":"https:\/\/skinstudio.ee\/lt\/wp-json\/wp\/v2\/product\/55166","targetHints":{"allow":["GET"]}}],"collection":[{"href":"https:\/\/skinstudio.ee\/lt\/wp-json\/wp\/v2\/product"}],"about":[{"href":"https:\/\/skinstudio.ee\/lt\/wp-json\/wp\/v2\/types\/product"}],"version-history":[{"count":0,"href":"https:\/\/skinstudio.ee\/lt\/wp-json\/wp\/v2\/product\/55166\/revisions"}],"wp:featuredmedia":[{"embeddable":true,"href":"https:\/\/skinstudio.ee\/lt\/wp-json\/wp\/v2\/media\/66893"}],"wp:attachment":[{"href":"https:\/\/skinstudio.ee\/lt\/wp-json\/wp\/v2\/media?parent=55166"}],"wp:term":[{"taxonomy":"pwb-brand","embeddable":true,"href":"https:\/\/skinstudio.ee\/lt\/wp-json\/wp\/v2\/pwb-brand?post=55166"},{"taxonomy":"product_brand","embeddable":true,"href":"https:\/\/skinstudio.ee\/lt\/wp-json\/wp\/v2\/product_brand?post=55166"},{"taxonomy":"product_cat","embeddable":true,"href":"https:\/\/skinstudio.ee\/lt\/wp-json\/wp\/v2\/product_cat?post=55166"},{"taxonomy":"product_tag","embeddable":true,"href":"https:\/\/skinstudio.ee\/lt\/wp-json\/wp\/v2\/product_tag?post=55166"},{"taxonomy":"giftcard-category","embeddable":true,"href":"https:\/\/skinstudio.ee\/lt\/wp-json\/wp\/v2\/giftcard-category?post=55166"}],"curies":[{"name":"wp","href":"https:\/\/api.w.org\/{rel}","templated":true}]}}