{"id":55182,"date":"2025-10-22T15:07:09","date_gmt":"2025-10-22T15:07:09","guid":{"rendered":"https:\/\/skinstudio.ee\/?post_type=product&#038;p=55182"},"modified":"2025-12-30T17:05:43","modified_gmt":"2025-12-30T17:05:43","slug":"mesoprotech-hydra-cream-spf-50","status":"publish","type":"product","link":"https:\/\/skinstudio.ee\/lt\/catalog\/mesoestetic\/mesoprotech-hydra-cream-spf-50\/","title":{"rendered":"Mesoprotech Hydra Cream SPF 50+"},"content":{"rendered":"<p data-start=\"1277\" data-end=\"1626\">Mesoestetic Mesoprotech Hydra Cream SPF 50+ \u2013 tai apsauginis kremas nuo saul\u0117s su auk\u0161tu apsaugos lygiu, specialiai sukurtas sausai, jautriai ir dehidratuotai odai. Formul\u0117 su keramidu ir patentuotu <strong data-start=\"1476\" data-end=\"1492\">Mesoprotech\u00ae<\/strong> kompleksu suteikia plataus spektro apsaug\u0105 nuo UVA, UVB, HEV ir IR spinduli\u0173, padedant i\u0161vengti foto-sen\u0117jimo ir dr\u0117gm\u0117s praradimo.<\/p>\n<p data-start=\"1628\" data-end=\"1797\">Kremas giliai maitina, atkuria odos apsaugin\u012f barjer\u0105 ir suteikia jai \u0161velnumo, elastingumo bei komforto. Lengva, neriebi tekst\u016bra puikiai tinka kasdieniam naudojimui.<\/p>\n<p data-start=\"1799\" data-end=\"1821\"><strong data-start=\"1799\" data-end=\"1809\">T\u016bris:<\/strong> <strong data-start=\"1810\" data-end=\"1819\">50 ml<\/strong><\/p>\n","protected":false},"excerpt":{"rendered":"<p data-start=\"2060\" data-end=\"2115\">Dr\u0117kinamasis apsauginis kremas nuo saul\u0117s sausai odai<\/p>\n<h2 data-start=\"2117\" data-end=\"2450\"><strong data-start=\"2117\" data-end=\"2174\">Mesoestetic &#8211; Mesoprotech Hydra Cream SPF 50+ savyb\u0117s<\/strong><\/h2>\n<p data-start=\"2117\" data-end=\"2450\" data-is-last-node=\"\" data-is-only-node=\"\">\u2714\ufe0f Suteikia auk\u0161t\u0105 SPF 50+ apsaug\u0105 nuo UVA\/UVB\/HEV\/IR spinduli\u0173<br data-start=\"2240\" data-end=\"2243\" \/>\u2714\ufe0f Giliai dr\u0117kina ir saugo nuo odos i\u0161saus\u0117jimo<br data-start=\"2290\" data-end=\"2293\" \/>\u2714\ufe0f Stiprina odos barjer\u0105 ir pagerina elastingum\u0105<br data-start=\"2341\" data-end=\"2344\" \/>\u2714\ufe0f Palieka od\u0105 \u0161velni\u0105, lygi\u0105 ir komforti\u0161k\u0105<br data-start=\"2388\" data-end=\"2391\" \/>\u2714\ufe0f Atspari vandeniui formul\u0117, tinkama kasdieniam naudojimui<\/p>\n","protected":false},"featured_media":66888,"template":"","meta":[],"pwb-brand":[1133],"product_brand":[],"product_cat":[732],"product_tag":[],"giftcard-category":[],"class_list":{"0":"post-55182","1":"product","2":"type-product","3":"status-publish","4":"has-post-thumbnail","6":"pwb-brand-mesoestetic","7":"product_cat-spf-apsauga","9":"first","10":"instock","11":"taxable","12":"shipping-taxable","13":"purchasable","14":"product-type-simple"},"acf":[],"brands":[{"id":1133,"name":"Mesoestetic","slug":"mesoestetic"}],"_links":{"self":[{"href":"https:\/\/skinstudio.ee\/lt\/wp-json\/wp\/v2\/product\/55182","targetHints":{"allow":["GET"]}}],"collection":[{"href":"https:\/\/skinstudio.ee\/lt\/wp-json\/wp\/v2\/product"}],"about":[{"href":"https:\/\/skinstudio.ee\/lt\/wp-json\/wp\/v2\/types\/product"}],"version-history":[{"count":0,"href":"https:\/\/skinstudio.ee\/lt\/wp-json\/wp\/v2\/product\/55182\/revisions"}],"wp:featuredmedia":[{"embeddable":true,"href":"https:\/\/skinstudio.ee\/lt\/wp-json\/wp\/v2\/media\/66888"}],"wp:attachment":[{"href":"https:\/\/skinstudio.ee\/lt\/wp-json\/wp\/v2\/media?parent=55182"}],"wp:term":[{"taxonomy":"pwb-brand","embeddable":true,"href":"https:\/\/skinstudio.ee\/lt\/wp-json\/wp\/v2\/pwb-brand?post=55182"},{"taxonomy":"product_brand","embeddable":true,"href":"https:\/\/skinstudio.ee\/lt\/wp-json\/wp\/v2\/product_brand?post=55182"},{"taxonomy":"product_cat","embeddable":true,"href":"https:\/\/skinstudio.ee\/lt\/wp-json\/wp\/v2\/product_cat?post=55182"},{"taxonomy":"product_tag","embeddable":true,"href":"https:\/\/skinstudio.ee\/lt\/wp-json\/wp\/v2\/product_tag?post=55182"},{"taxonomy":"giftcard-category","embeddable":true,"href":"https:\/\/skinstudio.ee\/lt\/wp-json\/wp\/v2\/giftcard-category?post=55182"}],"curies":[{"name":"wp","href":"https:\/\/api.w.org\/{rel}","templated":true}]}}