{"id":55194,"date":"2025-10-22T15:14:49","date_gmt":"2025-10-22T15:14:49","guid":{"rendered":"https:\/\/skinstudio.ee\/?post_type=product&#038;p=55194"},"modified":"2025-12-30T17:05:43","modified_gmt":"2025-12-30T17:05:43","slug":"mesoprotech-body-spray-spf-50","status":"publish","type":"product","link":"https:\/\/skinstudio.ee\/lt\/catalog\/mesoestetic\/mesoprotech-body-spray-spf-50\/","title":{"rendered":"Mesoprotech Body Spray SPF 50+"},"content":{"rendered":"<p data-start=\"1460\" data-end=\"1736\">Mesoestetic Mesoprotech Body Spray SPF 50+ \u2013 tai inovatyvus apsauginis k\u016bno pur\u0161kalas su itin auk\u0161ta apsauga ir nematoma apdaila. Lengva, gaivi tekst\u016bra greitai \u012fsigeria, nepalikdama lipnumo ar riebumo poj\u016b\u010dio, tod\u0117l puikiai tinka aktyviam gyvenimo b\u016bdui ir buvimui saul\u0117je.<\/p>\n<p data-start=\"1738\" data-end=\"2039\">Formul\u0117je esantis patentuotas <strong data-start=\"1768\" data-end=\"1795\">Mesoprotech\u00ae kompleksas<\/strong>, <strong data-start=\"1797\" data-end=\"1816\">Collagen Pro-47<\/strong> ir <strong data-start=\"1820\" data-end=\"1835\">E vitaminas<\/strong> suteikia stipri\u0105 antioksidacin\u0119 apsaug\u0105, stiprina odos barjer\u0105 ir padeda i\u0161laikyti elastingum\u0105. Pur\u0161kal\u0105 galima naudoti net ant dr\u0117gnos ar prakaituotos odos \u2013 jis i\u0161lieka patogus ir atsparus vandeniui.<\/p>\n<p data-start=\"2041\" data-end=\"2064\"><strong data-start=\"2041\" data-end=\"2051\">T\u016bris:<\/strong> <strong data-start=\"2052\" data-end=\"2062\">200 ml<\/strong><\/p>\n","protected":false},"excerpt":{"rendered":"<p data-start=\"2439\" data-end=\"2485\">Lengvas k\u016bno apsauginis pur\u0161kalas nuo saul\u0117s<\/p>\n<h2 data-start=\"2487\" data-end=\"2795\"><strong data-start=\"2487\" data-end=\"2543\">Mesoestetic &#8211; Mesoprotech Body Spray SPF 50+ savyb\u0117s<\/strong><\/h2>\n<p data-start=\"2487\" data-end=\"2795\" data-is-last-node=\"\" data-is-only-node=\"\">\u2714\ufe0f Suteikia auk\u0161t\u0105 SPF 50+ apsaug\u0105<br data-start=\"2580\" data-end=\"2583\" \/>\u2714\ufe0f Lengva, nematoma ir neriebi tekst\u016bra<br data-start=\"2622\" data-end=\"2625\" \/>\u2714\ufe0f Tinka naudoti ant dr\u0117gnos ar prakaituotos odos<br data-start=\"2674\" data-end=\"2677\" \/>\u2714\ufe0f Apsaugo ir stiprina od\u0105 su E vitaminu ir Collagen Pro-47<br data-start=\"2736\" data-end=\"2739\" \/>\u2714\ufe0f Atsparus vandeniui, idealiai tinka aktyviam gyvenimui<\/p>\n","protected":false},"featured_media":66883,"template":"","meta":[],"pwb-brand":[1133],"product_brand":[],"product_cat":[732],"product_tag":[],"giftcard-category":[],"class_list":{"0":"post-55194","1":"product","2":"type-product","3":"status-publish","4":"has-post-thumbnail","6":"pwb-brand-mesoestetic","7":"product_cat-spf-apsauga","9":"first","10":"instock","11":"taxable","12":"shipping-taxable","13":"purchasable","14":"product-type-simple"},"acf":[],"brands":[{"id":1133,"name":"Mesoestetic","slug":"mesoestetic"}],"_links":{"self":[{"href":"https:\/\/skinstudio.ee\/lt\/wp-json\/wp\/v2\/product\/55194","targetHints":{"allow":["GET"]}}],"collection":[{"href":"https:\/\/skinstudio.ee\/lt\/wp-json\/wp\/v2\/product"}],"about":[{"href":"https:\/\/skinstudio.ee\/lt\/wp-json\/wp\/v2\/types\/product"}],"version-history":[{"count":0,"href":"https:\/\/skinstudio.ee\/lt\/wp-json\/wp\/v2\/product\/55194\/revisions"}],"wp:featuredmedia":[{"embeddable":true,"href":"https:\/\/skinstudio.ee\/lt\/wp-json\/wp\/v2\/media\/66883"}],"wp:attachment":[{"href":"https:\/\/skinstudio.ee\/lt\/wp-json\/wp\/v2\/media?parent=55194"}],"wp:term":[{"taxonomy":"pwb-brand","embeddable":true,"href":"https:\/\/skinstudio.ee\/lt\/wp-json\/wp\/v2\/pwb-brand?post=55194"},{"taxonomy":"product_brand","embeddable":true,"href":"https:\/\/skinstudio.ee\/lt\/wp-json\/wp\/v2\/product_brand?post=55194"},{"taxonomy":"product_cat","embeddable":true,"href":"https:\/\/skinstudio.ee\/lt\/wp-json\/wp\/v2\/product_cat?post=55194"},{"taxonomy":"product_tag","embeddable":true,"href":"https:\/\/skinstudio.ee\/lt\/wp-json\/wp\/v2\/product_tag?post=55194"},{"taxonomy":"giftcard-category","embeddable":true,"href":"https:\/\/skinstudio.ee\/lt\/wp-json\/wp\/v2\/giftcard-category?post=55194"}],"curies":[{"name":"wp","href":"https:\/\/api.w.org\/{rel}","templated":true}]}}