{"id":55250,"date":"2025-10-23T08:47:26","date_gmt":"2025-10-23T08:47:26","guid":{"rendered":"https:\/\/skinstudio.ee\/?post_type=product&#038;p=55250"},"modified":"2026-01-21T13:57:32","modified_gmt":"2026-01-21T13:57:32","slug":"palace-of-beauty","status":"publish","type":"product","link":"https:\/\/skinstudio.ee\/lt\/catalog\/reviderm\/palace-of-beauty\/","title":{"rendered":"Palace of Beauty"},"content":{"rendered":"<p data-start=\"1610\" data-end=\"1803\">Padovanokite sau 24 dienas prabangos ir odos atsinaujinimo. Palace of Beauty paver\u010dia gruod\u012f tikru gro\u017eio ritualu \u2013 diena po dienos oda tampa labiau sudr\u0117kinta, stangresn\u0117 ir \u0161vytinti.<\/p>\n<p data-start=\"1805\" data-end=\"2384\">Rinkinyje yra 24 ampul\u0117s pilnam 24 dien\u0173 kursui:<\/p>\n<ul>\n<li data-start=\"1805\" data-end=\"2384\">Dr\u0117kinamoji serumo ampul\u0117 <strong data-start=\"1884\" data-end=\"1909\">HYAL plumping ampoule<\/strong>, 5 \u00d7 2 ml<\/li>\n<li data-start=\"1805\" data-end=\"2384\">Atkuriamoji serumo ampul\u0117 <strong data-start=\"1950\" data-end=\"1976\">CERA repairing ampoule<\/strong>, 3 \u00d7 2 ml<\/li>\n<li data-start=\"1805\" data-end=\"2384\">Peptid\u0173 stangrinamoji serumo ampul\u0117 <strong data-start=\"2027\" data-end=\"2057\">PEPTIDE tightening ampoule<\/strong>, 5 \u00d7 2 ml<\/li>\n<li data-start=\"1805\" data-end=\"2384\">Kolageno gamyb\u0105 skatinanti serumo ampul\u0117 <strong data-start=\"2113\" data-end=\"2142\">COLLAGEN boosting ampoule<\/strong>, 4 \u00d7 2 ml<\/li>\n<li data-start=\"1805\" data-end=\"2384\">Odos atspalv\u012f tolyginanti B3 vitamino ampul\u0117 <strong data-start=\"2202\" data-end=\"2228\">B3 brightening ampoule<\/strong>, 2 \u00d7 2 ml<\/li>\n<li data-start=\"1805\" data-end=\"2384\">Momentinio stangrinimo ampul\u0117 <strong data-start=\"2273\" data-end=\"2295\">speed lift ampoule<\/strong>, 2 \u00d7 2 ml<\/li>\n<li data-start=\"1805\" data-end=\"2384\">Momentinio spindesio suteikianti ampul\u0117 <strong data-start=\"2350\" data-end=\"2372\">speed glow ampoule<\/strong>, 3 \u00d7 2 ml<\/li>\n<\/ul>\n<p data-start=\"2386\" data-end=\"2518\">Kiekviena ampul\u0117 suteikia unikal\u0173 poveik\u012f, o kartu jos u\u017etikrina visapusi\u0161k\u0105 odos atsinaujinim\u0105, atstatym\u0105 ir apsaug\u0105 \u017eiemos metu.<\/p>\n","protected":false},"excerpt":{"rendered":"<p data-start=\"0\" data-end=\"39\"><strong data-start=\"5\" data-end=\"37\">Palace of Beauty &#8211; <\/strong><strong data-start=\"1402\" data-end=\"1438\">Advento kalendorius su ampul\u0117mis<\/strong><\/p>\n<p data-start=\"1442\" data-end=\"1608\"><strong data-start=\"1442\" data-end=\"1498\">24 dienos &#8211; 24 nepriekai\u0161tingos prie\u017ei\u016bros akimirkos<\/strong><\/p>\n<p data-start=\"1442\" data-end=\"1608\">7 veikliosios med\u017eiagos, spindesys ir \u0161vyt\u0117jimas \u2013 u\u017e kiekvien\u0173 dur\u0173 slypi naujas atradimas tobulai odai.<\/p>\n","protected":false},"featured_media":63780,"template":"","meta":[],"pwb-brand":[704],"product_brand":[],"product_cat":[765,756],"product_tag":[],"giftcard-category":[],"class_list":{"0":"post-55250","1":"product","2":"type-product","3":"status-publish","4":"has-post-thumbnail","6":"pwb-brand-reviderm","7":"product_cat-dovanu-ideja","8":"product_cat-rinkinys","10":"first","11":"instock","12":"taxable","13":"shipping-taxable","14":"purchasable","15":"product-type-simple"},"acf":[],"brands":[{"id":704,"name":"Reviderm","slug":"reviderm"}],"_links":{"self":[{"href":"https:\/\/skinstudio.ee\/lt\/wp-json\/wp\/v2\/product\/55250","targetHints":{"allow":["GET"]}}],"collection":[{"href":"https:\/\/skinstudio.ee\/lt\/wp-json\/wp\/v2\/product"}],"about":[{"href":"https:\/\/skinstudio.ee\/lt\/wp-json\/wp\/v2\/types\/product"}],"version-history":[{"count":0,"href":"https:\/\/skinstudio.ee\/lt\/wp-json\/wp\/v2\/product\/55250\/revisions"}],"wp:featuredmedia":[{"embeddable":true,"href":"https:\/\/skinstudio.ee\/lt\/wp-json\/wp\/v2\/media\/63780"}],"wp:attachment":[{"href":"https:\/\/skinstudio.ee\/lt\/wp-json\/wp\/v2\/media?parent=55250"}],"wp:term":[{"taxonomy":"pwb-brand","embeddable":true,"href":"https:\/\/skinstudio.ee\/lt\/wp-json\/wp\/v2\/pwb-brand?post=55250"},{"taxonomy":"product_brand","embeddable":true,"href":"https:\/\/skinstudio.ee\/lt\/wp-json\/wp\/v2\/product_brand?post=55250"},{"taxonomy":"product_cat","embeddable":true,"href":"https:\/\/skinstudio.ee\/lt\/wp-json\/wp\/v2\/product_cat?post=55250"},{"taxonomy":"product_tag","embeddable":true,"href":"https:\/\/skinstudio.ee\/lt\/wp-json\/wp\/v2\/product_tag?post=55250"},{"taxonomy":"giftcard-category","embeddable":true,"href":"https:\/\/skinstudio.ee\/lt\/wp-json\/wp\/v2\/giftcard-category?post=55250"}],"curies":[{"name":"wp","href":"https:\/\/api.w.org\/{rel}","templated":true}]}}