{"id":55277,"date":"2025-10-23T09:25:26","date_gmt":"2025-10-23T09:25:26","guid":{"rendered":"https:\/\/skinstudio.ee\/?post_type=product&#038;p=55277"},"modified":"2026-01-21T13:57:29","modified_gmt":"2026-01-21T13:57:29","slug":"bath-body-boulevard","status":"publish","type":"product","link":"https:\/\/skinstudio.ee\/lt\/catalog\/reviderm\/bath-body-boulevard\/","title":{"rendered":"Bath &#038; Body Boulevard"},"content":{"rendered":"<p data-start=\"1445\" data-end=\"1686\">Pasinerkite \u012f rafinuoto komforto atmosfer\u0105 su Bath &amp; Body Boulevard duetu, sukurtu kasdieniam malonumui ir odos \u0161velnumui.<br data-start=\"1567\" data-end=\"1570\" \/>Tobulas \u0161velnaus valomojo put\u0173 ir maitinan\u010dio k\u016bno kremo derinys paver\u010dia kasdien\u0119 prie\u017ei\u016br\u0105 tikru gro\u017eio ritualu.<\/p>\n<p data-start=\"1688\" data-end=\"1708\"><strong data-start=\"1688\" data-end=\"1706\">Rinkinyje yra:<\/strong><\/p>\n<p data-start=\"1710\" data-end=\"1972\"><strong data-start=\"1710\" data-end=\"1739\">Body Shower Foam (200 ml)<\/strong> \u2013 prabangios putos aksominei odai.<br data-start=\"1774\" data-end=\"1777\" \/>\u0160velnios valomosios putos \u0161velniai nuvalo ir tuo pa\u010diu dr\u0117kina od\u0105. Kiekvienas prisilietimas paver\u010dia du\u0161\u0105 atsipalaidavimo akimirka, o rafinuotas aromatas sukuria harmonijos ir r\u016bpes\u010dio poj\u016bt\u012f.<\/p>\n<p data-start=\"1974\" data-end=\"2279\"><strong data-start=\"1974\" data-end=\"2007\">Body Nutri Rich Care (200 ml)<\/strong> \u2013 atkuriamasis k\u016bno kremas su stangrinamuoju efektu.<br data-start=\"2060\" data-end=\"2063\" \/>Turtingos, aksomin\u0117s tekst\u016bros kremas maitina, dr\u0117kina ir stiprina od\u0105. Aktyv\u016bs ingredientai &#8211; omega-3, peptidai, hialurono r\u016bg\u0161tis ir ceramidai &#8211; atkuria odos strukt\u016br\u0105, pagerina elastingum\u0105 ir suteikia \u0161vyt\u0117jimo.<\/p>\n","protected":false},"excerpt":{"rendered":"<p><strong>Du i\u0161skirtin\u0117s kokyb\u0117s k\u016bno prie\u017ei\u016bros produktai &#8211; vienas \u0161velnus ritualas!<\/strong><\/p>\n<p>Lengvos du\u0161o putos ir maitinamasis k\u016bno kremas pavers j\u016bs\u0173 kasdien\u0119 prie\u017ei\u016br\u0105 subtiliu \u0161velnumo ir spindesio ritualu.<\/p>\n","protected":false},"featured_media":63775,"template":"","meta":[],"pwb-brand":[704],"product_brand":[],"product_cat":[765,756],"product_tag":[],"giftcard-category":[],"class_list":{"0":"post-55277","1":"product","2":"type-product","3":"status-publish","4":"has-post-thumbnail","6":"pwb-brand-reviderm","7":"product_cat-dovanu-ideja","8":"product_cat-rinkinys","10":"first","11":"instock","12":"taxable","13":"shipping-taxable","14":"purchasable","15":"product-type-simple"},"acf":[],"brands":[{"id":704,"name":"Reviderm","slug":"reviderm"}],"_links":{"self":[{"href":"https:\/\/skinstudio.ee\/lt\/wp-json\/wp\/v2\/product\/55277","targetHints":{"allow":["GET"]}}],"collection":[{"href":"https:\/\/skinstudio.ee\/lt\/wp-json\/wp\/v2\/product"}],"about":[{"href":"https:\/\/skinstudio.ee\/lt\/wp-json\/wp\/v2\/types\/product"}],"version-history":[{"count":0,"href":"https:\/\/skinstudio.ee\/lt\/wp-json\/wp\/v2\/product\/55277\/revisions"}],"wp:featuredmedia":[{"embeddable":true,"href":"https:\/\/skinstudio.ee\/lt\/wp-json\/wp\/v2\/media\/63775"}],"wp:attachment":[{"href":"https:\/\/skinstudio.ee\/lt\/wp-json\/wp\/v2\/media?parent=55277"}],"wp:term":[{"taxonomy":"pwb-brand","embeddable":true,"href":"https:\/\/skinstudio.ee\/lt\/wp-json\/wp\/v2\/pwb-brand?post=55277"},{"taxonomy":"product_brand","embeddable":true,"href":"https:\/\/skinstudio.ee\/lt\/wp-json\/wp\/v2\/product_brand?post=55277"},{"taxonomy":"product_cat","embeddable":true,"href":"https:\/\/skinstudio.ee\/lt\/wp-json\/wp\/v2\/product_cat?post=55277"},{"taxonomy":"product_tag","embeddable":true,"href":"https:\/\/skinstudio.ee\/lt\/wp-json\/wp\/v2\/product_tag?post=55277"},{"taxonomy":"giftcard-category","embeddable":true,"href":"https:\/\/skinstudio.ee\/lt\/wp-json\/wp\/v2\/giftcard-category?post=55277"}],"curies":[{"name":"wp","href":"https:\/\/api.w.org\/{rel}","templated":true}]}}