{"id":55298,"date":"2025-10-23T09:34:07","date_gmt":"2025-10-23T09:34:07","guid":{"rendered":"https:\/\/skinstudio.ee\/?post_type=product&#038;p=55298"},"modified":"2026-01-21T13:57:31","modified_gmt":"2026-01-21T13:57:31","slug":"glow-avenue","status":"publish","type":"product","link":"https:\/\/skinstudio.ee\/lt\/catalog\/reviderm\/glow-avenue\/","title":{"rendered":"Glow Avenue"},"content":{"rendered":"<p data-start=\"1731\" data-end=\"2079\">Pasinerkite \u012f jausmingos prie\u017ei\u016bros atmosfer\u0105 su Glow Avenue rinkiniu, sukurtu tiems, kurie nori atgaivinti nat\u016bral\u0173 odos spindes\u012f.<br data-start=\"1862\" data-end=\"1865\" \/>Du produktai, sujungti viena filosofija \u2013 \u0161vyt\u0117ti i\u0161 vidaus ir i\u0161or\u0117s.<br data-start=\"1935\" data-end=\"1938\" \/>Prabangi kauk\u0117 su momentiniu \u201eglow\u201c efektu ir intensyviai dr\u0117kinantis serumas veikia tandeme, atkurdami odos glotnum\u0105, gaivum\u0105 ir energij\u0105.<\/p>\n<p data-start=\"2081\" data-end=\"2101\"><strong data-start=\"2081\" data-end=\"2099\">Rinkinyje yra:<\/strong><\/p>\n<p data-start=\"2103\" data-end=\"2414\"><strong data-start=\"2103\" data-end=\"2128\">OPC Glow Mask (50 ml)<\/strong> \u2013 akimirksnio spindesio paslaptis.<br data-start=\"2163\" data-end=\"2166\" \/>Prabangi kauk\u0117 pa\u017eadina od\u0105, suteikdama jai \u0161velnumo, gaivumo ir \u0161viesos. Litopso ekstraktas, sviestmed\u017eio aliejus ir nat\u016bral\u016bs antioksidantai saugo od\u0105, glotnina ir suteikia \u0161ilkin\u012f poj\u016bt\u012f. Jau po pirmo naudojimo oda tampa \u0161vytinti ir gyvybinga.<\/p>\n<p data-start=\"2416\" data-end=\"2739\"><strong data-start=\"2416\" data-end=\"2453\">Hyaluron Hydro Balance HD (30 ml)<\/strong> \u2013 rafinuotas dr\u0117kinimas visais lygmenimis.<br data-start=\"2496\" data-end=\"2499\" \/>Intensyvus serumas su kry\u017eminiu hialurono r\u016bg\u0161ties polimeru akimirksniu atkuria odos dr\u0117gm\u0117s balans\u0105, padeda i\u0161laikyti dr\u0117gm\u0119 ir pagerina elastingum\u0105. Jis suteikia odai stangrumo, glotnumo ir gaivumo, pripildydamas j\u0105 \u0161vyt\u0117jimo i\u0161 vidaus.<\/p>\n","protected":false},"excerpt":{"rendered":"<p data-start=\"1513\" data-end=\"1698\"><strong>Sveiki atvyk\u0119 \u012f tobulo \u0161vyt\u0117jimo pasaul\u012f!<\/strong><\/p>\n<p data-start=\"1513\" data-end=\"1698\">\u010cia prasideda tavo prabangi gro\u017eio istorija.<\/p>\n<p data-start=\"1513\" data-end=\"1698\">Du pilno dyd\u017eio gro\u017eio lobiai suteiks tavo odai \u017evaig\u017ed\u0117t\u0105 spindes\u012f \u2013 atskleisk savo \u0161vyt\u0117jim\u0105.<\/p>\n","protected":false},"featured_media":63770,"template":"","meta":[],"pwb-brand":[704],"product_brand":[],"product_cat":[765,756],"product_tag":[],"giftcard-category":[],"class_list":{"0":"post-55298","1":"product","2":"type-product","3":"status-publish","4":"has-post-thumbnail","6":"pwb-brand-reviderm","7":"product_cat-dovanu-ideja","8":"product_cat-rinkinys","10":"first","11":"instock","12":"taxable","13":"shipping-taxable","14":"purchasable","15":"product-type-simple"},"acf":[],"brands":[{"id":704,"name":"Reviderm","slug":"reviderm"}],"_links":{"self":[{"href":"https:\/\/skinstudio.ee\/lt\/wp-json\/wp\/v2\/product\/55298","targetHints":{"allow":["GET"]}}],"collection":[{"href":"https:\/\/skinstudio.ee\/lt\/wp-json\/wp\/v2\/product"}],"about":[{"href":"https:\/\/skinstudio.ee\/lt\/wp-json\/wp\/v2\/types\/product"}],"version-history":[{"count":0,"href":"https:\/\/skinstudio.ee\/lt\/wp-json\/wp\/v2\/product\/55298\/revisions"}],"wp:featuredmedia":[{"embeddable":true,"href":"https:\/\/skinstudio.ee\/lt\/wp-json\/wp\/v2\/media\/63770"}],"wp:attachment":[{"href":"https:\/\/skinstudio.ee\/lt\/wp-json\/wp\/v2\/media?parent=55298"}],"wp:term":[{"taxonomy":"pwb-brand","embeddable":true,"href":"https:\/\/skinstudio.ee\/lt\/wp-json\/wp\/v2\/pwb-brand?post=55298"},{"taxonomy":"product_brand","embeddable":true,"href":"https:\/\/skinstudio.ee\/lt\/wp-json\/wp\/v2\/product_brand?post=55298"},{"taxonomy":"product_cat","embeddable":true,"href":"https:\/\/skinstudio.ee\/lt\/wp-json\/wp\/v2\/product_cat?post=55298"},{"taxonomy":"product_tag","embeddable":true,"href":"https:\/\/skinstudio.ee\/lt\/wp-json\/wp\/v2\/product_tag?post=55298"},{"taxonomy":"giftcard-category","embeddable":true,"href":"https:\/\/skinstudio.ee\/lt\/wp-json\/wp\/v2\/giftcard-category?post=55298"}],"curies":[{"name":"wp","href":"https:\/\/api.w.org\/{rel}","templated":true}]}}