{"id":55303,"date":"2025-07-30T10:54:39","date_gmt":"2025-07-30T10:54:39","guid":{"rendered":"https:\/\/skinstudio.ee\/?post_type=product&#038;p=55303"},"modified":"2026-03-19T09:52:20","modified_gmt":"2026-03-19T09:52:20","slug":"warming-honey-cleanser","status":"publish","type":"product","link":"https:\/\/skinstudio.ee\/lt\/catalog\/is-clinical\/warming-honey-cleanser\/","title":{"rendered":"Warming Honey Cleanser"},"content":{"rendered":"<p data-start=\"130\" data-end=\"456\"><strong data-start=\"130\" data-end=\"172\">Warming Honey Cleanser nuo iS Clinical<\/strong> yra profesionalus valomasis produktas su \u0161ildan\u010diu efektu, kuris u\u017etikrina gil\u0173 odos valym\u0105, \u0161veln\u0173 \u0161veitim\u0105 ir komfort\u0105 naudojimo metu. Formul\u0117 efektyviai pa\u0161alina ne\u0161varumus, riebal\u0173 pertekli\u0173 ir makia\u017eo liku\u010dius, nepa\u017eeisdama odos apsauginio barjero ir nesukeldama sausumo jausmo.<\/p>\n<p data-start=\"458\" data-end=\"822\">S\u0105lytyje su oda tekst\u016bra aktyvuojasi ir sukuria malon\u0173 \u0161ildant\u012f efekt\u0105, kuris padeda efektyviau i\u0161valyti od\u0105 ir palaiko mikrocirkuliacij\u0105. Nat\u016brali\u0173 komponent\u0173 ir ferment\u0173 kompleksas padeda pa\u0161alinti negyvas odos l\u0105steles, i\u0161lygina odos tekst\u016br\u0105 ir suteikia odai glotnumo, \u0161velnumo bei tolygesn\u0119 i\u0161vaizd\u0105. Po naudojimo oda atrodo gaivi, pri\u017ei\u016br\u0117ta ir subalansuota.<\/p>\n<p data-start=\"824\" data-end=\"1130\"><strong data-start=\"824\" data-end=\"859\">Aktyvi\u0173j\u0173 ingredient\u0173 poveikis:<\/strong><br \/>\n<strong data-start=\"860\" data-end=\"876\">Mel (medus):<\/strong> mink\u0161tina od\u0105, padeda palaikyti dr\u0117gm\u0117s balans\u0105 ir gerina odos i\u0161vaizd\u0105<br data-start=\"948\" data-end=\"951\" \/><strong data-start=\"951\" data-end=\"962\">Papain:<\/strong> \u0161velniai eksfolijuoja ir i\u0161lygina odos tekst\u016br\u0105<br data-start=\"1010\" data-end=\"1013\" \/><strong data-start=\"1013\" data-end=\"1065\">Camellia Sinensis Leaf Extract (\u017ealioji arbata):<\/strong> suteikia antioksidacin\u0119 apsaug\u0105 ir ma\u017eina odos streso po\u017eymius<\/p>\n<p data-start=\"1132\" data-end=\"1237\"><strong data-start=\"1132\" data-end=\"1171\">Kam skirtas Warming Honey Cleanser:<\/strong> vis\u0173 tip\u0173 odai, \u012fskaitant mi\u0161ri\u0105, riebi\u0105 ir \u012f akn\u0119 linkusi\u0105 od\u0105<\/p>\n<p data-start=\"1239\" data-end=\"1256\"><strong data-start=\"1239\" data-end=\"1256\">T\u016bris: 120 ml<\/strong><\/p>\n","protected":false},"excerpt":{"rendered":"<p data-start=\"1427\" data-end=\"1454\">\u0160ildantis valomasis gelis<\/p>\n<h2 data-start=\"1456\" data-end=\"1504\"><strong data-start=\"1456\" data-end=\"1504\">iS Clinical &#8211; Warming Honey Cleanser Savyb\u0117s<\/strong><\/h2>\n<p data-start=\"1506\" data-end=\"1700\">\u2714\ufe0f Giliai valo nepa\u017eeisdamas odos<br data-start=\"1539\" data-end=\"1542\" \/>\u2714\ufe0f Mink\u0161tina ir lygina odos tekst\u016br\u0105<br data-start=\"1578\" data-end=\"1581\" \/>\u2714\ufe0f U\u017etikrina \u0161veln\u0173 fermentin\u012f \u0161veitim\u0105<br data-start=\"1620\" data-end=\"1623\" \/>\u2714\ufe0f Palaiko odos balans\u0105 ir komfort\u0105<br data-start=\"1658\" data-end=\"1661\" \/>\u2714\ufe0f Suteikia odai glotnumo ir \u0161velnumo<\/p>\n","protected":false},"featured_media":39959,"template":"","meta":[],"pwb-brand":[1180],"product_brand":[],"product_cat":[718],"product_tag":[],"giftcard-category":[],"class_list":{"0":"post-55303","1":"product","2":"type-product","3":"status-publish","4":"has-post-thumbnail","6":"pwb-brand-is-clinical","7":"product_cat-valymas","9":"first","10":"instock","11":"taxable","12":"shipping-taxable","13":"purchasable","14":"product-type-simple"},"acf":[],"brands":[{"id":1180,"name":"IS CLINICAL","slug":"is-clinical"}],"_links":{"self":[{"href":"https:\/\/skinstudio.ee\/lt\/wp-json\/wp\/v2\/product\/55303","targetHints":{"allow":["GET"]}}],"collection":[{"href":"https:\/\/skinstudio.ee\/lt\/wp-json\/wp\/v2\/product"}],"about":[{"href":"https:\/\/skinstudio.ee\/lt\/wp-json\/wp\/v2\/types\/product"}],"version-history":[{"count":1,"href":"https:\/\/skinstudio.ee\/lt\/wp-json\/wp\/v2\/product\/55303\/revisions"}],"predecessor-version":[{"id":86800,"href":"https:\/\/skinstudio.ee\/lt\/wp-json\/wp\/v2\/product\/55303\/revisions\/86800"}],"wp:featuredmedia":[{"embeddable":true,"href":"https:\/\/skinstudio.ee\/lt\/wp-json\/wp\/v2\/media\/39959"}],"wp:attachment":[{"href":"https:\/\/skinstudio.ee\/lt\/wp-json\/wp\/v2\/media?parent=55303"}],"wp:term":[{"taxonomy":"pwb-brand","embeddable":true,"href":"https:\/\/skinstudio.ee\/lt\/wp-json\/wp\/v2\/pwb-brand?post=55303"},{"taxonomy":"product_brand","embeddable":true,"href":"https:\/\/skinstudio.ee\/lt\/wp-json\/wp\/v2\/product_brand?post=55303"},{"taxonomy":"product_cat","embeddable":true,"href":"https:\/\/skinstudio.ee\/lt\/wp-json\/wp\/v2\/product_cat?post=55303"},{"taxonomy":"product_tag","embeddable":true,"href":"https:\/\/skinstudio.ee\/lt\/wp-json\/wp\/v2\/product_tag?post=55303"},{"taxonomy":"giftcard-category","embeddable":true,"href":"https:\/\/skinstudio.ee\/lt\/wp-json\/wp\/v2\/giftcard-category?post=55303"}],"curies":[{"name":"wp","href":"https:\/\/api.w.org\/{rel}","templated":true}]}}