{"id":55308,"date":"2025-07-30T10:52:15","date_gmt":"2025-07-30T10:52:15","guid":{"rendered":"https:\/\/skinstudio.ee\/?post_type=product&#038;p=55308"},"modified":"2026-01-22T15:04:10","modified_gmt":"2026-01-22T15:04:10","slug":"warm-up-cool-down-set","status":"publish","type":"product","link":"https:\/\/skinstudio.ee\/lt\/catalog\/is-clinical\/warm-up-cool-down-set\/","title":{"rendered":"Warm Up Cool Down Set"},"content":{"rendered":"<p data-start=\"1619\" data-end=\"2041\">Tobulas prie\u017ei\u016bros sprendimas ie\u0161kantiems efektyvaus ir \u0161velnaus odos puosel\u0117jimo, derinan\u010dio intensyv\u0173 valym\u0105 ir gil\u0173 dr\u0117kinim\u0105 \u2013 <strong data-start=\"1757\" data-end=\"1791\">iS Clinical Warm Up, Cool Down<\/strong> SPA rinkinys. Rinkinyje yra du pilno dyd\u017eio geriausiai parduodami produktai: \u0161ildantis valomasis kremas su 40 % medaus ir papaino <strong data-start=\"1922\" data-end=\"1948\">Warming Honey Cleanser<\/strong> bei v\u0117sinamoji kauk\u0117 akimirksniui dr\u0117gmei ir komfortui <strong data-start=\"2004\" data-end=\"2038\">Hydra-Intensive Cooling Masque<\/strong>.<\/p>\n<p data-start=\"2043\" data-end=\"2217\">Nam\u0173 s\u0105lygomis gal\u0117site atlikti visavert\u012f gro\u017eio ritual\u0105 \u2013 \u0161ildan\u010di\u0105 ir v\u0117sinan\u010di\u0105 veido prie\u017ei\u016br\u0105 su iS Clinical, po kurios oda bus \u0161vari, prisotinta dr\u0117gm\u0117s ir spindinti.<\/p>\n<p data-start=\"2219\" data-end=\"2376\">\u012esigydami <strong data-start=\"2229\" data-end=\"2244\">iS Clinical<\/strong> medaus SPA rinkin\u012f veidui, gaunate ne tik du pilno dyd\u017eio produktus, bet ir prek\u0117s \u017eenklo populiariausi\u0173 priemoni\u0173 mini versijas.<\/p>\n","protected":false},"excerpt":{"rendered":"<p data-start=\"2905\" data-end=\"2944\">\u0160ildanti ir v\u0117sinanti veido prie\u017ei\u016bra<\/p>\n<h2 data-start=\"2946\" data-end=\"3180\"><strong data-start=\"2946\" data-end=\"3000\">\u012e rinkin\u012f iS Clinical Warm Up Cool Down Set \u012feina:<\/strong><\/h2>\n<p data-start=\"2946\" data-end=\"3180\" data-is-last-node=\"\" data-is-only-node=\"\">\u2714\ufe0f Warming Honey Cleanser 120 g<br data-start=\"3034\" data-end=\"3037\" \/>\u2714\ufe0f Hydra-Intensive Cooling Masque 120 g<br data-start=\"3076\" data-end=\"3079\" \/>\u2714\ufe0f Pro-Heal Serum Advance 3,75 ml<br data-start=\"3112\" data-end=\"3115\" \/>\u2714\ufe0f Hydra-Cool Serum 3,75 ml<br data-start=\"3142\" data-end=\"3145\" \/>\u2714\ufe0f Reparative Moisture Emulsion 2 g<\/p>\n","protected":false},"featured_media":63275,"template":"","meta":[],"pwb-brand":[1180],"product_brand":[],"product_cat":[765,756],"product_tag":[],"giftcard-category":[],"class_list":{"0":"post-55308","1":"product","2":"type-product","3":"status-publish","4":"has-post-thumbnail","6":"pwb-brand-is-clinical","7":"product_cat-dovanu-ideja","8":"product_cat-rinkinys","10":"first","11":"instock","12":"sale","13":"taxable","14":"shipping-taxable","15":"purchasable","16":"product-type-simple"},"acf":[],"brands":[{"id":1180,"name":"IS CLINICAL","slug":"is-clinical"}],"_links":{"self":[{"href":"https:\/\/skinstudio.ee\/lt\/wp-json\/wp\/v2\/product\/55308","targetHints":{"allow":["GET"]}}],"collection":[{"href":"https:\/\/skinstudio.ee\/lt\/wp-json\/wp\/v2\/product"}],"about":[{"href":"https:\/\/skinstudio.ee\/lt\/wp-json\/wp\/v2\/types\/product"}],"version-history":[{"count":0,"href":"https:\/\/skinstudio.ee\/lt\/wp-json\/wp\/v2\/product\/55308\/revisions"}],"wp:featuredmedia":[{"embeddable":true,"href":"https:\/\/skinstudio.ee\/lt\/wp-json\/wp\/v2\/media\/63275"}],"wp:attachment":[{"href":"https:\/\/skinstudio.ee\/lt\/wp-json\/wp\/v2\/media?parent=55308"}],"wp:term":[{"taxonomy":"pwb-brand","embeddable":true,"href":"https:\/\/skinstudio.ee\/lt\/wp-json\/wp\/v2\/pwb-brand?post=55308"},{"taxonomy":"product_brand","embeddable":true,"href":"https:\/\/skinstudio.ee\/lt\/wp-json\/wp\/v2\/product_brand?post=55308"},{"taxonomy":"product_cat","embeddable":true,"href":"https:\/\/skinstudio.ee\/lt\/wp-json\/wp\/v2\/product_cat?post=55308"},{"taxonomy":"product_tag","embeddable":true,"href":"https:\/\/skinstudio.ee\/lt\/wp-json\/wp\/v2\/product_tag?post=55308"},{"taxonomy":"giftcard-category","embeddable":true,"href":"https:\/\/skinstudio.ee\/lt\/wp-json\/wp\/v2\/giftcard-category?post=55308"}],"curies":[{"name":"wp","href":"https:\/\/api.w.org\/{rel}","templated":true}]}}