{"id":55315,"date":"2025-06-26T07:55:57","date_gmt":"2025-06-26T07:55:57","guid":{"rendered":"https:\/\/skinstudio.ee\/?post_type=product&#038;p=55315"},"modified":"2026-03-19T10:01:16","modified_gmt":"2026-03-19T10:01:16","slug":"extra-strength-active-peel-brightening-system","status":"publish","type":"product","link":"https:\/\/skinstudio.ee\/lt\/catalog\/is-clinical\/extra-strength-active-peel-brightening-system\/","title":{"rendered":"Extra Strength Active Peel Brightening System"},"content":{"rendered":"<p data-start=\"1883\" data-end=\"2239\"><strong data-start=\"1890\" data-end=\"1955\">Extra Strength Active Peel Brightening System nuo iS Clinical<\/strong> &#8211; tai profesionali dviej\u0173 etap\u0173 \u0161veitimo sistema, skirta naudoti namuose, kuri padeda atnaujinti od\u0105, suvienodinti jos ton\u0105 ir suteikti ry\u0161k\u0173 spindes\u012f. Formul\u0117 sujungia r\u016bg\u0161tis, antioksidantus ir pa\u017eangius aktyvius komponentus, u\u017etikrindama matom\u0105 rezultat\u0105 jau po pirmojo naudojimo.<\/p>\n<p data-start=\"2241\" data-end=\"2551\">Sistema veikia dviem etapais, u\u017etikrindama kompleksin\u012f poveik\u012f: pirmasis \u017eingsnis \u0161velniai pa\u0161alina negyvas odos l\u0105steles ir i\u0161lygina odos tekst\u016br\u0105, antrasis \u2014 intensyviai dr\u0117kina, ramina ir palaiko odos atsinaujinim\u0105. Oda tampa lygesn\u0117, gaivesn\u0117 ir labiau \u0161vytinti, su tolygesniu tonu ir pager\u0117jusia i\u0161vaizda.<\/p>\n<p data-start=\"2553\" data-end=\"2585\"><strong data-start=\"2553\" data-end=\"2585\">Aktyvi\u0173 komponent\u0173 veikimas:<\/strong><\/p>\n<p data-start=\"2587\" data-end=\"2676\"><strong data-start=\"2587\" data-end=\"2608\">AHA + BHA r\u016bg\u0161tys<\/strong>: \u0161velniai eksfolijuoja negyvas odos l\u0105steles ir i\u0161lygina tekst\u016br\u0105<\/p>\n<p data-start=\"2678\" data-end=\"2780\"><strong data-start=\"2678\" data-end=\"2705\">Extremozyme\u00ae Technology<\/strong>: padeda apsaugoti od\u0105 nuo aplinkos poveikio ir palaiko jos atsinaujinim\u0105<\/p>\n<p data-start=\"2782\" data-end=\"2859\"><strong data-start=\"2782\" data-end=\"2806\">Egzosomos + peptidai<\/strong>: padeda pagerinti odos elastingum\u0105 ir bendr\u0105 b\u016bkl\u0119<\/p>\n<p data-start=\"2861\" data-end=\"3048\"><strong data-start=\"2861\" data-end=\"2920\">Kam tinka Extra Strength Active Peel Brightening System<\/strong>: riebiai, mi\u0161riai, normaliai ir sausai odai su netolygiu tonu, papilk\u0117jimu, nelygia tekst\u016bra ir pirmaisiais sen\u0117jimo po\u017eymiais.<\/p>\n<p data-start=\"3050\" data-end=\"3076\"><strong data-start=\"3050\" data-end=\"3076\">T\u016bris: 1 vnt \/ 15 por\u0173<\/strong><\/p>\n","protected":false},"excerpt":{"rendered":"<p data-start=\"3431\" data-end=\"3473\">Dviej\u0173 etap\u0173 odos atnaujinantis \u0161veitiklis<\/p>\n<h2 data-start=\"3475\" data-end=\"3546\"><strong data-start=\"3475\" data-end=\"3546\">iS Clinical &#8211; Extra Strength Active Peel Brightening System Savyb\u0117s<\/strong><\/h2>\n<p data-start=\"3548\" data-end=\"3724\">\u2714\ufe0f Sulygina odos ton\u0105 ir tekst\u016br\u0105<br data-start=\"3581\" data-end=\"3584\" \/>\u2714\ufe0f Suteikia odai ry\u0161k\u0173 \u0161vyt\u0117jim\u0105<br data-start=\"3616\" data-end=\"3619\" \/>\u2714\ufe0f Ma\u017eina odos nelygumus<br data-start=\"3643\" data-end=\"3646\" \/>\u2714\ufe0f Intensyviai dr\u0117kina ir gaivina od\u0105<br data-start=\"3683\" data-end=\"3686\" \/>\u2714\ufe0f Palaiko odos apsaugines funkcijas<\/p>\n","protected":false},"featured_media":35532,"template":"","meta":[],"pwb-brand":[1180],"product_brand":[],"product_cat":[752,750,720],"product_tag":[],"giftcard-category":[],"class_list":{"0":"post-55315","1":"product","2":"type-product","3":"status-publish","4":"has-post-thumbnail","6":"pwb-brand-is-clinical","7":"product_cat-pigmentacija-lt","8":"product_cat-senstanti-oda","9":"product_cat-sveitikliai-ir-pilingai","11":"first","12":"instock","13":"taxable","14":"shipping-taxable","15":"purchasable","16":"product-type-variable"},"acf":[],"brands":[{"id":1180,"name":"IS CLINICAL","slug":"is-clinical"}],"_links":{"self":[{"href":"https:\/\/skinstudio.ee\/lt\/wp-json\/wp\/v2\/product\/55315","targetHints":{"allow":["GET"]}}],"collection":[{"href":"https:\/\/skinstudio.ee\/lt\/wp-json\/wp\/v2\/product"}],"about":[{"href":"https:\/\/skinstudio.ee\/lt\/wp-json\/wp\/v2\/types\/product"}],"version-history":[{"count":1,"href":"https:\/\/skinstudio.ee\/lt\/wp-json\/wp\/v2\/product\/55315\/revisions"}],"predecessor-version":[{"id":86808,"href":"https:\/\/skinstudio.ee\/lt\/wp-json\/wp\/v2\/product\/55315\/revisions\/86808"}],"wp:featuredmedia":[{"embeddable":true,"href":"https:\/\/skinstudio.ee\/lt\/wp-json\/wp\/v2\/media\/35532"}],"wp:attachment":[{"href":"https:\/\/skinstudio.ee\/lt\/wp-json\/wp\/v2\/media?parent=55315"}],"wp:term":[{"taxonomy":"pwb-brand","embeddable":true,"href":"https:\/\/skinstudio.ee\/lt\/wp-json\/wp\/v2\/pwb-brand?post=55315"},{"taxonomy":"product_brand","embeddable":true,"href":"https:\/\/skinstudio.ee\/lt\/wp-json\/wp\/v2\/product_brand?post=55315"},{"taxonomy":"product_cat","embeddable":true,"href":"https:\/\/skinstudio.ee\/lt\/wp-json\/wp\/v2\/product_cat?post=55315"},{"taxonomy":"product_tag","embeddable":true,"href":"https:\/\/skinstudio.ee\/lt\/wp-json\/wp\/v2\/product_tag?post=55315"},{"taxonomy":"giftcard-category","embeddable":true,"href":"https:\/\/skinstudio.ee\/lt\/wp-json\/wp\/v2\/giftcard-category?post=55315"}],"curies":[{"name":"wp","href":"https:\/\/api.w.org\/{rel}","templated":true}]}}