{"id":55340,"date":"2024-01-29T16:23:12","date_gmt":"2024-01-29T16:23:12","guid":{"rendered":"https:\/\/skinstudio.ee\/?post_type=product&#038;p=55340"},"modified":"2026-03-19T10:27:40","modified_gmt":"2026-03-19T10:27:40","slug":"moisturizing-complex","status":"publish","type":"product","link":"https:\/\/skinstudio.ee\/lt\/catalog\/is-clinical\/moisturizing-complex\/","title":{"rendered":"Moisturizing Complex"},"content":{"rendered":"<p data-start=\"1754\" data-end=\"2099\"><strong data-start=\"1761\" data-end=\"1801\">Moisturizing Complex nuo iS Clinical<\/strong> &#8211; tai intensyviai dr\u0117kinantis veido kremas, kuris giliai prisotina od\u0105 dr\u0117gme, atkuria jos apsaugin\u012f barjer\u0105 ir padeda i\u0161laikyti komfort\u0105 vis\u0105 dien\u0105. Formul\u0117 sujungia augalinius ingredientus, vitaminus ir antioksidantus, kurie gerina bendr\u0105 odos b\u016bkl\u0119 ir padeda apsaugoti j\u0105 nuo aplinkos poveikio.<\/p>\n<p data-start=\"2101\" data-end=\"2432\">Lengva, greitai \u012fsigerianti tekst\u016bra neapsunkina odos ir puikiai tinka kasdieniam naudojimui. Kremas padeda suma\u017einti sausum\u0105 ir tempimo poj\u016bt\u012f, daro od\u0105 \u0161velnesn\u0119 ir lygesn\u0119, taip pat vizualiai suvienodina odos ton\u0105. Reguliariai naudojant oda atrodo gaivesn\u0117, labiau pri\u017ei\u016br\u0117ta ir geriau sudr\u0117kinta, su nat\u016braliu sveiku \u0161vyt\u0117jimu.<\/p>\n<p data-start=\"2434\" data-end=\"2657\">Formul\u0117 taip pat stiprina odos apsaugin\u012f barjer\u0105, pad\u0117dama i\u0161laikyti dr\u0117gm\u0119 ir atsispirti i\u0161oriniams veiksniams. Tai universalus kremas, lengvai \u012fsiliejantis \u012f bet kuri\u0105 prie\u017ei\u016bros rutin\u0105 ir sustiprinantis bendr\u0105 rezultat\u0105.<\/p>\n<p data-start=\"2659\" data-end=\"2691\"><strong data-start=\"2659\" data-end=\"2691\">Aktyvi\u0173 komponent\u0173 veikimas:<\/strong><\/p>\n<p data-start=\"2693\" data-end=\"2768\"><strong data-start=\"2693\" data-end=\"2714\">Hialurono r\u016bg\u0161tis<\/strong>: intensyviai dr\u0117kina od\u0105 ir padeda i\u0161laikyti dr\u0117gm\u0119<\/p>\n<p data-start=\"2770\" data-end=\"2859\"><strong data-start=\"2770\" data-end=\"2802\">\u017daliosios arbatos ekstraktas<\/strong>: ramina od\u0105 ir padeda apsaugoti nuo oksidacinio streso<\/p>\n<p data-start=\"2861\" data-end=\"2932\"><strong data-start=\"2861\" data-end=\"2880\">Vitaminai A + E<\/strong>: gerina odos b\u016bkl\u0119 ir suteikia sveikesn\u0119 i\u0161vaizd\u0105<\/p>\n<p data-start=\"2934\" data-end=\"3080\"><strong data-start=\"2934\" data-end=\"2968\">Kam tinka Moisturizing Complex<\/strong>: visiems odos tipams, \u012fskaitant jautri\u0105 od\u0105, su dehidratacija, papilk\u0117jimu ir susilpn\u0117jusiu apsauginiu barjeru.<\/p>\n<p data-start=\"3082\" data-end=\"3097\"><strong data-start=\"3082\" data-end=\"3097\">T\u016bris: 50 g<\/strong><\/p>\n","protected":false},"excerpt":{"rendered":"<p data-start=\"3184\" data-end=\"3209\">Dr\u0117kinamasis veido kremas<\/p>\n<h2 data-start=\"3211\" data-end=\"3257\"><strong data-start=\"3211\" data-end=\"3257\">iS Clinical &#8211; Moisturizing Complex Savyb\u0117s<\/strong><\/h2>\n<p data-start=\"3259\" data-end=\"3483\">\u2714\ufe0f Intensyviai dr\u0117kina ir pa\u0161alina sausum\u0105<br data-start=\"3301\" data-end=\"3304\" \/>\u2714\ufe0f Palieka od\u0105 \u0161velni\u0105, lygi\u0105 ir pri\u017ei\u016br\u0117t\u0105<br data-start=\"3347\" data-end=\"3350\" \/>\u2714\ufe0f Suvienodina odos ton\u0105 ir suteikia \u0161vyt\u0117jimo<br data-start=\"3396\" data-end=\"3399\" \/>\u2714\ufe0f Stiprina odos apsaugin\u012f barjer\u0105<br data-start=\"3433\" data-end=\"3436\" \/>\u2714\ufe0f Padeda apsaugoti od\u0105 nuo aplinkos poveikio<\/p>\n","protected":false},"featured_media":55341,"template":"","meta":[],"pwb-brand":[1180],"product_brand":[],"product_cat":[738,746,750,748],"product_tag":[],"giftcard-category":[],"class_list":{"0":"post-55340","1":"product","2":"type-product","3":"status-publish","4":"has-post-thumbnail","6":"pwb-brand-is-clinical","7":"product_cat-drekinimas","8":"product_cat-jautriai-odai","9":"product_cat-senstanti-oda","10":"product_cat-taukainai-adai-lt","12":"first","13":"instock","14":"taxable","15":"shipping-taxable","16":"purchasable","17":"product-type-simple"},"acf":[],"brands":[{"id":1180,"name":"IS CLINICAL","slug":"is-clinical"}],"_links":{"self":[{"href":"https:\/\/skinstudio.ee\/lt\/wp-json\/wp\/v2\/product\/55340","targetHints":{"allow":["GET"]}}],"collection":[{"href":"https:\/\/skinstudio.ee\/lt\/wp-json\/wp\/v2\/product"}],"about":[{"href":"https:\/\/skinstudio.ee\/lt\/wp-json\/wp\/v2\/types\/product"}],"version-history":[{"count":1,"href":"https:\/\/skinstudio.ee\/lt\/wp-json\/wp\/v2\/product\/55340\/revisions"}],"predecessor-version":[{"id":86818,"href":"https:\/\/skinstudio.ee\/lt\/wp-json\/wp\/v2\/product\/55340\/revisions\/86818"}],"wp:featuredmedia":[{"embeddable":true,"href":"https:\/\/skinstudio.ee\/lt\/wp-json\/wp\/v2\/media\/55341"}],"wp:attachment":[{"href":"https:\/\/skinstudio.ee\/lt\/wp-json\/wp\/v2\/media?parent=55340"}],"wp:term":[{"taxonomy":"pwb-brand","embeddable":true,"href":"https:\/\/skinstudio.ee\/lt\/wp-json\/wp\/v2\/pwb-brand?post=55340"},{"taxonomy":"product_brand","embeddable":true,"href":"https:\/\/skinstudio.ee\/lt\/wp-json\/wp\/v2\/product_brand?post=55340"},{"taxonomy":"product_cat","embeddable":true,"href":"https:\/\/skinstudio.ee\/lt\/wp-json\/wp\/v2\/product_cat?post=55340"},{"taxonomy":"product_tag","embeddable":true,"href":"https:\/\/skinstudio.ee\/lt\/wp-json\/wp\/v2\/product_tag?post=55340"},{"taxonomy":"giftcard-category","embeddable":true,"href":"https:\/\/skinstudio.ee\/lt\/wp-json\/wp\/v2\/giftcard-category?post=55340"}],"curies":[{"name":"wp","href":"https:\/\/api.w.org\/{rel}","templated":true}]}}