{"id":55353,"date":"2023-12-02T09:32:40","date_gmt":"2023-12-02T09:32:40","guid":{"rendered":"https:\/\/skinstudio.ee\/?post_type=product&#038;p=55353"},"modified":"2026-03-19T10:23:35","modified_gmt":"2026-03-19T10:23:35","slug":"retinol-emulsion-0-3","status":"publish","type":"product","link":"https:\/\/skinstudio.ee\/lt\/catalog\/is-clinical\/retinol-emulsion-0-3\/","title":{"rendered":"Retinol+ Emulsion 0.3"},"content":{"rendered":"<p data-start=\"1993\" data-end=\"2327\"><strong data-start=\"2000\" data-end=\"2041\">Retinol+ Emulsion 0.3 nuo iS Clinical<\/strong> &#8211; tai auk\u0161to efektyvumo retinolio emulsija, skirta odos atnaujinimui, tekst\u016bros gerinimui ir matom\u0173 sen\u0117jimo po\u017eymi\u0173 ma\u017einimui. Formul\u0117 sujungia augalin\u0117s kilm\u0117s retinol\u012f su aktyviais komponentais, padedan\u010diais suvienodinti odos ton\u0105, i\u0161lyginti pavir\u0161i\u0173 ir suteikti nat\u016bral\u0173 \u0161vyt\u0117jim\u0105.<\/p>\n<p data-start=\"2329\" data-end=\"2630\">Retinolis yra kapsuliuotas bioidenti\u0161kuose lipiduose, tod\u0117l i\u0161siskiria palaipsniui ir veikia \u0161velniau. Tai pagerina naudojimo komfort\u0105 ir suma\u017eina sudirginimo rizik\u0105. Formul\u0119 papildo Extremozyme\u00ae Technology &#8211; ferment\u0173 kompleksas, kuris padeda apsaugoti od\u0105 nuo aplinkos poveikio ir oksidacinio streso.<\/p>\n<p data-start=\"2632\" data-end=\"2751\">Reguliariai naudojant oda tampa lygesn\u0117, stangresn\u0117 ir vizualiai atsinaujinusi, pager\u0117ja jos tekst\u016bra ir bendras tonas.<\/p>\n<p data-start=\"2753\" data-end=\"2785\"><strong data-start=\"2753\" data-end=\"2785\">Aktyvi\u0173 komponent\u0173 veikimas:<\/strong><\/p>\n<p data-start=\"2787\" data-end=\"2876\"><strong data-start=\"2787\" data-end=\"2819\">Retinolis (augalin\u0117s kilm\u0117s)<\/strong>: skatina odos atsinaujinim\u0105 ir padeda ma\u017einti rauk\u0161les<\/p>\n<p data-start=\"2878\" data-end=\"2952\"><strong data-start=\"2878\" data-end=\"2891\">Bakuchiol<\/strong>: sustiprina retinolio poveik\u012f ir pagerina odos tolerancij\u0105<\/p>\n<p data-start=\"2954\" data-end=\"3059\"><strong data-start=\"2954\" data-end=\"2990\">Ectoin + Extremozyme\u00ae Technology<\/strong>: padeda apsaugoti od\u0105 nuo streso veiksni\u0173 ir palaiko atsinaujinim\u0105<\/p>\n<p data-start=\"3061\" data-end=\"3232\"><strong data-start=\"3061\" data-end=\"3096\">Kam tinka Retinol+ Emulsion 0.3<\/strong>: normaliai, mi\u0161riai ir riebiai odai su pirmaisiais sen\u0117jimo po\u017eymiais, nelygia tekst\u016bra ir papilk\u0117jimu; nerekomenduojama jautriai odai.<\/p>\n<p data-start=\"3234\" data-end=\"3249\"><strong data-start=\"3234\" data-end=\"3249\">T\u016bris: 30 g<\/strong><\/p>\n","protected":false},"excerpt":{"rendered":"<p data-start=\"3534\" data-end=\"3570\">Retinolio emulsija odos atnaujinimui<\/p>\n<h2 data-start=\"3572\" data-end=\"3619\"><strong data-start=\"3572\" data-end=\"3619\">iS Clinical &#8211; Retinol+ Emulsion 0.3 Savyb\u0117s<\/strong><\/h2>\n<p data-start=\"3621\" data-end=\"3835\">\u2714\ufe0f Lygina odos tekst\u016br\u0105 ir daro j\u0105 glotnesn\u0119<br data-start=\"3665\" data-end=\"3668\" \/>\u2714\ufe0f Ma\u017eina matomas rauk\u0161les ir linijas<br data-start=\"3705\" data-end=\"3708\" \/>\u2714\ufe0f \u0160viesina od\u0105 ir suvienodina ton\u0105<br data-start=\"3743\" data-end=\"3746\" \/>\u2714\ufe0f Didina odos stangrum\u0105 ir elastingum\u0105<br data-start=\"3785\" data-end=\"3788\" \/>\u2714\ufe0f Padeda apsaugoti od\u0105 nuo aplinkos poveikio<\/p>\n","protected":false},"featured_media":63335,"template":"","meta":[],"pwb-brand":[1180],"product_brand":[],"product_cat":[752,750,724,728],"product_tag":[],"giftcard-category":[],"class_list":{"0":"post-55353","1":"product","2":"type-product","3":"status-publish","4":"has-post-thumbnail","6":"pwb-brand-is-clinical","7":"product_cat-pigmentacija-lt","8":"product_cat-senstanti-oda","9":"product_cat-serumai","10":"product_cat-vitaminas-a-retinolis","12":"first","13":"instock","14":"taxable","15":"shipping-taxable","16":"purchasable","17":"product-type-simple"},"acf":[],"brands":[{"id":1180,"name":"IS CLINICAL","slug":"is-clinical"}],"_links":{"self":[{"href":"https:\/\/skinstudio.ee\/lt\/wp-json\/wp\/v2\/product\/55353","targetHints":{"allow":["GET"]}}],"collection":[{"href":"https:\/\/skinstudio.ee\/lt\/wp-json\/wp\/v2\/product"}],"about":[{"href":"https:\/\/skinstudio.ee\/lt\/wp-json\/wp\/v2\/types\/product"}],"version-history":[{"count":1,"href":"https:\/\/skinstudio.ee\/lt\/wp-json\/wp\/v2\/product\/55353\/revisions"}],"predecessor-version":[{"id":86813,"href":"https:\/\/skinstudio.ee\/lt\/wp-json\/wp\/v2\/product\/55353\/revisions\/86813"}],"wp:featuredmedia":[{"embeddable":true,"href":"https:\/\/skinstudio.ee\/lt\/wp-json\/wp\/v2\/media\/63335"}],"wp:attachment":[{"href":"https:\/\/skinstudio.ee\/lt\/wp-json\/wp\/v2\/media?parent=55353"}],"wp:term":[{"taxonomy":"pwb-brand","embeddable":true,"href":"https:\/\/skinstudio.ee\/lt\/wp-json\/wp\/v2\/pwb-brand?post=55353"},{"taxonomy":"product_brand","embeddable":true,"href":"https:\/\/skinstudio.ee\/lt\/wp-json\/wp\/v2\/product_brand?post=55353"},{"taxonomy":"product_cat","embeddable":true,"href":"https:\/\/skinstudio.ee\/lt\/wp-json\/wp\/v2\/product_cat?post=55353"},{"taxonomy":"product_tag","embeddable":true,"href":"https:\/\/skinstudio.ee\/lt\/wp-json\/wp\/v2\/product_tag?post=55353"},{"taxonomy":"giftcard-category","embeddable":true,"href":"https:\/\/skinstudio.ee\/lt\/wp-json\/wp\/v2\/giftcard-category?post=55353"}],"curies":[{"name":"wp","href":"https:\/\/api.w.org\/{rel}","templated":true}]}}