{"id":55367,"date":"2023-05-24T17:57:37","date_gmt":"2023-05-24T17:57:37","guid":{"rendered":"https:\/\/skinstudio.ee\/?post_type=product&#038;p=55367"},"modified":"2026-03-19T10:37:55","modified_gmt":"2026-03-19T10:37:55","slug":"brightening-serum","status":"publish","type":"product","link":"https:\/\/skinstudio.ee\/lt\/catalog\/is-clinical\/brightening-serum\/","title":{"rendered":"Brightening Serum"},"content":{"rendered":"<p data-start=\"2135\" data-end=\"2468\"><strong data-start=\"2142\" data-end=\"2179\">Brightening Serum nuo iS Clinical<\/strong> &#8211; tai auk\u0161to efektyvumo \u0161viesinantis serumas, kuris padeda suma\u017einti pigmentacij\u0105, suvienodinti odos ton\u0105 ir suteikti jai ry\u0161kesnio \u0161vyt\u0117jimo. Formul\u0117 sujungia augalinius ingredientus ir aktyvius komponentus, kurie \u0161velniai atnaujina od\u0105 ir tuo pa\u010diu veikia hiperpigmentacijos prie\u017eastis.<\/p>\n<p data-start=\"2470\" data-end=\"2823\">Serumas u\u017etikrina kontroliuojam\u0105 eksfoliacij\u0105, skatindamas laipsni\u0161k\u0105 odos atsinaujinim\u0105 ir gerindamas jos tekst\u016br\u0105. Aktyvios med\u017eiagos padeda suma\u017einti tiek lokalias pigmentines d\u0117mes, tiek netolyg\u0173 odos ton\u0105, tod\u0117l oda tampa lygesn\u0117, \u0161varesn\u0117 ir vizualiai tolygesn\u0117. Reguliariai naudojant oda atrodo gaivesn\u0117, labiau pri\u017ei\u016br\u0117ta ir pastebimai \u0161vytinti.<\/p>\n<p data-start=\"2825\" data-end=\"3066\">Lengva tekst\u016bra greitai \u012fsigeria ir neapsunkina odos, tod\u0117l serumas gali b\u016bti naudojamas tiek visam veidui, tiek lokaliai pigmentacijos zonose. Formul\u0117 padeda palaikyti tolygesn\u012f odos ton\u0105 ir ma\u017eina nauj\u0173 pigmentini\u0173 d\u0117mi\u0173 atsiradimo rizik\u0105.<\/p>\n<p data-start=\"3068\" data-end=\"3100\"><strong data-start=\"3068\" data-end=\"3100\">Aktyvi\u0173 komponent\u0173 veikimas:<\/strong><\/p>\n<ul data-start=\"3102\" data-end=\"3386\">\n<li data-section-id=\"yi41d5\" data-start=\"3102\" data-end=\"3222\">\n<p data-start=\"3104\" data-end=\"3222\"><strong data-start=\"3104\" data-end=\"3157\">Alpha-Arbutin + augalinis \u0161viesinantis kompleksas<\/strong>: ma\u017eina pigmentacij\u0105 ir padeda i\u0161vengti nauj\u0173 d\u0117mi\u0173 atsiradimo<\/p>\n<\/li>\n<li data-section-id=\"ax1qkf\" data-start=\"3223\" data-end=\"3304\">\n<p data-start=\"3225\" data-end=\"3304\"><strong data-start=\"3225\" data-end=\"3253\">Bilberry (nat\u016bral\u016bs AHA)<\/strong>: \u0161velniai eksfolijuoja ir i\u0161lygina odos tekst\u016br\u0105<\/p>\n<\/li>\n<li data-section-id=\"1496q62\" data-start=\"3305\" data-end=\"3386\">\n<p data-start=\"3307\" data-end=\"3386\"><strong data-start=\"3307\" data-end=\"3344\">Norwegian Kelp + gryb\u0173 ekstraktas<\/strong>: gerina odos ton\u0105 ir suteikia \u0161vyt\u0117jimo<\/p>\n<\/li>\n<\/ul>\n<p data-start=\"3388\" data-end=\"3535\"><strong data-start=\"3388\" data-end=\"3419\">Kam tinka Brightening Serum<\/strong>: odai su pigmentacija, postakne, netolygiu tonu ir papilk\u0117jimu; nerekomenduojama jautriai odai su pa\u017eeistu barjeru.<\/p>\n<p data-start=\"3537\" data-end=\"3553\"><strong data-start=\"3537\" data-end=\"3553\">T\u016bris: 15 ml<\/strong><\/p>\n","protected":false},"excerpt":{"rendered":"<p data-start=\"3901\" data-end=\"3927\">\u0160viesinantis veido serumas<\/p>\n<h2 data-start=\"3929\" data-end=\"3972\"><strong data-start=\"3929\" data-end=\"3972\">iS Clinical &#8211; Brightening Serum Savyb\u0117s<\/strong><\/h2>\n<p data-start=\"3974\" data-end=\"4183\">\u2714\ufe0f Ma\u017eina pigmentacij\u0105 ir postaknes \u017eymes<br data-start=\"4015\" data-end=\"4018\" \/>\u2714\ufe0f Suvienodina odos ton\u0105 ir gerina jos i\u0161vaizd\u0105<br data-start=\"4065\" data-end=\"4068\" \/>\u2714\ufe0f Suteikia odai ry\u0161k\u0173 \u0161vyt\u0117jim\u0105<br data-start=\"4100\" data-end=\"4103\" \/>\u2714\ufe0f Skatina odos atsinaujinim\u0105 eksfoliacijos b\u016bdu<br data-start=\"4151\" data-end=\"4154\" \/>\u2714\ufe0f Gerina bendr\u0105 odos b\u016bkl\u0119<\/p>\n","protected":false},"featured_media":55369,"template":"","meta":[],"pwb-brand":[1180],"product_brand":[],"product_cat":[738,746,752,740,750,724,748],"product_tag":[],"giftcard-category":[],"class_list":{"0":"post-55367","1":"product","2":"type-product","3":"status-publish","4":"has-post-thumbnail","6":"pwb-brand-is-clinical","7":"product_cat-drekinimas","8":"product_cat-jautriai-odai","9":"product_cat-pigmentacija-lt","10":"product_cat-sausai-odai","11":"product_cat-senstanti-oda","12":"product_cat-serumai","13":"product_cat-taukainai-adai-lt","15":"first","16":"instock","17":"taxable","18":"shipping-taxable","19":"purchasable","20":"product-type-simple"},"acf":[],"brands":[{"id":1180,"name":"IS CLINICAL","slug":"is-clinical"}],"_links":{"self":[{"href":"https:\/\/skinstudio.ee\/lt\/wp-json\/wp\/v2\/product\/55367","targetHints":{"allow":["GET"]}}],"collection":[{"href":"https:\/\/skinstudio.ee\/lt\/wp-json\/wp\/v2\/product"}],"about":[{"href":"https:\/\/skinstudio.ee\/lt\/wp-json\/wp\/v2\/types\/product"}],"version-history":[{"count":2,"href":"https:\/\/skinstudio.ee\/lt\/wp-json\/wp\/v2\/product\/55367\/revisions"}],"predecessor-version":[{"id":86833,"href":"https:\/\/skinstudio.ee\/lt\/wp-json\/wp\/v2\/product\/55367\/revisions\/86833"}],"wp:featuredmedia":[{"embeddable":true,"href":"https:\/\/skinstudio.ee\/lt\/wp-json\/wp\/v2\/media\/55369"}],"wp:attachment":[{"href":"https:\/\/skinstudio.ee\/lt\/wp-json\/wp\/v2\/media?parent=55367"}],"wp:term":[{"taxonomy":"pwb-brand","embeddable":true,"href":"https:\/\/skinstudio.ee\/lt\/wp-json\/wp\/v2\/pwb-brand?post=55367"},{"taxonomy":"product_brand","embeddable":true,"href":"https:\/\/skinstudio.ee\/lt\/wp-json\/wp\/v2\/product_brand?post=55367"},{"taxonomy":"product_cat","embeddable":true,"href":"https:\/\/skinstudio.ee\/lt\/wp-json\/wp\/v2\/product_cat?post=55367"},{"taxonomy":"product_tag","embeddable":true,"href":"https:\/\/skinstudio.ee\/lt\/wp-json\/wp\/v2\/product_tag?post=55367"},{"taxonomy":"giftcard-category","embeddable":true,"href":"https:\/\/skinstudio.ee\/lt\/wp-json\/wp\/v2\/giftcard-category?post=55367"}],"curies":[{"name":"wp","href":"https:\/\/api.w.org\/{rel}","templated":true}]}}