{"id":55379,"date":"2023-05-24T17:57:37","date_gmt":"2023-05-24T17:57:37","guid":{"rendered":"https:\/\/skinstudio.ee\/?post_type=product&#038;p=55379"},"modified":"2026-03-19T10:32:23","modified_gmt":"2026-03-19T10:32:23","slug":"active-peel-system","status":"publish","type":"product","link":"https:\/\/skinstudio.ee\/lt\/catalog\/is-clinical\/active-peel-system\/","title":{"rendered":"Active Peel System"},"content":{"rendered":"<p data-start=\"1874\" data-end=\"2194\"><strong data-start=\"1881\" data-end=\"1919\">Active Peel System nuo iS Clinical<\/strong> &#8211; tai auk\u0161to efektyvumo dviej\u0173 etap\u0173 \u0161veitimo sistema, skirta naudoti namuose, suteikianti matom\u0105 odos atsinaujinim\u0105 ir profesionalaus lygio rezultat\u0105. Formul\u0117 skirta intensyviai eksfoliacijai, odos tekst\u016bros gerinimui ir tolygesnio tono pasiekimui jau po pirm\u0173j\u0173 naudojim\u0173.<\/p>\n<p data-start=\"2196\" data-end=\"2476\">Sistema veikia dviem etapais: pirmasis \u017eingsnis aktyviai pa\u0161alina negyvas odos l\u0105steles ir pagreitina atsinaujinim\u0105, antrasis \u2014 padeda atkurti balans\u0105, giliai dr\u0117kina ir ramina od\u0105 po r\u016bg\u0161\u010di\u0173 poveikio. Oda tampa akivaizd\u017eiai lygesn\u0117, tolygesn\u0117 ir gaivesn\u0117, su ry\u0161kesniu \u0161vyt\u0117jimu.<\/p>\n<p data-start=\"2478\" data-end=\"2600\">Naudojimo metu gali pasireik\u0161ti lengvas dilg\u010diojimas ir v\u0117sinantis poj\u016btis \u2014 tai normali reakcija, rodanti aktyv\u0173 poveik\u012f.<\/p>\n<p data-start=\"2602\" data-end=\"2634\"><strong data-start=\"2602\" data-end=\"2634\">Aktyvi\u0173 komponent\u0173 veikimas:<\/strong><\/p>\n<ul data-start=\"2636\" data-end=\"2919\">\n<li data-section-id=\"1pegefy\" data-start=\"2636\" data-end=\"2732\">\n<p data-start=\"2638\" data-end=\"2732\"><strong data-start=\"2638\" data-end=\"2678\">AHA + BHA r\u016bg\u0161tys (augalin\u0117s kilm\u0117s)<\/strong>: intensyviai eksfolijuoja ir i\u0161lygina odos tekst\u016br\u0105<\/p>\n<\/li>\n<li data-section-id=\"16e7o5p\" data-start=\"2733\" data-end=\"2833\">\n<p data-start=\"2735\" data-end=\"2833\"><strong data-start=\"2735\" data-end=\"2762\">Extremozyme\u00ae Technology<\/strong>: padeda apsaugoti od\u0105 nuo aplinkos poveikio ir skatina atsinaujinim\u0105<\/p>\n<\/li>\n<li data-section-id=\"u2k73r\" data-start=\"2834\" data-end=\"2919\">\n<p data-start=\"2836\" data-end=\"2919\"><strong data-start=\"2836\" data-end=\"2878\">Augaliniai ekstraktai + antioksidantai<\/strong>: ramina od\u0105 ir gerina jos bendr\u0105 b\u016bkl\u0119<\/p>\n<\/li>\n<\/ul>\n<p data-start=\"2921\" data-end=\"3080\"><strong data-start=\"2921\" data-end=\"2953\">Kam tinka Active Peel System<\/strong>: visiems odos tipams, i\u0161skyrus jautri\u0105 od\u0105, su netolygiu tonu, \u0161iurk\u0161\u010dia tekst\u016bra, postakne ir pirmaisiais sen\u0117jimo po\u017eymiais.<\/p>\n<p data-start=\"3082\" data-end=\"3118\"><strong data-start=\"3082\" data-end=\"3118\">T\u016bris: 1 vnt \/ 15 por\u0173 (pakuot\u0117)<\/strong><\/p>\n","protected":false},"excerpt":{"rendered":"<p data-start=\"3327\" data-end=\"3378\">Dviej\u0173 etap\u0173 intensyvus r\u016bg\u0161tinis \u0161veitiklis veidui<\/p>\n<h2 data-start=\"3380\" data-end=\"3424\"><strong data-start=\"3380\" data-end=\"3424\">iS Clinical &#8211; Active Peel System Savyb\u0117s<\/strong><\/h2>\n<p data-start=\"3426\" data-end=\"3637\">\u2714\ufe0f Suteikia stipr\u0173 odos atsinaujinimo efekt\u0105<br data-start=\"3470\" data-end=\"3473\" \/>\u2714\ufe0f Lygina tekst\u016br\u0105 ir suvienodina odos ton\u0105<br data-start=\"3516\" data-end=\"3519\" \/>\u2714\ufe0f Suteikia odai ry\u0161k\u0173 \u0161vyt\u0117jim\u0105<br data-start=\"3551\" data-end=\"3554\" \/>\u2714\ufe0f Ma\u017eina postakne ir nelygumus<br data-start=\"3585\" data-end=\"3588\" \/>\u2714\ufe0f Palieka od\u0105 akivaizd\u017eiai lygesn\u0119 ir gaivesn\u0119<\/p>\n","protected":false},"featured_media":79680,"template":"","meta":[],"pwb-brand":[1180],"product_brand":[],"product_cat":[742,744,752,750,720,748],"product_tag":[],"giftcard-category":[],"class_list":{"0":"post-55379","1":"product","2":"type-product","3":"status-publish","4":"has-post-thumbnail","6":"pwb-brand-is-clinical","7":"product_cat-berimai","8":"product_cat-issipletusios-poros","9":"product_cat-pigmentacija-lt","10":"product_cat-senstanti-oda","11":"product_cat-sveitikliai-ir-pilingai","12":"product_cat-taukainai-adai-lt","14":"first","15":"instock","16":"taxable","17":"shipping-taxable","18":"purchasable","19":"product-type-variable"},"acf":[],"brands":[{"id":1180,"name":"IS CLINICAL","slug":"is-clinical"}],"_links":{"self":[{"href":"https:\/\/skinstudio.ee\/lt\/wp-json\/wp\/v2\/product\/55379","targetHints":{"allow":["GET"]}}],"collection":[{"href":"https:\/\/skinstudio.ee\/lt\/wp-json\/wp\/v2\/product"}],"about":[{"href":"https:\/\/skinstudio.ee\/lt\/wp-json\/wp\/v2\/types\/product"}],"version-history":[{"count":1,"href":"https:\/\/skinstudio.ee\/lt\/wp-json\/wp\/v2\/product\/55379\/revisions"}],"predecessor-version":[{"id":86823,"href":"https:\/\/skinstudio.ee\/lt\/wp-json\/wp\/v2\/product\/55379\/revisions\/86823"}],"wp:featuredmedia":[{"embeddable":true,"href":"https:\/\/skinstudio.ee\/lt\/wp-json\/wp\/v2\/media\/79680"}],"wp:attachment":[{"href":"https:\/\/skinstudio.ee\/lt\/wp-json\/wp\/v2\/media?parent=55379"}],"wp:term":[{"taxonomy":"pwb-brand","embeddable":true,"href":"https:\/\/skinstudio.ee\/lt\/wp-json\/wp\/v2\/pwb-brand?post=55379"},{"taxonomy":"product_brand","embeddable":true,"href":"https:\/\/skinstudio.ee\/lt\/wp-json\/wp\/v2\/product_brand?post=55379"},{"taxonomy":"product_cat","embeddable":true,"href":"https:\/\/skinstudio.ee\/lt\/wp-json\/wp\/v2\/product_cat?post=55379"},{"taxonomy":"product_tag","embeddable":true,"href":"https:\/\/skinstudio.ee\/lt\/wp-json\/wp\/v2\/product_tag?post=55379"},{"taxonomy":"giftcard-category","embeddable":true,"href":"https:\/\/skinstudio.ee\/lt\/wp-json\/wp\/v2\/giftcard-category?post=55379"}],"curies":[{"name":"wp","href":"https:\/\/api.w.org\/{rel}","templated":true}]}}